{"id":2,"date":"2021-05-19T20:40:43","date_gmt":"2021-05-19T18:40:43","guid":{"rendered":"https:\/\/38ppp.de\/tessa\/?page_id=2"},"modified":"2021-09-01T01:17:53","modified_gmt":"2021-08-31T23:17:53","slug":"beispiel-seite","status":"publish","type":"page","link":"https:\/\/38ppp.de\/tessa\/beispiel-seite\/","title":{"rendered":"Beispiel-Seite"},"content":{"rendered":"<div data-colibri-id=\"2-c1\" class=\"style-193 style-local-2-c1 position-relative\">\n  \n  <div data-colibri-component=\"section\" data-colibri-id=\"2-c2\" id=\"initial-content\" class=\"h-section h-section-global-spacing d-flex align-items-lg-center align-items-md-center align-items-center style-194 style-local-2-c2 position-relative\">\n    \n    \n    <div class=\"h-section-grid-container h-section-boxed-container\">\n      \n      <div data-colibri-id=\"2-c3\" class=\"h-row-container gutters-row-lg-2 gutters-row-md-2 gutters-row-0 gutters-row-v-lg-2 gutters-row-v-md-2 gutters-row-v-2 style-231 style-local-2-c3 position-relative\">\n        \n        <div class=\"h-row justify-content-lg-center justify-content-md-center justify-content-center align-items-lg-stretch align-items-md-stretch align-items-stretch gutters-col-lg-2 gutters-col-md-2 gutters-col-0 gutters-col-v-lg-2 gutters-col-v-md-2 gutters-col-v-2\">\n          \n          <div class=\"h-column h-column-container d-flex h-col-lg-auto h-col-md-auto h-col-auto style-232-outer style-local-2-c4-outer\">\n            <div data-colibri-id=\"2-c4\" class=\"d-flex h-flex-basis h-column__inner h-px-lg-2 h-px-md-2 h-px-2 v-inner-lg-2 v-inner-md-2 v-inner-2 style-232 style-local-2-c4 position-relative\">\n              \n              \n              <div class=\"w-100 h-y-container h-column__content h-column__v-align flex-basis-100 align-self-lg-start align-self-md-start align-self-start\">\n                \n                <div data-colibri-id=\"2-c5\" class=\"d-block style-286 style-local-2-c5 position-relative h-element\">\n                  \n                  <div class=\"h-image__frame-container-outer\">\n                    <div class=\"h-image__frame-container\">\n                      \n                      \n                      <img decoding=\"async\" src=\"https:\/\/38ppp.de\/tessa\/wp-content\/uploads\/sites\/22\/2021\/08\/cropped-DSCN2967-scaled-1-300x300.jpg\" class=\"style-286-image style-local-2-c5-image\">\n                      <div class=\"h-image__frame h-hide-lg h-hide-md h-hide-sm style-286-frameImage style-local-2-c5-frameImage\"><\/div>\n                    <\/div>\n                  <\/div>\n                <\/div>\n              <\/div>\n            <\/div>\n          <\/div>\n          <div class=\"h-column h-column-container d-flex h-col-lg-auto h-col-md-auto h-col-auto style-287-outer style-local-2-c6-outer\">\n            <div data-colibri-id=\"2-c6\" class=\"d-flex h-flex-basis h-column__inner h-px-lg-2 h-px-md-2 h-px-2 v-inner-lg-2 v-inner-md-2 v-inner-2 style-287 style-local-2-c6 position-relative\">\n              \n              \n              <div class=\"w-100 h-y-container h-column__content h-column__v-align flex-basis-100 align-self-lg-start align-self-md-start align-self-start\">\n                \n                <div data-colibri-id=\"2-c7\" class=\"h-text h-text-component style-288 style-local-2-c7 position-relative h-element\">\n                  \n                  \n                  <div class=\"\">\n                    <p>Willkommen Ihr alle!\n                      <br>\n                    <\/p>\n                    <p>Die aller meisten kennen mich ja, deshalb will ich hier gar nicht zu viel unn\u00f6tiges erz\u00e4hlen \ud83d\ude42\n                      <br>Ich bin Tessa, 23 Jahre alt (zum Zeitpunkt der Ausreise), Friseurmeisterin und Wirtschaftspsychologie-Studentin! Ich habe es bisher leider nur bis zum dritten Semester geschafft, denn dann hie\u00df es f\u00fcr mich ABFLUG. Und zwar in die\n                      USA!\n                      <br>Ihr k\u00f6nnt euch vorstellen, wie surreal das f\u00fcr mich ist, dass es endlich mal geklappt hat aus Deutschland rauszukommen. Sch\u00fcleraustausch, Erasmus, Israel &#8211; bisher war nichts von Erfolg gekr\u00f6nt. Aber deshalb k\u00f6nnt ihr jetzt umso mehr\n                      davon ausgehen, dass ich nicht zur\u00fcckkommen werde, ehe das Jahr rum ist! Haha!\n                      <br>Und auch Corona bekommt mich hier nicht weggeekelt!\n                      <br>\n                    <\/p>\n                  <\/div>\n                <\/div>\n              <\/div>\n            <\/div>\n          <\/div>\n        <\/div>\n      <\/div>\n    <\/div>\n  <\/div>\n<\/div>","protected":false},"excerpt":{"rendered":"<p>Willkommen Ihr alle! Die aller meisten kennen mich ja, deshalb will ich hier gar nicht zu viel unn\u00f6tiges erz\u00e4hlen \ud83d\ude42 Ich bin Tessa, 23 Jahre alt (zum Zeitpunkt der Ausreise), Friseurmeisterin und Wirtschaftspsychologie-Studentin! Ich habe es bisher leider nur bis zum dritten Semester geschafft, denn dann hie\u00df es f\u00fcr mich ABFLUG. Und zwar in die [&hellip;]<\/p>\n","protected":false},"author":22,"featured_media":0,"parent":0,"menu_order":0,"comment_status":"closed","ping_status":"open","template":"page-templates\/full-width-page.php","meta":{"_themeisle_gutenberg_block_has_review":false,"footnotes":"","_links_to":"","_links_to_target":""},"class_list":["post-2","page","type-page","status-publish","hentry"],"yoast_head":"<!-- This site is optimized with the Yoast SEO plugin v26.8 - https:\/\/yoast.com\/product\/yoast-seo-wordpress\/ -->\n<title>Beispiel-Seite - Tess&#039; in the U.S.<\/title>\n<meta name=\"robots\" content=\"index, follow, max-snippet:-1, max-image-preview:large, max-video-preview:-1\" \/>\n<link rel=\"canonical\" href=\"https:\/\/38ppp.de\/tessa\/beispiel-seite\/\" \/>\n<meta property=\"og:locale\" content=\"de_DE\" \/>\n<meta property=\"og:type\" content=\"article\" \/>\n<meta property=\"og:title\" content=\"Beispiel-Seite - Tess&#039; in the U.S.\" \/>\n<meta property=\"og:description\" content=\"Willkommen Ihr alle! Die aller meisten kennen mich ja, deshalb will ich hier gar nicht zu viel unn\u00f6tiges erz\u00e4hlen \ud83d\ude42 Ich bin Tessa, 23 Jahre alt (zum Zeitpunkt der Ausreise), Friseurmeisterin und Wirtschaftspsychologie-Studentin! Ich habe es bisher leider nur bis zum dritten Semester geschafft, denn dann hie\u00df es f\u00fcr mich ABFLUG. Und zwar in die [&hellip;]\" \/>\n<meta property=\"og:url\" content=\"https:\/\/38ppp.de\/tessa\/beispiel-seite\/\" \/>\n<meta property=\"og:site_name\" content=\"Tess&#039; in the U.S.\" \/>\n<meta property=\"article:modified_time\" content=\"2021-08-31T23:17:53+00:00\" \/>\n<meta property=\"og:image\" content=\"https:\/\/38ppp.de\/tessa\/wp-content\/uploads\/sites\/22\/2021\/08\/cropped-DSCN2967-scaled-1-300x300.jpg\" \/>\n<meta name=\"twitter:card\" content=\"summary_large_image\" \/>\n<meta name=\"twitter:label1\" content=\"Gesch\u00e4tzte Lesezeit\" \/>\n\t<meta name=\"twitter:data1\" content=\"1\u00a0Minute\" \/>\n<script type=\"application\/ld+json\" class=\"yoast-schema-graph\">{\"@context\":\"https:\/\/schema.org\",\"@graph\":[{\"@type\":\"WebPage\",\"@id\":\"https:\/\/38ppp.de\/tessa\/beispiel-seite\/\",\"url\":\"https:\/\/38ppp.de\/tessa\/beispiel-seite\/\",\"name\":\"Beispiel-Seite - Tess' in the U.S.\",\"isPartOf\":{\"@id\":\"https:\/\/38ppp.de\/tessa\/#website\"},\"primaryImageOfPage\":{\"@id\":\"https:\/\/38ppp.de\/tessa\/beispiel-seite\/#primaryimage\"},\"image\":{\"@id\":\"https:\/\/38ppp.de\/tessa\/beispiel-seite\/#primaryimage\"},\"thumbnailUrl\":\"https:\/\/38ppp.de\/tessa\/wp-content\/uploads\/sites\/22\/2021\/08\/cropped-DSCN2967-scaled-1-300x300.jpg\",\"datePublished\":\"2021-05-19T18:40:43+00:00\",\"dateModified\":\"2021-08-31T23:17:53+00:00\",\"breadcrumb\":{\"@id\":\"https:\/\/38ppp.de\/tessa\/beispiel-seite\/#breadcrumb\"},\"inLanguage\":\"de\",\"potentialAction\":[{\"@type\":\"ReadAction\",\"target\":[\"https:\/\/38ppp.de\/tessa\/beispiel-seite\/\"]}]},{\"@type\":\"ImageObject\",\"inLanguage\":\"de\",\"@id\":\"https:\/\/38ppp.de\/tessa\/beispiel-seite\/#primaryimage\",\"url\":\"https:\/\/38ppp.de\/tessa\/wp-content\/uploads\/sites\/22\/2021\/08\/cropped-DSCN2967-scaled-1-300x300.jpg\",\"contentUrl\":\"https:\/\/38ppp.de\/tessa\/wp-content\/uploads\/sites\/22\/2021\/08\/cropped-DSCN2967-scaled-1-300x300.jpg\"},{\"@type\":\"BreadcrumbList\",\"@id\":\"https:\/\/38ppp.de\/tessa\/beispiel-seite\/#breadcrumb\",\"itemListElement\":[{\"@type\":\"ListItem\",\"position\":1,\"name\":\"Startseite\",\"item\":\"https:\/\/38ppp.de\/tessa\/\"},{\"@type\":\"ListItem\",\"position\":2,\"name\":\"Beispiel-Seite\"}]},{\"@type\":\"WebSite\",\"@id\":\"https:\/\/38ppp.de\/tessa\/#website\",\"url\":\"https:\/\/38ppp.de\/tessa\/\",\"name\":\"Tess' in the U.S.\",\"description\":\"Eine weitere 38. Parlamentarisches Patenschafts-Programm Websites Website\",\"publisher\":{\"@id\":\"https:\/\/38ppp.de\/tessa\/#organization\"},\"potentialAction\":[{\"@type\":\"SearchAction\",\"target\":{\"@type\":\"EntryPoint\",\"urlTemplate\":\"https:\/\/38ppp.de\/tessa\/?s={search_term_string}\"},\"query-input\":{\"@type\":\"PropertyValueSpecification\",\"valueRequired\":true,\"valueName\":\"search_term_string\"}}],\"inLanguage\":\"de\"},{\"@type\":\"Organization\",\"@id\":\"https:\/\/38ppp.de\/tessa\/#organization\",\"name\":\"Tess' in the U.S.\",\"url\":\"https:\/\/38ppp.de\/tessa\/\",\"logo\":{\"@type\":\"ImageObject\",\"inLanguage\":\"de\",\"@id\":\"https:\/\/38ppp.de\/tessa\/#\/schema\/logo\/image\/\",\"url\":\"https:\/\/38ppp.de\/tessa\/wp-content\/uploads\/sites\/22\/2021\/08\/cropped-f267z5aw-scaled-1.jpeg\",\"contentUrl\":\"https:\/\/38ppp.de\/tessa\/wp-content\/uploads\/sites\/22\/2021\/08\/cropped-f267z5aw-scaled-1.jpeg\",\"width\":1707,\"height\":1707,\"caption\":\"Tess' in the U.S.\"},\"image\":{\"@id\":\"https:\/\/38ppp.de\/tessa\/#\/schema\/logo\/image\/\"}}]}<\/script>\n<!-- \/ Yoast SEO plugin. -->","yoast_head_json":{"title":"Beispiel-Seite - Tess' in the U.S.","robots":{"index":"index","follow":"follow","max-snippet":"max-snippet:-1","max-image-preview":"max-image-preview:large","max-video-preview":"max-video-preview:-1"},"canonical":"https:\/\/38ppp.de\/tessa\/beispiel-seite\/","og_locale":"de_DE","og_type":"article","og_title":"Beispiel-Seite - Tess' in the U.S.","og_description":"Willkommen Ihr alle! Die aller meisten kennen mich ja, deshalb will ich hier gar nicht zu viel unn\u00f6tiges erz\u00e4hlen \ud83d\ude42 Ich bin Tessa, 23 Jahre alt (zum Zeitpunkt der Ausreise), Friseurmeisterin und Wirtschaftspsychologie-Studentin! Ich habe es bisher leider nur bis zum dritten Semester geschafft, denn dann hie\u00df es f\u00fcr mich ABFLUG. Und zwar in die [&hellip;]","og_url":"https:\/\/38ppp.de\/tessa\/beispiel-seite\/","og_site_name":"Tess' in the U.S.","article_modified_time":"2021-08-31T23:17:53+00:00","og_image":[{"url":"https:\/\/38ppp.de\/tessa\/wp-content\/uploads\/sites\/22\/2021\/08\/cropped-DSCN2967-scaled-1-300x300.jpg","type":"","width":"","height":""}],"twitter_card":"summary_large_image","twitter_misc":{"Gesch\u00e4tzte Lesezeit":"1\u00a0Minute"},"schema":{"@context":"https:\/\/schema.org","@graph":[{"@type":"WebPage","@id":"https:\/\/38ppp.de\/tessa\/beispiel-seite\/","url":"https:\/\/38ppp.de\/tessa\/beispiel-seite\/","name":"Beispiel-Seite - Tess' in the U.S.","isPartOf":{"@id":"https:\/\/38ppp.de\/tessa\/#website"},"primaryImageOfPage":{"@id":"https:\/\/38ppp.de\/tessa\/beispiel-seite\/#primaryimage"},"image":{"@id":"https:\/\/38ppp.de\/tessa\/beispiel-seite\/#primaryimage"},"thumbnailUrl":"https:\/\/38ppp.de\/tessa\/wp-content\/uploads\/sites\/22\/2021\/08\/cropped-DSCN2967-scaled-1-300x300.jpg","datePublished":"2021-05-19T18:40:43+00:00","dateModified":"2021-08-31T23:17:53+00:00","breadcrumb":{"@id":"https:\/\/38ppp.de\/tessa\/beispiel-seite\/#breadcrumb"},"inLanguage":"de","potentialAction":[{"@type":"ReadAction","target":["https:\/\/38ppp.de\/tessa\/beispiel-seite\/"]}]},{"@type":"ImageObject","inLanguage":"de","@id":"https:\/\/38ppp.de\/tessa\/beispiel-seite\/#primaryimage","url":"https:\/\/38ppp.de\/tessa\/wp-content\/uploads\/sites\/22\/2021\/08\/cropped-DSCN2967-scaled-1-300x300.jpg","contentUrl":"https:\/\/38ppp.de\/tessa\/wp-content\/uploads\/sites\/22\/2021\/08\/cropped-DSCN2967-scaled-1-300x300.jpg"},{"@type":"BreadcrumbList","@id":"https:\/\/38ppp.de\/tessa\/beispiel-seite\/#breadcrumb","itemListElement":[{"@type":"ListItem","position":1,"name":"Startseite","item":"https:\/\/38ppp.de\/tessa\/"},{"@type":"ListItem","position":2,"name":"Beispiel-Seite"}]},{"@type":"WebSite","@id":"https:\/\/38ppp.de\/tessa\/#website","url":"https:\/\/38ppp.de\/tessa\/","name":"Tess' in the U.S.","description":"Eine weitere 38. Parlamentarisches Patenschafts-Programm Websites Website","publisher":{"@id":"https:\/\/38ppp.de\/tessa\/#organization"},"potentialAction":[{"@type":"SearchAction","target":{"@type":"EntryPoint","urlTemplate":"https:\/\/38ppp.de\/tessa\/?s={search_term_string}"},"query-input":{"@type":"PropertyValueSpecification","valueRequired":true,"valueName":"search_term_string"}}],"inLanguage":"de"},{"@type":"Organization","@id":"https:\/\/38ppp.de\/tessa\/#organization","name":"Tess' in the U.S.","url":"https:\/\/38ppp.de\/tessa\/","logo":{"@type":"ImageObject","inLanguage":"de","@id":"https:\/\/38ppp.de\/tessa\/#\/schema\/logo\/image\/","url":"https:\/\/38ppp.de\/tessa\/wp-content\/uploads\/sites\/22\/2021\/08\/cropped-f267z5aw-scaled-1.jpeg","contentUrl":"https:\/\/38ppp.de\/tessa\/wp-content\/uploads\/sites\/22\/2021\/08\/cropped-f267z5aw-scaled-1.jpeg","width":1707,"height":1707,"caption":"Tess' in the U.S."},"image":{"@id":"https:\/\/38ppp.de\/tessa\/#\/schema\/logo\/image\/"}}]}},"_links":{"self":[{"href":"https:\/\/38ppp.de\/tessa\/wp-json\/wp\/v2\/pages\/2","targetHints":{"allow":["GET"]}}],"collection":[{"href":"https:\/\/38ppp.de\/tessa\/wp-json\/wp\/v2\/pages"}],"about":[{"href":"https:\/\/38ppp.de\/tessa\/wp-json\/wp\/v2\/types\/page"}],"author":[{"embeddable":true,"href":"https:\/\/38ppp.de\/tessa\/wp-json\/wp\/v2\/users\/22"}],"replies":[{"embeddable":true,"href":"https:\/\/38ppp.de\/tessa\/wp-json\/wp\/v2\/comments?post=2"}],"version-history":[{"count":4,"href":"https:\/\/38ppp.de\/tessa\/wp-json\/wp\/v2\/pages\/2\/revisions"}],"predecessor-version":[{"id":169,"href":"https:\/\/38ppp.de\/tessa\/wp-json\/wp\/v2\/pages\/2\/revisions\/169"}],"wp:attachment":[{"href":"https:\/\/38ppp.de\/tessa\/wp-json\/wp\/v2\/media?parent=2"}],"curies":[{"name":"wp","href":"https:\/\/api.w.org\/{rel}","templated":true}]}}