{"id":4,"date":"2021-07-15T21:46:31","date_gmt":"2021-07-15T19:46:31","guid":{"rendered":"https:\/\/38ppp.de\/noura\/?page_id=4"},"modified":"2021-07-15T21:49:56","modified_gmt":"2021-07-15T19:49:56","slug":"__trashed","status":"publish","type":"page","link":"https:\/\/38ppp.de\/noura\/__trashed\/","title":{"rendered":"About me"},"content":{"rendered":"\n<p>Hallo, ich bin Noura! Ich komme aus dem Landkreis M\u00fcnchen und berichte hier \u00fcber mein Abenteuer in den USA mit dem PPP. Ich hoffe es gef\u00e4llt euch. \ud83d\ude42<\/p>\n\n\n\n<p>Blog ist noch in Bearbeitung&#8230;<\/p>\n","protected":false},"excerpt":{"rendered":"<p>Hallo, ich bin Noura! Ich komme aus dem Landkreis M\u00fcnchen und berichte hier \u00fcber mein Abenteuer in den USA mit dem PPP. Ich hoffe es gef\u00e4llt euch. \ud83d\ude42 Blog ist noch in Bearbeitung&#8230;<\/p>\n","protected":false},"author":24,"featured_media":0,"parent":0,"menu_order":0,"comment_status":"closed","ping_status":"closed","template":"","meta":{"_themeisle_gutenberg_block_has_review":false,"footnotes":"","_links_to":"","_links_to_target":""},"class_list":["post-4","page","type-page","status-publish","hentry"],"yoast_head":"<!-- This site is optimized with the Yoast SEO plugin v26.8 - https:\/\/yoast.com\/product\/yoast-seo-wordpress\/ -->\n<title>- Noura&#039;s Jahr in den USA :) %<\/title>\n<meta name=\"robots\" content=\"index, follow, max-snippet:-1, max-image-preview:large, max-video-preview:-1\" \/>\n<link rel=\"canonical\" href=\"https:\/\/38ppp.de\/noura\/__trashed\/\" \/>\n<meta property=\"og:locale\" content=\"de_DE\" \/>\n<meta property=\"og:type\" content=\"article\" \/>\n<meta property=\"og:title\" content=\"- Noura&#039;s Jahr in den USA :) %\" \/>\n<meta property=\"og:description\" content=\"Hallo, ich bin Noura! Ich komme aus dem Landkreis M\u00fcnchen und berichte hier \u00fcber mein Abenteuer in den USA mit dem PPP. Ich hoffe es gef\u00e4llt euch. \ud83d\ude42 Blog ist noch in Bearbeitung&#8230;\" \/>\n<meta property=\"og:url\" content=\"https:\/\/38ppp.de\/noura\/__trashed\/\" \/>\n<meta property=\"og:site_name\" content=\"Noura&#039;s Jahr in den USA :)\" \/>\n<meta property=\"article:modified_time\" content=\"2021-07-15T19:49:56+00:00\" \/>\n<meta name=\"twitter:card\" content=\"summary_large_image\" \/>\n<meta name=\"twitter:label1\" content=\"Gesch\u00e4tzte Lesezeit\" \/>\n\t<meta name=\"twitter:data1\" content=\"1\u00a0Minute\" \/>\n<script type=\"application\/ld+json\" class=\"yoast-schema-graph\">{\"@context\":\"https:\/\/schema.org\",\"@graph\":[{\"@type\":\"WebPage\",\"@id\":\"https:\/\/38ppp.de\/noura\/__trashed\/\",\"url\":\"https:\/\/38ppp.de\/noura\/__trashed\/\",\"name\":\"- Noura's Jahr in den USA :) %\",\"isPartOf\":{\"@id\":\"https:\/\/38ppp.de\/noura\/#website\"},\"datePublished\":\"2021-07-15T19:46:31+00:00\",\"dateModified\":\"2021-07-15T19:49:56+00:00\",\"breadcrumb\":{\"@id\":\"https:\/\/38ppp.de\/noura\/__trashed\/#breadcrumb\"},\"inLanguage\":\"de\",\"potentialAction\":[{\"@type\":\"ReadAction\",\"target\":[\"https:\/\/38ppp.de\/noura\/__trashed\/\"]}]},{\"@type\":\"BreadcrumbList\",\"@id\":\"https:\/\/38ppp.de\/noura\/__trashed\/#breadcrumb\",\"itemListElement\":[{\"@type\":\"ListItem\",\"position\":1,\"name\":\"Startseite\",\"item\":\"https:\/\/38ppp.de\/noura\/\"},{\"@type\":\"ListItem\",\"position\":2,\"name\":\"About me\"}]},{\"@type\":\"WebSite\",\"@id\":\"https:\/\/38ppp.de\/noura\/#website\",\"url\":\"https:\/\/38ppp.de\/noura\/\",\"name\":\"Noura's Jahr in den USA :)\",\"description\":\"Eine weitere 38. Parlamentarisches Patenschafts-Programm Websites Website\",\"potentialAction\":[{\"@type\":\"SearchAction\",\"target\":{\"@type\":\"EntryPoint\",\"urlTemplate\":\"https:\/\/38ppp.de\/noura\/?s={search_term_string}\"},\"query-input\":{\"@type\":\"PropertyValueSpecification\",\"valueRequired\":true,\"valueName\":\"search_term_string\"}}],\"inLanguage\":\"de\"}]}<\/script>\n<!-- \/ Yoast SEO plugin. -->","yoast_head_json":{"title":"- Noura's Jahr in den USA :) %","robots":{"index":"index","follow":"follow","max-snippet":"max-snippet:-1","max-image-preview":"max-image-preview:large","max-video-preview":"max-video-preview:-1"},"canonical":"https:\/\/38ppp.de\/noura\/__trashed\/","og_locale":"de_DE","og_type":"article","og_title":"- Noura's Jahr in den USA :) %","og_description":"Hallo, ich bin Noura! Ich komme aus dem Landkreis M\u00fcnchen und berichte hier \u00fcber mein Abenteuer in den USA mit dem PPP. Ich hoffe es gef\u00e4llt euch. \ud83d\ude42 Blog ist noch in Bearbeitung&#8230;","og_url":"https:\/\/38ppp.de\/noura\/__trashed\/","og_site_name":"Noura's Jahr in den USA :)","article_modified_time":"2021-07-15T19:49:56+00:00","twitter_card":"summary_large_image","twitter_misc":{"Gesch\u00e4tzte Lesezeit":"1\u00a0Minute"},"schema":{"@context":"https:\/\/schema.org","@graph":[{"@type":"WebPage","@id":"https:\/\/38ppp.de\/noura\/__trashed\/","url":"https:\/\/38ppp.de\/noura\/__trashed\/","name":"- Noura's Jahr in den USA :) %","isPartOf":{"@id":"https:\/\/38ppp.de\/noura\/#website"},"datePublished":"2021-07-15T19:46:31+00:00","dateModified":"2021-07-15T19:49:56+00:00","breadcrumb":{"@id":"https:\/\/38ppp.de\/noura\/__trashed\/#breadcrumb"},"inLanguage":"de","potentialAction":[{"@type":"ReadAction","target":["https:\/\/38ppp.de\/noura\/__trashed\/"]}]},{"@type":"BreadcrumbList","@id":"https:\/\/38ppp.de\/noura\/__trashed\/#breadcrumb","itemListElement":[{"@type":"ListItem","position":1,"name":"Startseite","item":"https:\/\/38ppp.de\/noura\/"},{"@type":"ListItem","position":2,"name":"About me"}]},{"@type":"WebSite","@id":"https:\/\/38ppp.de\/noura\/#website","url":"https:\/\/38ppp.de\/noura\/","name":"Noura's Jahr in den USA :)","description":"Eine weitere 38. Parlamentarisches Patenschafts-Programm Websites Website","potentialAction":[{"@type":"SearchAction","target":{"@type":"EntryPoint","urlTemplate":"https:\/\/38ppp.de\/noura\/?s={search_term_string}"},"query-input":{"@type":"PropertyValueSpecification","valueRequired":true,"valueName":"search_term_string"}}],"inLanguage":"de"}]}},"_links":{"self":[{"href":"https:\/\/38ppp.de\/noura\/wp-json\/wp\/v2\/pages\/4","targetHints":{"allow":["GET"]}}],"collection":[{"href":"https:\/\/38ppp.de\/noura\/wp-json\/wp\/v2\/pages"}],"about":[{"href":"https:\/\/38ppp.de\/noura\/wp-json\/wp\/v2\/types\/page"}],"author":[{"embeddable":true,"href":"https:\/\/38ppp.de\/noura\/wp-json\/wp\/v2\/users\/24"}],"replies":[{"embeddable":true,"href":"https:\/\/38ppp.de\/noura\/wp-json\/wp\/v2\/comments?post=4"}],"version-history":[{"count":3,"href":"https:\/\/38ppp.de\/noura\/wp-json\/wp\/v2\/pages\/4\/revisions"}],"predecessor-version":[{"id":11,"href":"https:\/\/38ppp.de\/noura\/wp-json\/wp\/v2\/pages\/4\/revisions\/11"}],"wp:attachment":[{"href":"https:\/\/38ppp.de\/noura\/wp-json\/wp\/v2\/media?parent=4"}],"curies":[{"name":"wp","href":"https:\/\/api.w.org\/{rel}","templated":true}]}}