{"id":2,"date":"2021-05-07T18:15:44","date_gmt":"2021-05-07T16:15:44","guid":{"rendered":"https:\/\/38ppp.de\/usamoritz\/?page_id=2"},"modified":"2023-01-07T13:58:17","modified_gmt":"2023-01-07T12:58:17","slug":"ueber-mich","status":"publish","type":"page","link":"https:\/\/38ppp.de\/moritz\/ueber-mich\/","title":{"rendered":"\u00dcber mich"},"content":{"rendered":"<div class=\"wp-block-image\">\n<figure class=\"alignleft size-medium\"><img loading=\"lazy\" decoding=\"async\" width=\"214\" height=\"300\" src=\"https:\/\/38ppp.de\/usamoritz\/wp-content\/uploads\/sites\/18\/2021\/05\/Foto_Rudrof-Moritz-214x300.jpg\" alt=\"Portr\u00e4t von Moritz Rudrof\" class=\"wp-image-88\" srcset=\"https:\/\/38ppp.de\/moritz\/wp-content\/uploads\/sites\/18\/2021\/05\/Foto_Rudrof-Moritz-214x300.jpg 214w, https:\/\/38ppp.de\/moritz\/wp-content\/uploads\/sites\/18\/2021\/05\/Foto_Rudrof-Moritz-731x1024.jpg 731w, https:\/\/38ppp.de\/moritz\/wp-content\/uploads\/sites\/18\/2021\/05\/Foto_Rudrof-Moritz-768x1075.jpg 768w, https:\/\/38ppp.de\/moritz\/wp-content\/uploads\/sites\/18\/2021\/05\/Foto_Rudrof-Moritz-1097x1536.jpg 1097w, https:\/\/38ppp.de\/moritz\/wp-content\/uploads\/sites\/18\/2021\/05\/Foto_Rudrof-Moritz-1463x2048.jpg 1463w, https:\/\/38ppp.de\/moritz\/wp-content\/uploads\/sites\/18\/2021\/05\/Foto_Rudrof-Moritz-1568x2195.jpg 1568w, https:\/\/38ppp.de\/moritz\/wp-content\/uploads\/sites\/18\/2021\/05\/Foto_Rudrof-Moritz-scaled.jpg 1829w\" sizes=\"auto, (max-width: 214px) 100vw, 214px\" \/><\/figure><\/div>\n\n\n<p>Servus miteinander,<\/p>\n\n\n\n<p>mein Name ist Moritz Rudrof, ich war bei Programmbeginn 22 Jahre alt und wohne in Waischenfeld in der Fr\u00e4nkischen Schweiz nahe Bayreuth.<\/p>\n\n\n\n<p>Da ich meiner Heimat sehr verbunden bin, engagiere ich mich im \u00f6rtlichen Burschenverein und arbeite am Wochenende nebenbei in einem Biergarten. In meiner Freizeit trifft man mich h\u00e4ufig als Fu\u00dfball-Schiedsrichter auf den Sportpl\u00e4tzen der Region, beim Gleitschirmfliegen oder Skifahren in den Bergen und beim Entspannen im Freibad an.<\/p>\n\n\n\n<p>Nachdem ich im Januar 2021 meine Ausbildung zum Bauzeichner erfolgreich abgeschlossen habe, wurde ich von <a href=\"http:\/\/silkelaunert.de\/\" target=\"_blank\" rel=\"noreferrer noopener\">MdB Dr. Silke Launert<\/a> im Wahlkreis 237 Bayreuth f\u00fcr die Rolle als Junior-Botschafter nominiert. Und jetzt bietet sich mir die einzigartige Gelegenheit, die USA im Rahmen des Parlamentarischen Patenschafts-Programms kennenzulernen.<\/p>\n\n\n\n<p>Wenn ihr mehr \u00fcber das Programm oder mich erfahren m\u00f6chtet, traut euch mit mir in <a href=\"https:\/\/38ppp.de\/moritz\/kontakt\/\">Kontakt<\/a> zu treten, ich gebe gerne Auskunft \ud83d\ude42<\/p>\n\n\n\n<p>Bis dahin w\u00fcnsche ich euch viel Spa\u00df auf meinem Blog!<\/p>\n","protected":false},"excerpt":{"rendered":"<p>Servus miteinander, mein Name ist Moritz Rudrof, ich war bei Programmbeginn 22 Jahre alt und wohne in Waischenfeld in der Fr\u00e4nkischen Schweiz nahe Bayreuth. Da ich meiner Heimat sehr verbunden bin, engagiere ich mich im \u00f6rtlichen Burschenverein und arbeite am Wochenende nebenbei in einem Biergarten. In meiner Freizeit trifft man mich h\u00e4ufig als Fu\u00dfball-Schiedsrichter auf &hellip; <\/p>\n<p class=\"link-more\"><a href=\"https:\/\/38ppp.de\/moritz\/ueber-mich\/\" class=\"more-link\"><span class=\"screen-reader-text\">\u201e\u00dcber mich\u201c <\/span>weiterlesen<\/a><\/p>\n","protected":false},"author":18,"featured_media":0,"parent":0,"menu_order":0,"comment_status":"closed","ping_status":"open","template":"","meta":{"_themeisle_gutenberg_block_has_review":false,"footnotes":"","_links_to":"","_links_to_target":""},"class_list":["post-2","page","type-page","status-publish","hentry"],"yoast_head":"<!-- This site is optimized with the Yoast SEO plugin v26.8 - https:\/\/yoast.com\/product\/yoast-seo-wordpress\/ -->\n<title>\u00dcber mich - Moritz in den USA<\/title>\n<meta name=\"robots\" content=\"index, follow, max-snippet:-1, max-image-preview:large, max-video-preview:-1\" \/>\n<link rel=\"canonical\" href=\"https:\/\/38ppp.de\/moritz\/ueber-mich\/\" \/>\n<meta property=\"og:locale\" content=\"de_DE\" \/>\n<meta property=\"og:type\" content=\"article\" \/>\n<meta property=\"og:title\" content=\"\u00dcber mich - Moritz in den USA\" \/>\n<meta property=\"og:description\" content=\"Servus miteinander, mein Name ist Moritz Rudrof, ich war bei Programmbeginn 22 Jahre alt und wohne in Waischenfeld in der Fr\u00e4nkischen Schweiz nahe Bayreuth. Da ich meiner Heimat sehr verbunden bin, engagiere ich mich im \u00f6rtlichen Burschenverein und arbeite am Wochenende nebenbei in einem Biergarten. In meiner Freizeit trifft man mich h\u00e4ufig als Fu\u00dfball-Schiedsrichter auf &hellip; \u201e\u00dcber mich\u201c weiterlesen\" \/>\n<meta property=\"og:url\" content=\"https:\/\/38ppp.de\/moritz\/ueber-mich\/\" \/>\n<meta property=\"og:site_name\" content=\"Moritz in den USA\" \/>\n<meta property=\"article:modified_time\" content=\"2023-01-07T12:58:17+00:00\" \/>\n<meta property=\"og:image\" content=\"https:\/\/38ppp.de\/usamoritz\/wp-content\/uploads\/sites\/18\/2021\/05\/Foto_Rudrof-Moritz-214x300.jpg\" \/>\n<meta name=\"twitter:card\" content=\"summary_large_image\" \/>\n<meta name=\"twitter:label1\" content=\"Gesch\u00e4tzte Lesezeit\" \/>\n\t<meta name=\"twitter:data1\" content=\"2\u00a0Minuten\" \/>\n<script type=\"application\/ld+json\" class=\"yoast-schema-graph\">{\"@context\":\"https:\/\/schema.org\",\"@graph\":[{\"@type\":\"WebPage\",\"@id\":\"https:\/\/38ppp.de\/moritz\/ueber-mich\/\",\"url\":\"https:\/\/38ppp.de\/moritz\/ueber-mich\/\",\"name\":\"\u00dcber mich - Moritz in den USA\",\"isPartOf\":{\"@id\":\"https:\/\/38ppp.de\/moritz\/#website\"},\"primaryImageOfPage\":{\"@id\":\"https:\/\/38ppp.de\/moritz\/ueber-mich\/#primaryimage\"},\"image\":{\"@id\":\"https:\/\/38ppp.de\/moritz\/ueber-mich\/#primaryimage\"},\"thumbnailUrl\":\"https:\/\/38ppp.de\/usamoritz\/wp-content\/uploads\/sites\/18\/2021\/05\/Foto_Rudrof-Moritz-214x300.jpg\",\"datePublished\":\"2021-05-07T16:15:44+00:00\",\"dateModified\":\"2023-01-07T12:58:17+00:00\",\"breadcrumb\":{\"@id\":\"https:\/\/38ppp.de\/moritz\/ueber-mich\/#breadcrumb\"},\"inLanguage\":\"de\",\"potentialAction\":[{\"@type\":\"ReadAction\",\"target\":[\"https:\/\/38ppp.de\/moritz\/ueber-mich\/\"]}]},{\"@type\":\"ImageObject\",\"inLanguage\":\"de\",\"@id\":\"https:\/\/38ppp.de\/moritz\/ueber-mich\/#primaryimage\",\"url\":\"https:\/\/38ppp.de\/usamoritz\/wp-content\/uploads\/sites\/18\/2021\/05\/Foto_Rudrof-Moritz-214x300.jpg\",\"contentUrl\":\"https:\/\/38ppp.de\/usamoritz\/wp-content\/uploads\/sites\/18\/2021\/05\/Foto_Rudrof-Moritz-214x300.jpg\"},{\"@type\":\"BreadcrumbList\",\"@id\":\"https:\/\/38ppp.de\/moritz\/ueber-mich\/#breadcrumb\",\"itemListElement\":[{\"@type\":\"ListItem\",\"position\":1,\"name\":\"Startseite\",\"item\":\"https:\/\/38ppp.de\/moritz\/\"},{\"@type\":\"ListItem\",\"position\":2,\"name\":\"\u00dcber mich\"}]},{\"@type\":\"WebSite\",\"@id\":\"https:\/\/38ppp.de\/moritz\/#website\",\"url\":\"https:\/\/38ppp.de\/moritz\/\",\"name\":\"Moritz in den USA\",\"description\":\"Teilnehmer aus dem Wahlkreis 237 Bayreuth\",\"potentialAction\":[{\"@type\":\"SearchAction\",\"target\":{\"@type\":\"EntryPoint\",\"urlTemplate\":\"https:\/\/38ppp.de\/moritz\/?s={search_term_string}\"},\"query-input\":{\"@type\":\"PropertyValueSpecification\",\"valueRequired\":true,\"valueName\":\"search_term_string\"}}],\"inLanguage\":\"de\"}]}<\/script>\n<!-- \/ Yoast SEO plugin. -->","yoast_head_json":{"title":"\u00dcber mich - Moritz in den USA","robots":{"index":"index","follow":"follow","max-snippet":"max-snippet:-1","max-image-preview":"max-image-preview:large","max-video-preview":"max-video-preview:-1"},"canonical":"https:\/\/38ppp.de\/moritz\/ueber-mich\/","og_locale":"de_DE","og_type":"article","og_title":"\u00dcber mich - Moritz in den USA","og_description":"Servus miteinander, mein Name ist Moritz Rudrof, ich war bei Programmbeginn 22 Jahre alt und wohne in Waischenfeld in der Fr\u00e4nkischen Schweiz nahe Bayreuth. Da ich meiner Heimat sehr verbunden bin, engagiere ich mich im \u00f6rtlichen Burschenverein und arbeite am Wochenende nebenbei in einem Biergarten. In meiner Freizeit trifft man mich h\u00e4ufig als Fu\u00dfball-Schiedsrichter auf &hellip; \u201e\u00dcber mich\u201c weiterlesen","og_url":"https:\/\/38ppp.de\/moritz\/ueber-mich\/","og_site_name":"Moritz in den USA","article_modified_time":"2023-01-07T12:58:17+00:00","og_image":[{"url":"https:\/\/38ppp.de\/usamoritz\/wp-content\/uploads\/sites\/18\/2021\/05\/Foto_Rudrof-Moritz-214x300.jpg","type":"","width":"","height":""}],"twitter_card":"summary_large_image","twitter_misc":{"Gesch\u00e4tzte Lesezeit":"2\u00a0Minuten"},"schema":{"@context":"https:\/\/schema.org","@graph":[{"@type":"WebPage","@id":"https:\/\/38ppp.de\/moritz\/ueber-mich\/","url":"https:\/\/38ppp.de\/moritz\/ueber-mich\/","name":"\u00dcber mich - Moritz in den USA","isPartOf":{"@id":"https:\/\/38ppp.de\/moritz\/#website"},"primaryImageOfPage":{"@id":"https:\/\/38ppp.de\/moritz\/ueber-mich\/#primaryimage"},"image":{"@id":"https:\/\/38ppp.de\/moritz\/ueber-mich\/#primaryimage"},"thumbnailUrl":"https:\/\/38ppp.de\/usamoritz\/wp-content\/uploads\/sites\/18\/2021\/05\/Foto_Rudrof-Moritz-214x300.jpg","datePublished":"2021-05-07T16:15:44+00:00","dateModified":"2023-01-07T12:58:17+00:00","breadcrumb":{"@id":"https:\/\/38ppp.de\/moritz\/ueber-mich\/#breadcrumb"},"inLanguage":"de","potentialAction":[{"@type":"ReadAction","target":["https:\/\/38ppp.de\/moritz\/ueber-mich\/"]}]},{"@type":"ImageObject","inLanguage":"de","@id":"https:\/\/38ppp.de\/moritz\/ueber-mich\/#primaryimage","url":"https:\/\/38ppp.de\/usamoritz\/wp-content\/uploads\/sites\/18\/2021\/05\/Foto_Rudrof-Moritz-214x300.jpg","contentUrl":"https:\/\/38ppp.de\/usamoritz\/wp-content\/uploads\/sites\/18\/2021\/05\/Foto_Rudrof-Moritz-214x300.jpg"},{"@type":"BreadcrumbList","@id":"https:\/\/38ppp.de\/moritz\/ueber-mich\/#breadcrumb","itemListElement":[{"@type":"ListItem","position":1,"name":"Startseite","item":"https:\/\/38ppp.de\/moritz\/"},{"@type":"ListItem","position":2,"name":"\u00dcber mich"}]},{"@type":"WebSite","@id":"https:\/\/38ppp.de\/moritz\/#website","url":"https:\/\/38ppp.de\/moritz\/","name":"Moritz in den USA","description":"Teilnehmer aus dem Wahlkreis 237 Bayreuth","potentialAction":[{"@type":"SearchAction","target":{"@type":"EntryPoint","urlTemplate":"https:\/\/38ppp.de\/moritz\/?s={search_term_string}"},"query-input":{"@type":"PropertyValueSpecification","valueRequired":true,"valueName":"search_term_string"}}],"inLanguage":"de"}]}},"_links":{"self":[{"href":"https:\/\/38ppp.de\/moritz\/wp-json\/wp\/v2\/pages\/2","targetHints":{"allow":["GET"]}}],"collection":[{"href":"https:\/\/38ppp.de\/moritz\/wp-json\/wp\/v2\/pages"}],"about":[{"href":"https:\/\/38ppp.de\/moritz\/wp-json\/wp\/v2\/types\/page"}],"author":[{"embeddable":true,"href":"https:\/\/38ppp.de\/moritz\/wp-json\/wp\/v2\/users\/18"}],"replies":[{"embeddable":true,"href":"https:\/\/38ppp.de\/moritz\/wp-json\/wp\/v2\/comments?post=2"}],"version-history":[{"count":17,"href":"https:\/\/38ppp.de\/moritz\/wp-json\/wp\/v2\/pages\/2\/revisions"}],"predecessor-version":[{"id":796,"href":"https:\/\/38ppp.de\/moritz\/wp-json\/wp\/v2\/pages\/2\/revisions\/796"}],"wp:attachment":[{"href":"https:\/\/38ppp.de\/moritz\/wp-json\/wp\/v2\/media?parent=2"}],"curies":[{"name":"wp","href":"https:\/\/api.w.org\/{rel}","templated":true}]}}