{"id":165,"date":"2021-07-14T18:35:25","date_gmt":"2021-07-14T16:35:25","guid":{"rendered":"https:\/\/38ppp.de\/moritz\/?page_id=165"},"modified":"2021-07-28T21:06:29","modified_gmt":"2021-07-28T19:06:29","slug":"kontakt","status":"publish","type":"page","link":"https:\/\/38ppp.de\/moritz\/kontakt\/","title":{"rendered":"Kontakt"},"content":{"rendered":"\n<p class=\"has-medium-font-size\"><strong>Abonniere meinen Blog<\/strong><\/p>\n\n\n\n<p>&#8230;und verpasse nichts mehr!<\/p>\n\n\n\n<p>Du m\u00f6chtest auf dem Laufenden bleiben und stets informiert werden, sobald ein neuer Blogeintrag erscheint? F\u00fclle hierzu einfach das folgende Kontaktformular aus und klicke auf &#8222;Abonnieren&#8220;.<\/p>\n\n\n\n<div class=\"forminator-guttenberg\"><div class=\"forminator-ui forminator-custom-form forminator-custom-form-164 forminator-design--default  forminator_ajax\" data-forminator-render=\"0\" data-form=\"forminator-module-164\" data-uid=\"69dfda3787c5e\"><br\/><\/div><form\n\t\t\t\tid=\"forminator-module-164\"\n\t\t\t\tclass=\"forminator-ui forminator-custom-form forminator-custom-form-164 forminator-design--default  forminator_ajax\"\n\t\t\t\tmethod=\"post\"\n\t\t\t\tdata-forminator-render=\"0\"\n\t\t\t\tdata-form-id=\"164\"\n\t\t\t\t data-color-option=\"default\" data-design=\"default\" data-grid=\"open\" style=\"display: none;\"\n\t\t\t\tdata-uid=\"69dfda3787c5e\"\n\t\t\t><div role=\"alert\" aria-live=\"polite\" class=\"forminator-response-message forminator-error\" aria-hidden=\"true\"><\/div><div class=\"forminator-row\"><div id=\"name-1\" class=\"forminator-field-name forminator-col forminator-col-12 \"><div class=\"forminator-field\"><label for=\"forminator-field-name-1_69dfda3787c5e\" id=\"forminator-field-name-1_69dfda3787c5e-label\" class=\"forminator-label\">Vorname <span class=\"forminator-required\">*<\/span><\/label><input type=\"text\" name=\"name-1\" value=\"\" placeholder=\"z.B. Max\" id=\"forminator-field-name-1_69dfda3787c5e\" class=\"forminator-input forminator-name--field\" aria-required=\"true\" autocomplete=\"name\" \/><\/div><\/div><\/div><div class=\"forminator-row\"><div id=\"name-2\" class=\"forminator-field-name forminator-col forminator-col-12 \"><div class=\"forminator-field\"><label for=\"forminator-field-name-2_69dfda3787c5e\" id=\"forminator-field-name-2_69dfda3787c5e-label\" class=\"forminator-label\">Nachname <span class=\"forminator-required\">*<\/span><\/label><input type=\"text\" name=\"name-2\" value=\"\" placeholder=\"z.B. Mustermann\" id=\"forminator-field-name-2_69dfda3787c5e\" class=\"forminator-input forminator-name--field\" aria-required=\"true\" autocomplete=\"name\" \/><\/div><\/div><\/div><div class=\"forminator-row\"><div id=\"email-1\" class=\"forminator-field-email forminator-col forminator-col-12 \"><div class=\"forminator-field\"><label for=\"forminator-field-email-1_69dfda3787c5e\" id=\"forminator-field-email-1_69dfda3787c5e-label\" class=\"forminator-label\">E-Mail-Adresse <span class=\"forminator-required\">*<\/span><\/label><input type=\"email\" name=\"email-1\" value=\"\" placeholder=\"z.B. max@mustermann.de\" id=\"forminator-field-email-1_69dfda3787c5e\" class=\"forminator-input forminator-email--field\" data-required=\"true\" aria-required=\"true\" autocomplete=\"email\" \/><\/div><\/div><\/div><div class=\"forminator-row\"><div id=\"captcha-1\" class=\"forminator-field-captcha forminator-col forminator-col-12 \"><div class=\"forminator-captcha-left forminator-g-recaptcha\" data-theme=\"light\"  data-sitekey=\"6Ld0n5YbAAAAALb5pnE6dbd_8eI_8SSxC7PANuKr\" data-size=\"normal\"><\/div> <\/div><\/div><input type=\"hidden\" name=\"referer_url\" value=\"\" \/><div class=\"forminator-row forminator-row-last\"><div class=\"forminator-col\"><div class=\"forminator-field\"><button class=\"forminator-button forminator-button-submit\">ABONNIEREN<\/button><\/div><\/div><\/div><input type=\"hidden\" id=\"forminator_nonce\" name=\"forminator_nonce\" value=\"6ba0d3d989\" \/><input type=\"hidden\" name=\"_wp_http_referer\" value=\"\/moritz\/wp-json\/wp\/v2\/pages\/165\" \/><input type=\"hidden\" name=\"form_id\" value=\"164\"><input type=\"hidden\" name=\"page_id\" value=\"165\"><input type=\"hidden\" name=\"form_type\" value=\"default\"><input type=\"hidden\" name=\"current_url\" value=\"https:\/\/38ppp.de\/moritz\/kontakt\/\"><input type=\"hidden\" name=\"render_id\" value=\"0\"><input type=\"hidden\" name=\"action\" value=\"forminator_submit_form_custom-forms\"><\/form><\/div>\n\n\n\n<p>Keine Sorge, du hast nat\u00fcrlich auch jederzeit die M\u00f6glichkeit mich wieder zu deabonnieren. Klicke daf\u00fcr einfach auf den Link in der letzten E-Mail, die du erhalten hast.<\/p>\n\n\n\n<hr class=\"wp-block-separator\"\/>\n\n\n\n<p class=\"has-medium-font-size\"><strong>Kontaktiere mich per Mail<\/strong><\/p>\n\n\n\n<p>Gerne bin ich auch per Mail unter <strong>usamoritz@gmx.de<\/strong> erreichbar.<\/p>\n","protected":false},"excerpt":{"rendered":"<p>Abonniere meinen Blog &#8230;und verpasse nichts mehr! Du m\u00f6chtest auf dem Laufenden bleiben und stets informiert werden, sobald ein neuer Blogeintrag erscheint? F\u00fclle hierzu einfach das folgende Kontaktformular aus und klicke auf &#8222;Abonnieren&#8220;. Keine Sorge, du hast nat\u00fcrlich auch jederzeit die M\u00f6glichkeit mich wieder zu deabonnieren. Klicke daf\u00fcr einfach auf den Link in der letzten &hellip; <\/p>\n<p class=\"link-more\"><a href=\"https:\/\/38ppp.de\/moritz\/kontakt\/\" class=\"more-link\"><span class=\"screen-reader-text\">\u201eKontakt\u201c <\/span>weiterlesen<\/a><\/p>\n","protected":false},"author":18,"featured_media":0,"parent":0,"menu_order":0,"comment_status":"closed","ping_status":"closed","template":"","meta":{"_themeisle_gutenberg_block_has_review":false,"footnotes":"","_links_to":"","_links_to_target":""},"class_list":["post-165","page","type-page","status-publish","hentry"],"yoast_head":"<!-- This site is optimized with the Yoast SEO plugin v26.8 - https:\/\/yoast.com\/product\/yoast-seo-wordpress\/ -->\n<title>Kontakt - Moritz in den USA<\/title>\n<meta name=\"robots\" content=\"index, follow, max-snippet:-1, max-image-preview:large, max-video-preview:-1\" \/>\n<link rel=\"canonical\" href=\"https:\/\/38ppp.de\/moritz\/kontakt\/\" \/>\n<meta property=\"og:locale\" content=\"de_DE\" \/>\n<meta property=\"og:type\" content=\"article\" \/>\n<meta property=\"og:title\" content=\"Kontakt - Moritz in den USA\" \/>\n<meta property=\"og:description\" content=\"Abonniere meinen Blog &#8230;und verpasse nichts mehr! Du m\u00f6chtest auf dem Laufenden bleiben und stets informiert werden, sobald ein neuer Blogeintrag erscheint? F\u00fclle hierzu einfach das folgende Kontaktformular aus und klicke auf &#8222;Abonnieren&#8220;. Keine Sorge, du hast nat\u00fcrlich auch jederzeit die M\u00f6glichkeit mich wieder zu deabonnieren. Klicke daf\u00fcr einfach auf den Link in der letzten &hellip; \u201eKontakt\u201c weiterlesen\" \/>\n<meta property=\"og:url\" content=\"https:\/\/38ppp.de\/moritz\/kontakt\/\" \/>\n<meta property=\"og:site_name\" content=\"Moritz in den USA\" \/>\n<meta property=\"article:modified_time\" content=\"2021-07-28T19:06:29+00:00\" \/>\n<meta name=\"twitter:card\" content=\"summary_large_image\" \/>\n<meta name=\"twitter:label1\" content=\"Gesch\u00e4tzte Lesezeit\" \/>\n\t<meta name=\"twitter:data1\" content=\"1\u00a0Minute\" \/>\n<script type=\"application\/ld+json\" class=\"yoast-schema-graph\">{\"@context\":\"https:\/\/schema.org\",\"@graph\":[{\"@type\":\"WebPage\",\"@id\":\"https:\/\/38ppp.de\/moritz\/kontakt\/\",\"url\":\"https:\/\/38ppp.de\/moritz\/kontakt\/\",\"name\":\"Kontakt - Moritz in den USA\",\"isPartOf\":{\"@id\":\"https:\/\/38ppp.de\/moritz\/#website\"},\"datePublished\":\"2021-07-14T16:35:25+00:00\",\"dateModified\":\"2021-07-28T19:06:29+00:00\",\"breadcrumb\":{\"@id\":\"https:\/\/38ppp.de\/moritz\/kontakt\/#breadcrumb\"},\"inLanguage\":\"de\",\"potentialAction\":[{\"@type\":\"ReadAction\",\"target\":[\"https:\/\/38ppp.de\/moritz\/kontakt\/\"]}]},{\"@type\":\"BreadcrumbList\",\"@id\":\"https:\/\/38ppp.de\/moritz\/kontakt\/#breadcrumb\",\"itemListElement\":[{\"@type\":\"ListItem\",\"position\":1,\"name\":\"Startseite\",\"item\":\"https:\/\/38ppp.de\/moritz\/\"},{\"@type\":\"ListItem\",\"position\":2,\"name\":\"Kontakt\"}]},{\"@type\":\"WebSite\",\"@id\":\"https:\/\/38ppp.de\/moritz\/#website\",\"url\":\"https:\/\/38ppp.de\/moritz\/\",\"name\":\"Moritz in den USA\",\"description\":\"Teilnehmer aus dem Wahlkreis 237 Bayreuth\",\"potentialAction\":[{\"@type\":\"SearchAction\",\"target\":{\"@type\":\"EntryPoint\",\"urlTemplate\":\"https:\/\/38ppp.de\/moritz\/?s={search_term_string}\"},\"query-input\":{\"@type\":\"PropertyValueSpecification\",\"valueRequired\":true,\"valueName\":\"search_term_string\"}}],\"inLanguage\":\"de\"}]}<\/script>\n<!-- \/ Yoast SEO plugin. -->","yoast_head_json":{"title":"Kontakt - Moritz in den USA","robots":{"index":"index","follow":"follow","max-snippet":"max-snippet:-1","max-image-preview":"max-image-preview:large","max-video-preview":"max-video-preview:-1"},"canonical":"https:\/\/38ppp.de\/moritz\/kontakt\/","og_locale":"de_DE","og_type":"article","og_title":"Kontakt - Moritz in den USA","og_description":"Abonniere meinen Blog &#8230;und verpasse nichts mehr! Du m\u00f6chtest auf dem Laufenden bleiben und stets informiert werden, sobald ein neuer Blogeintrag erscheint? F\u00fclle hierzu einfach das folgende Kontaktformular aus und klicke auf &#8222;Abonnieren&#8220;. Keine Sorge, du hast nat\u00fcrlich auch jederzeit die M\u00f6glichkeit mich wieder zu deabonnieren. Klicke daf\u00fcr einfach auf den Link in der letzten &hellip; \u201eKontakt\u201c weiterlesen","og_url":"https:\/\/38ppp.de\/moritz\/kontakt\/","og_site_name":"Moritz in den USA","article_modified_time":"2021-07-28T19:06:29+00:00","twitter_card":"summary_large_image","twitter_misc":{"Gesch\u00e4tzte Lesezeit":"1\u00a0Minute"},"schema":{"@context":"https:\/\/schema.org","@graph":[{"@type":"WebPage","@id":"https:\/\/38ppp.de\/moritz\/kontakt\/","url":"https:\/\/38ppp.de\/moritz\/kontakt\/","name":"Kontakt - Moritz in den USA","isPartOf":{"@id":"https:\/\/38ppp.de\/moritz\/#website"},"datePublished":"2021-07-14T16:35:25+00:00","dateModified":"2021-07-28T19:06:29+00:00","breadcrumb":{"@id":"https:\/\/38ppp.de\/moritz\/kontakt\/#breadcrumb"},"inLanguage":"de","potentialAction":[{"@type":"ReadAction","target":["https:\/\/38ppp.de\/moritz\/kontakt\/"]}]},{"@type":"BreadcrumbList","@id":"https:\/\/38ppp.de\/moritz\/kontakt\/#breadcrumb","itemListElement":[{"@type":"ListItem","position":1,"name":"Startseite","item":"https:\/\/38ppp.de\/moritz\/"},{"@type":"ListItem","position":2,"name":"Kontakt"}]},{"@type":"WebSite","@id":"https:\/\/38ppp.de\/moritz\/#website","url":"https:\/\/38ppp.de\/moritz\/","name":"Moritz in den USA","description":"Teilnehmer aus dem Wahlkreis 237 Bayreuth","potentialAction":[{"@type":"SearchAction","target":{"@type":"EntryPoint","urlTemplate":"https:\/\/38ppp.de\/moritz\/?s={search_term_string}"},"query-input":{"@type":"PropertyValueSpecification","valueRequired":true,"valueName":"search_term_string"}}],"inLanguage":"de"}]}},"_links":{"self":[{"href":"https:\/\/38ppp.de\/moritz\/wp-json\/wp\/v2\/pages\/165","targetHints":{"allow":["GET"]}}],"collection":[{"href":"https:\/\/38ppp.de\/moritz\/wp-json\/wp\/v2\/pages"}],"about":[{"href":"https:\/\/38ppp.de\/moritz\/wp-json\/wp\/v2\/types\/page"}],"author":[{"embeddable":true,"href":"https:\/\/38ppp.de\/moritz\/wp-json\/wp\/v2\/users\/18"}],"replies":[{"embeddable":true,"href":"https:\/\/38ppp.de\/moritz\/wp-json\/wp\/v2\/comments?post=165"}],"version-history":[{"count":8,"href":"https:\/\/38ppp.de\/moritz\/wp-json\/wp\/v2\/pages\/165\/revisions"}],"predecessor-version":[{"id":528,"href":"https:\/\/38ppp.de\/moritz\/wp-json\/wp\/v2\/pages\/165\/revisions\/528"}],"wp:attachment":[{"href":"https:\/\/38ppp.de\/moritz\/wp-json\/wp\/v2\/media?parent=165"}],"curies":[{"name":"wp","href":"https:\/\/api.w.org\/{rel}","templated":true}]}}