{"id":144,"date":"2021-08-13T06:20:27","date_gmt":"2021-08-13T04:20:27","guid":{"rendered":"https:\/\/38ppp.de\/moritz\/?page_id=144"},"modified":"2023-01-07T14:06:46","modified_gmt":"2023-01-07T13:06:46","slug":"podcast","status":"publish","type":"page","link":"https:\/\/38ppp.de\/moritz\/podcast\/","title":{"rendered":"Podcast"},"content":{"rendered":"\n<p class=\"has-medium-font-size\"><strong>Greetings from Germany<\/strong><\/p>\n\n\n\n<p>Wenn 75 junge Berufst\u00e4tige im Rahmen des 38.PPP am 10.08.2021 voller Vorfreude in die USA aufbrechen, wird der Podcast <a href=\"https:\/\/open.spotify.com\/show\/2NuzjpxetKzvSuUE6TgQOj\" target=\"_blank\" rel=\"noreferrer noopener\">&#8222;Greetings from Germany&#8220;<\/a> ganz nah dranbleiben. Zwei TeilnehmerInnen haben sich bereiterkl\u00e4rt, sich durch ihr PPP-Jahr begleiten zu lassen. Und einer davon bin ich \ud83d\ude09<\/p>\n\n\n\n<hr class=\"wp-block-separator has-css-opacity\"\/>\n\n\n\n<p><strong>Folge #1 &#8211; PPP009: Moritz goes to America<\/strong><\/p>\n\n\n\n<figure class=\"wp-block-image size-medium\"><img loading=\"lazy\" decoding=\"async\" width=\"300\" height=\"300\" src=\"https:\/\/38ppp.de\/moritz\/wp-content\/uploads\/sites\/18\/2021\/08\/1_PPP009-Moritz-goes-to-America-300x300.jpg\" alt=\"\" class=\"wp-image-534\" srcset=\"https:\/\/38ppp.de\/moritz\/wp-content\/uploads\/sites\/18\/2021\/08\/1_PPP009-Moritz-goes-to-America-300x300.jpg 300w, https:\/\/38ppp.de\/moritz\/wp-content\/uploads\/sites\/18\/2021\/08\/1_PPP009-Moritz-goes-to-America-1024x1024.jpg 1024w, https:\/\/38ppp.de\/moritz\/wp-content\/uploads\/sites\/18\/2021\/08\/1_PPP009-Moritz-goes-to-America-150x150.jpg 150w, https:\/\/38ppp.de\/moritz\/wp-content\/uploads\/sites\/18\/2021\/08\/1_PPP009-Moritz-goes-to-America-768x768.jpg 768w, https:\/\/38ppp.de\/moritz\/wp-content\/uploads\/sites\/18\/2021\/08\/1_PPP009-Moritz-goes-to-America-1536x1536.jpg 1536w, https:\/\/38ppp.de\/moritz\/wp-content\/uploads\/sites\/18\/2021\/08\/1_PPP009-Moritz-goes-to-America-100x100.jpg 100w, https:\/\/38ppp.de\/moritz\/wp-content\/uploads\/sites\/18\/2021\/08\/1_PPP009-Moritz-goes-to-America-45x45.jpg 45w, https:\/\/38ppp.de\/moritz\/wp-content\/uploads\/sites\/18\/2021\/08\/1_PPP009-Moritz-goes-to-America.jpg 1600w\" sizes=\"auto, (max-width: 300px) 100vw, 300px\" \/><\/figure>\n\n\n\n<p>In dieser Folge stelle ich mich den H\u00f6rern vor. Es geht um meine Person, was ich beruflich und in der Freizeit mache, wie ich zum PPP gekommen bin und was ich in den USA vorhabe.<br><em><a href=\"https:\/\/open.spotify.com\/episode\/1NynFOiCfxJN1uf4Z8RVOZ\" target=\"_blank\" rel=\"noreferrer noopener\">Hier k\u00f6nnt ihr die Folge anh\u00f6ren.<\/a><\/em><\/p>\n\n\n\n<p><strong>Folge #2 &#8211; PPP012: Insa &amp; Moritz &#8211; Angekommen<\/strong><\/p>\n\n\n\n<figure class=\"wp-block-image size-medium\"><img loading=\"lazy\" decoding=\"async\" width=\"300\" height=\"300\" src=\"https:\/\/38ppp.de\/moritz\/wp-content\/uploads\/sites\/18\/2021\/09\/2_PPP012-Insa-Moritz_angekommen-300x300.jpg\" alt=\"\" class=\"wp-image-643\" srcset=\"https:\/\/38ppp.de\/moritz\/wp-content\/uploads\/sites\/18\/2021\/09\/2_PPP012-Insa-Moritz_angekommen-300x300.jpg 300w, https:\/\/38ppp.de\/moritz\/wp-content\/uploads\/sites\/18\/2021\/09\/2_PPP012-Insa-Moritz_angekommen-1024x1024.jpg 1024w, https:\/\/38ppp.de\/moritz\/wp-content\/uploads\/sites\/18\/2021\/09\/2_PPP012-Insa-Moritz_angekommen-150x150.jpg 150w, https:\/\/38ppp.de\/moritz\/wp-content\/uploads\/sites\/18\/2021\/09\/2_PPP012-Insa-Moritz_angekommen-768x768.jpg 768w, https:\/\/38ppp.de\/moritz\/wp-content\/uploads\/sites\/18\/2021\/09\/2_PPP012-Insa-Moritz_angekommen-1536x1536.jpg 1536w, https:\/\/38ppp.de\/moritz\/wp-content\/uploads\/sites\/18\/2021\/09\/2_PPP012-Insa-Moritz_angekommen-100x100.jpg 100w, https:\/\/38ppp.de\/moritz\/wp-content\/uploads\/sites\/18\/2021\/09\/2_PPP012-Insa-Moritz_angekommen-45x45.jpg 45w, https:\/\/38ppp.de\/moritz\/wp-content\/uploads\/sites\/18\/2021\/09\/2_PPP012-Insa-Moritz_angekommen.jpg 1600w\" sizes=\"auto, (max-width: 300px) 100vw, 300px\" \/><\/figure>\n\n\n\n<p>In dieser Folge berichten Insa und ich von unseren letzten Vorbereitungen vor der Ausreise in die USA sowie unsere ersten Eindr\u00fccke vor Ort in der neuen Heimat.<br><em><a href=\"https:\/\/open.spotify.com\/episode\/0LDyH5qPKhfa7BuFAHKdUA\" target=\"_blank\" rel=\"noreferrer noopener\">Hier k\u00f6nnt ihr die Folge anh\u00f6ren.<\/a><\/em><\/p>\n\n\n\n<p><strong>Folge 3 #PPP018: Insa &amp; Moritz am College<\/strong><\/p>\n\n\n\n<p>In dieser Folge lassen Insa und ich unsere Erlebnisse am College Revue passieren. Au\u00dferdem blicken wir auf unsere bisherige Zeit in den USA zur\u00fcck.<br><em><a href=\"https:\/\/open.spotify.com\/episode\/6kL2J9o4zSZW9UewmZUfgs\" target=\"_blank\" rel=\"noreferrer noopener\">Hier k\u00f6nnt ihr die Folge anh\u00f6ren.<\/a><\/em> <\/p>\n\n\n\n<p><strong>Folge 4 #PPP026: Capitol Hill &#8211; Jeans sind tabu<\/strong><\/p>\n\n\n\n<p>In dieser Folge berichten Maja und ich vom Congressional Internship Program (CIP) in Washington, D.C. und von unserem Treffen mit Bundeskanzler Olaf Scholz.<br><em><a href=\"https:\/\/open.spotify.com\/episode\/2LfgTNhYomqR6UJxQ6L180\" target=\"_blank\" rel=\"noreferrer noopener\">Hier k\u00f6nnt ihr die Folge anh\u00f6ren.<\/a><\/em><\/p>\n\n\n\n<p><strong>Folge 5 #PPP037: Moritz nach 1 Jahr USA: &#8222;Einfach machen!&#8220;<\/strong><\/p>\n\n\n\n<p>In dieser Folge res\u00fcmiere ich nach meiner R\u00fcckkehr aus den USA das vergangene Jahr und blicke auf eine Vielzahl von Erlebnissen und Erfahrungen zur\u00fcck.<br><a href=\"https:\/\/open.spotify.com\/episode\/0JiMJGGBh6VNj77Dcql8Vs\" target=\"_blank\" rel=\"noreferrer noopener\"><em>Hier k\u00f6nnt ihr die Folge anh\u00f6ren.<\/em><\/a><\/p>\n","protected":false},"excerpt":{"rendered":"<p>Greetings from Germany Wenn 75 junge Berufst\u00e4tige im Rahmen des 38.PPP am 10.08.2021 voller Vorfreude in die USA aufbrechen, wird der Podcast &#8222;Greetings from Germany&#8220; ganz nah dranbleiben. Zwei TeilnehmerInnen haben sich bereiterkl\u00e4rt, sich durch ihr PPP-Jahr begleiten zu lassen. Und einer davon bin ich \ud83d\ude09 Folge #1 &#8211; PPP009: Moritz goes to America In &hellip; <\/p>\n<p class=\"link-more\"><a href=\"https:\/\/38ppp.de\/moritz\/podcast\/\" class=\"more-link\"><span class=\"screen-reader-text\">\u201ePodcast\u201c <\/span>weiterlesen<\/a><\/p>\n","protected":false},"author":18,"featured_media":0,"parent":0,"menu_order":0,"comment_status":"closed","ping_status":"closed","template":"","meta":{"_themeisle_gutenberg_block_has_review":false,"footnotes":"","_links_to":"","_links_to_target":""},"class_list":["post-144","page","type-page","status-publish","hentry"],"yoast_head":"<!-- This site is optimized with the Yoast SEO plugin v26.8 - https:\/\/yoast.com\/product\/yoast-seo-wordpress\/ -->\n<title>Podcast - Moritz in den USA<\/title>\n<meta name=\"robots\" content=\"index, follow, max-snippet:-1, max-image-preview:large, max-video-preview:-1\" \/>\n<link rel=\"canonical\" href=\"https:\/\/38ppp.de\/moritz\/podcast\/\" \/>\n<meta property=\"og:locale\" content=\"de_DE\" \/>\n<meta property=\"og:type\" content=\"article\" \/>\n<meta property=\"og:title\" content=\"Podcast - Moritz in den USA\" \/>\n<meta property=\"og:description\" content=\"Greetings from Germany Wenn 75 junge Berufst\u00e4tige im Rahmen des 38.PPP am 10.08.2021 voller Vorfreude in die USA aufbrechen, wird der Podcast &#8222;Greetings from Germany&#8220; ganz nah dranbleiben. Zwei TeilnehmerInnen haben sich bereiterkl\u00e4rt, sich durch ihr PPP-Jahr begleiten zu lassen. Und einer davon bin ich \ud83d\ude09 Folge #1 &#8211; PPP009: Moritz goes to America In &hellip; \u201ePodcast\u201c weiterlesen\" \/>\n<meta property=\"og:url\" content=\"https:\/\/38ppp.de\/moritz\/podcast\/\" \/>\n<meta property=\"og:site_name\" content=\"Moritz in den USA\" \/>\n<meta property=\"article:modified_time\" content=\"2023-01-07T13:06:46+00:00\" \/>\n<meta property=\"og:image\" content=\"https:\/\/38ppp.de\/moritz\/wp-content\/uploads\/sites\/18\/2021\/08\/1_PPP009-Moritz-goes-to-America-300x300.jpg\" \/>\n<meta name=\"twitter:card\" content=\"summary_large_image\" \/>\n<meta name=\"twitter:label1\" content=\"Gesch\u00e4tzte Lesezeit\" \/>\n\t<meta name=\"twitter:data1\" content=\"2\u00a0Minuten\" \/>\n<script type=\"application\/ld+json\" class=\"yoast-schema-graph\">{\"@context\":\"https:\/\/schema.org\",\"@graph\":[{\"@type\":\"WebPage\",\"@id\":\"https:\/\/38ppp.de\/moritz\/podcast\/\",\"url\":\"https:\/\/38ppp.de\/moritz\/podcast\/\",\"name\":\"Podcast - Moritz in den USA\",\"isPartOf\":{\"@id\":\"https:\/\/38ppp.de\/moritz\/#website\"},\"primaryImageOfPage\":{\"@id\":\"https:\/\/38ppp.de\/moritz\/podcast\/#primaryimage\"},\"image\":{\"@id\":\"https:\/\/38ppp.de\/moritz\/podcast\/#primaryimage\"},\"thumbnailUrl\":\"https:\/\/38ppp.de\/moritz\/wp-content\/uploads\/sites\/18\/2021\/08\/1_PPP009-Moritz-goes-to-America-300x300.jpg\",\"datePublished\":\"2021-08-13T04:20:27+00:00\",\"dateModified\":\"2023-01-07T13:06:46+00:00\",\"breadcrumb\":{\"@id\":\"https:\/\/38ppp.de\/moritz\/podcast\/#breadcrumb\"},\"inLanguage\":\"de\",\"potentialAction\":[{\"@type\":\"ReadAction\",\"target\":[\"https:\/\/38ppp.de\/moritz\/podcast\/\"]}]},{\"@type\":\"ImageObject\",\"inLanguage\":\"de\",\"@id\":\"https:\/\/38ppp.de\/moritz\/podcast\/#primaryimage\",\"url\":\"https:\/\/38ppp.de\/moritz\/wp-content\/uploads\/sites\/18\/2021\/08\/1_PPP009-Moritz-goes-to-America.jpg\",\"contentUrl\":\"https:\/\/38ppp.de\/moritz\/wp-content\/uploads\/sites\/18\/2021\/08\/1_PPP009-Moritz-goes-to-America.jpg\",\"width\":1600,\"height\":1600},{\"@type\":\"BreadcrumbList\",\"@id\":\"https:\/\/38ppp.de\/moritz\/podcast\/#breadcrumb\",\"itemListElement\":[{\"@type\":\"ListItem\",\"position\":1,\"name\":\"Startseite\",\"item\":\"https:\/\/38ppp.de\/moritz\/\"},{\"@type\":\"ListItem\",\"position\":2,\"name\":\"Podcast\"}]},{\"@type\":\"WebSite\",\"@id\":\"https:\/\/38ppp.de\/moritz\/#website\",\"url\":\"https:\/\/38ppp.de\/moritz\/\",\"name\":\"Moritz in den USA\",\"description\":\"Teilnehmer aus dem Wahlkreis 237 Bayreuth\",\"potentialAction\":[{\"@type\":\"SearchAction\",\"target\":{\"@type\":\"EntryPoint\",\"urlTemplate\":\"https:\/\/38ppp.de\/moritz\/?s={search_term_string}\"},\"query-input\":{\"@type\":\"PropertyValueSpecification\",\"valueRequired\":true,\"valueName\":\"search_term_string\"}}],\"inLanguage\":\"de\"}]}<\/script>\n<!-- \/ Yoast SEO plugin. -->","yoast_head_json":{"title":"Podcast - Moritz in den USA","robots":{"index":"index","follow":"follow","max-snippet":"max-snippet:-1","max-image-preview":"max-image-preview:large","max-video-preview":"max-video-preview:-1"},"canonical":"https:\/\/38ppp.de\/moritz\/podcast\/","og_locale":"de_DE","og_type":"article","og_title":"Podcast - Moritz in den USA","og_description":"Greetings from Germany Wenn 75 junge Berufst\u00e4tige im Rahmen des 38.PPP am 10.08.2021 voller Vorfreude in die USA aufbrechen, wird der Podcast &#8222;Greetings from Germany&#8220; ganz nah dranbleiben. Zwei TeilnehmerInnen haben sich bereiterkl\u00e4rt, sich durch ihr PPP-Jahr begleiten zu lassen. Und einer davon bin ich \ud83d\ude09 Folge #1 &#8211; PPP009: Moritz goes to America In &hellip; \u201ePodcast\u201c weiterlesen","og_url":"https:\/\/38ppp.de\/moritz\/podcast\/","og_site_name":"Moritz in den USA","article_modified_time":"2023-01-07T13:06:46+00:00","og_image":[{"url":"https:\/\/38ppp.de\/moritz\/wp-content\/uploads\/sites\/18\/2021\/08\/1_PPP009-Moritz-goes-to-America-300x300.jpg","type":"","width":"","height":""}],"twitter_card":"summary_large_image","twitter_misc":{"Gesch\u00e4tzte Lesezeit":"2\u00a0Minuten"},"schema":{"@context":"https:\/\/schema.org","@graph":[{"@type":"WebPage","@id":"https:\/\/38ppp.de\/moritz\/podcast\/","url":"https:\/\/38ppp.de\/moritz\/podcast\/","name":"Podcast - Moritz in den USA","isPartOf":{"@id":"https:\/\/38ppp.de\/moritz\/#website"},"primaryImageOfPage":{"@id":"https:\/\/38ppp.de\/moritz\/podcast\/#primaryimage"},"image":{"@id":"https:\/\/38ppp.de\/moritz\/podcast\/#primaryimage"},"thumbnailUrl":"https:\/\/38ppp.de\/moritz\/wp-content\/uploads\/sites\/18\/2021\/08\/1_PPP009-Moritz-goes-to-America-300x300.jpg","datePublished":"2021-08-13T04:20:27+00:00","dateModified":"2023-01-07T13:06:46+00:00","breadcrumb":{"@id":"https:\/\/38ppp.de\/moritz\/podcast\/#breadcrumb"},"inLanguage":"de","potentialAction":[{"@type":"ReadAction","target":["https:\/\/38ppp.de\/moritz\/podcast\/"]}]},{"@type":"ImageObject","inLanguage":"de","@id":"https:\/\/38ppp.de\/moritz\/podcast\/#primaryimage","url":"https:\/\/38ppp.de\/moritz\/wp-content\/uploads\/sites\/18\/2021\/08\/1_PPP009-Moritz-goes-to-America.jpg","contentUrl":"https:\/\/38ppp.de\/moritz\/wp-content\/uploads\/sites\/18\/2021\/08\/1_PPP009-Moritz-goes-to-America.jpg","width":1600,"height":1600},{"@type":"BreadcrumbList","@id":"https:\/\/38ppp.de\/moritz\/podcast\/#breadcrumb","itemListElement":[{"@type":"ListItem","position":1,"name":"Startseite","item":"https:\/\/38ppp.de\/moritz\/"},{"@type":"ListItem","position":2,"name":"Podcast"}]},{"@type":"WebSite","@id":"https:\/\/38ppp.de\/moritz\/#website","url":"https:\/\/38ppp.de\/moritz\/","name":"Moritz in den USA","description":"Teilnehmer aus dem Wahlkreis 237 Bayreuth","potentialAction":[{"@type":"SearchAction","target":{"@type":"EntryPoint","urlTemplate":"https:\/\/38ppp.de\/moritz\/?s={search_term_string}"},"query-input":{"@type":"PropertyValueSpecification","valueRequired":true,"valueName":"search_term_string"}}],"inLanguage":"de"}]}},"_links":{"self":[{"href":"https:\/\/38ppp.de\/moritz\/wp-json\/wp\/v2\/pages\/144","targetHints":{"allow":["GET"]}}],"collection":[{"href":"https:\/\/38ppp.de\/moritz\/wp-json\/wp\/v2\/pages"}],"about":[{"href":"https:\/\/38ppp.de\/moritz\/wp-json\/wp\/v2\/types\/page"}],"author":[{"embeddable":true,"href":"https:\/\/38ppp.de\/moritz\/wp-json\/wp\/v2\/users\/18"}],"replies":[{"embeddable":true,"href":"https:\/\/38ppp.de\/moritz\/wp-json\/wp\/v2\/comments?post=144"}],"version-history":[{"count":17,"href":"https:\/\/38ppp.de\/moritz\/wp-json\/wp\/v2\/pages\/144\/revisions"}],"predecessor-version":[{"id":800,"href":"https:\/\/38ppp.de\/moritz\/wp-json\/wp\/v2\/pages\/144\/revisions\/800"}],"wp:attachment":[{"href":"https:\/\/38ppp.de\/moritz\/wp-json\/wp\/v2\/media?parent=144"}],"curies":[{"name":"wp","href":"https:\/\/api.w.org\/{rel}","templated":true}]}}