{"id":86,"date":"2021-06-21T15:36:49","date_gmt":"2021-06-21T13:36:49","guid":{"rendered":"https:\/\/38ppp.de\/leagoeswest\/?page_id=86"},"modified":"2021-08-02T14:30:30","modified_gmt":"2021-08-02T12:30:30","slug":"home","status":"publish","type":"page","link":"https:\/\/38ppp.de\/leagoeswest\/","title":{"rendered":"Home"},"content":{"rendered":"<p>Servus!<\/p>\n<p>Du hast es also geschafft, auf meine Blogseite zu kommen! Das freut mich. \ud83d\ude42<\/p>\n<p>Hier kann man mitverfolgen, was ich w\u00e4hrend meines Auslandsjahr erlebe. Am meisten freue ich mich nat\u00fcrlich \u00fcber Kommentare unter meinen Blogbeitr\u00e4gen, also bitte, don&#8217;t be shy and comment! \ud83d\ude42<\/p>\n<p>\t\t\tAchtung!<br \/>\n\t\t\t\t\t\t\tIch habe keine Ahnung ob diese Seite Cookies oder \u00e4hnliches sammelt.<br \/>\n\t\t\t\t\t\t\t\t\t\t<button type=\"button\"><br \/>\n\t\t\t\t\t&times;<br \/>\n\t\t\t\t\tWarnung verwerfen<br \/>\n\t\t\t\t<\/button><\/p>\n","protected":false},"excerpt":{"rendered":"<p>Servus! Du hast es also geschafft, auf meine Blogseite zu kommen! Das freut mich. \ud83d\ude42 Hier kann man mitverfolgen, was ich w\u00e4hrend meines Auslandsjahr erlebe. Am meisten freue ich mich nat\u00fcrlich \u00fcber Kommentare unter meinen Blogbeitr\u00e4gen, also bitte, don&#8217;t be shy and comment! \ud83d\ude42 Achtung! Ich habe keine Ahnung ob diese Seite Cookies oder \u00e4hnliches [&hellip;]<\/p>\n","protected":false},"author":37,"featured_media":0,"parent":0,"menu_order":0,"comment_status":"closed","ping_status":"closed","template":"","meta":{"_themeisle_gutenberg_block_has_review":false,"footnotes":"","_links_to":"","_links_to_target":""},"class_list":["post-86","page","type-page","status-publish","hentry"],"yoast_head":"<!-- This site is optimized with the Yoast SEO plugin v26.8 - https:\/\/yoast.com\/product\/yoast-seo-wordpress\/ -->\n<title>Home - Lea goes West (this time for real)<\/title>\n<meta name=\"robots\" content=\"index, follow, max-snippet:-1, max-image-preview:large, max-video-preview:-1\" \/>\n<link rel=\"canonical\" href=\"https:\/\/38ppp.de\/leagoeswest\/\" \/>\n<meta property=\"og:locale\" content=\"de_DE\" \/>\n<meta property=\"og:type\" content=\"article\" \/>\n<meta property=\"og:title\" content=\"Home - Lea goes West (this time for real)\" \/>\n<meta property=\"og:description\" content=\"Servus! Du hast es also geschafft, auf meine Blogseite zu kommen! Das freut mich. \ud83d\ude42 Hier kann man mitverfolgen, was ich w\u00e4hrend meines Auslandsjahr erlebe. Am meisten freue ich mich nat\u00fcrlich \u00fcber Kommentare unter meinen Blogbeitr\u00e4gen, also bitte, don&#8217;t be shy and comment! \ud83d\ude42 Achtung! Ich habe keine Ahnung ob diese Seite Cookies oder \u00e4hnliches [&hellip;]\" \/>\n<meta property=\"og:url\" content=\"https:\/\/38ppp.de\/leagoeswest\/\" \/>\n<meta property=\"og:site_name\" content=\"Lea goes West (this time for real)\" \/>\n<meta property=\"article:modified_time\" content=\"2021-08-02T12:30:30+00:00\" \/>\n<meta name=\"twitter:card\" content=\"summary_large_image\" \/>\n<meta name=\"twitter:label1\" content=\"Gesch\u00e4tzte Lesezeit\" \/>\n\t<meta name=\"twitter:data1\" content=\"1\u00a0Minute\" \/>\n<script type=\"application\/ld+json\" class=\"yoast-schema-graph\">{\"@context\":\"https:\/\/schema.org\",\"@graph\":[{\"@type\":\"WebPage\",\"@id\":\"https:\/\/38ppp.de\/leagoeswest\/\",\"url\":\"https:\/\/38ppp.de\/leagoeswest\/\",\"name\":\"Home - Lea goes West (this time for real)\",\"isPartOf\":{\"@id\":\"https:\/\/38ppp.de\/leagoeswest\/#website\"},\"datePublished\":\"2021-06-21T13:36:49+00:00\",\"dateModified\":\"2021-08-02T12:30:30+00:00\",\"breadcrumb\":{\"@id\":\"https:\/\/38ppp.de\/leagoeswest\/#breadcrumb\"},\"inLanguage\":\"de\",\"potentialAction\":[{\"@type\":\"ReadAction\",\"target\":[\"https:\/\/38ppp.de\/leagoeswest\/\"]}]},{\"@type\":\"BreadcrumbList\",\"@id\":\"https:\/\/38ppp.de\/leagoeswest\/#breadcrumb\",\"itemListElement\":[{\"@type\":\"ListItem\",\"position\":1,\"name\":\"Startseite\",\"item\":\"https:\/\/38ppp.de\/leagoeswest\/\"},{\"@type\":\"ListItem\",\"position\":2,\"name\":\"Home\"}]},{\"@type\":\"WebSite\",\"@id\":\"https:\/\/38ppp.de\/leagoeswest\/#website\",\"url\":\"https:\/\/38ppp.de\/leagoeswest\/\",\"name\":\"Lea goes West (this time for real)\",\"description\":\"Go west, life is peaceful there\",\"publisher\":{\"@id\":\"https:\/\/38ppp.de\/leagoeswest\/#organization\"},\"potentialAction\":[{\"@type\":\"SearchAction\",\"target\":{\"@type\":\"EntryPoint\",\"urlTemplate\":\"https:\/\/38ppp.de\/leagoeswest\/?s={search_term_string}\"},\"query-input\":{\"@type\":\"PropertyValueSpecification\",\"valueRequired\":true,\"valueName\":\"search_term_string\"}}],\"inLanguage\":\"de\"},{\"@type\":\"Organization\",\"@id\":\"https:\/\/38ppp.de\/leagoeswest\/#organization\",\"name\":\"Lea goes West (this time for real)\",\"url\":\"https:\/\/38ppp.de\/leagoeswest\/\",\"logo\":{\"@type\":\"ImageObject\",\"inLanguage\":\"de\",\"@id\":\"https:\/\/38ppp.de\/leagoeswest\/#\/schema\/logo\/image\/\",\"url\":\"https:\/\/38ppp.de\/leagoeswest\/wp-content\/uploads\/sites\/37\/2021\/06\/cropped-AEBB74C9-9B16-4612-BD40-BCB8AE115A30-1.png\",\"contentUrl\":\"https:\/\/38ppp.de\/leagoeswest\/wp-content\/uploads\/sites\/37\/2021\/06\/cropped-AEBB74C9-9B16-4612-BD40-BCB8AE115A30-1.png\",\"width\":305,\"height\":306,\"caption\":\"Lea goes West (this time for real)\"},\"image\":{\"@id\":\"https:\/\/38ppp.de\/leagoeswest\/#\/schema\/logo\/image\/\"}}]}<\/script>\n<!-- \/ Yoast SEO plugin. -->","yoast_head_json":{"title":"Home - Lea goes West (this time for real)","robots":{"index":"index","follow":"follow","max-snippet":"max-snippet:-1","max-image-preview":"max-image-preview:large","max-video-preview":"max-video-preview:-1"},"canonical":"https:\/\/38ppp.de\/leagoeswest\/","og_locale":"de_DE","og_type":"article","og_title":"Home - Lea goes West (this time for real)","og_description":"Servus! Du hast es also geschafft, auf meine Blogseite zu kommen! Das freut mich. \ud83d\ude42 Hier kann man mitverfolgen, was ich w\u00e4hrend meines Auslandsjahr erlebe. Am meisten freue ich mich nat\u00fcrlich \u00fcber Kommentare unter meinen Blogbeitr\u00e4gen, also bitte, don&#8217;t be shy and comment! \ud83d\ude42 Achtung! Ich habe keine Ahnung ob diese Seite Cookies oder \u00e4hnliches [&hellip;]","og_url":"https:\/\/38ppp.de\/leagoeswest\/","og_site_name":"Lea goes West (this time for real)","article_modified_time":"2021-08-02T12:30:30+00:00","twitter_card":"summary_large_image","twitter_misc":{"Gesch\u00e4tzte Lesezeit":"1\u00a0Minute"},"schema":{"@context":"https:\/\/schema.org","@graph":[{"@type":"WebPage","@id":"https:\/\/38ppp.de\/leagoeswest\/","url":"https:\/\/38ppp.de\/leagoeswest\/","name":"Home - Lea goes West (this time for real)","isPartOf":{"@id":"https:\/\/38ppp.de\/leagoeswest\/#website"},"datePublished":"2021-06-21T13:36:49+00:00","dateModified":"2021-08-02T12:30:30+00:00","breadcrumb":{"@id":"https:\/\/38ppp.de\/leagoeswest\/#breadcrumb"},"inLanguage":"de","potentialAction":[{"@type":"ReadAction","target":["https:\/\/38ppp.de\/leagoeswest\/"]}]},{"@type":"BreadcrumbList","@id":"https:\/\/38ppp.de\/leagoeswest\/#breadcrumb","itemListElement":[{"@type":"ListItem","position":1,"name":"Startseite","item":"https:\/\/38ppp.de\/leagoeswest\/"},{"@type":"ListItem","position":2,"name":"Home"}]},{"@type":"WebSite","@id":"https:\/\/38ppp.de\/leagoeswest\/#website","url":"https:\/\/38ppp.de\/leagoeswest\/","name":"Lea goes West (this time for real)","description":"Go west, life is peaceful there","publisher":{"@id":"https:\/\/38ppp.de\/leagoeswest\/#organization"},"potentialAction":[{"@type":"SearchAction","target":{"@type":"EntryPoint","urlTemplate":"https:\/\/38ppp.de\/leagoeswest\/?s={search_term_string}"},"query-input":{"@type":"PropertyValueSpecification","valueRequired":true,"valueName":"search_term_string"}}],"inLanguage":"de"},{"@type":"Organization","@id":"https:\/\/38ppp.de\/leagoeswest\/#organization","name":"Lea goes West (this time for real)","url":"https:\/\/38ppp.de\/leagoeswest\/","logo":{"@type":"ImageObject","inLanguage":"de","@id":"https:\/\/38ppp.de\/leagoeswest\/#\/schema\/logo\/image\/","url":"https:\/\/38ppp.de\/leagoeswest\/wp-content\/uploads\/sites\/37\/2021\/06\/cropped-AEBB74C9-9B16-4612-BD40-BCB8AE115A30-1.png","contentUrl":"https:\/\/38ppp.de\/leagoeswest\/wp-content\/uploads\/sites\/37\/2021\/06\/cropped-AEBB74C9-9B16-4612-BD40-BCB8AE115A30-1.png","width":305,"height":306,"caption":"Lea goes West (this time for real)"},"image":{"@id":"https:\/\/38ppp.de\/leagoeswest\/#\/schema\/logo\/image\/"}}]}},"_links":{"self":[{"href":"https:\/\/38ppp.de\/leagoeswest\/wp-json\/wp\/v2\/pages\/86","targetHints":{"allow":["GET"]}}],"collection":[{"href":"https:\/\/38ppp.de\/leagoeswest\/wp-json\/wp\/v2\/pages"}],"about":[{"href":"https:\/\/38ppp.de\/leagoeswest\/wp-json\/wp\/v2\/types\/page"}],"author":[{"embeddable":true,"href":"https:\/\/38ppp.de\/leagoeswest\/wp-json\/wp\/v2\/users\/37"}],"replies":[{"embeddable":true,"href":"https:\/\/38ppp.de\/leagoeswest\/wp-json\/wp\/v2\/comments?post=86"}],"version-history":[{"count":43,"href":"https:\/\/38ppp.de\/leagoeswest\/wp-json\/wp\/v2\/pages\/86\/revisions"}],"predecessor-version":[{"id":340,"href":"https:\/\/38ppp.de\/leagoeswest\/wp-json\/wp\/v2\/pages\/86\/revisions\/340"}],"wp:attachment":[{"href":"https:\/\/38ppp.de\/leagoeswest\/wp-json\/wp\/v2\/media?parent=86"}],"curies":[{"name":"wp","href":"https:\/\/api.w.org\/{rel}","templated":true}]}}