{"id":6,"date":"2021-06-21T10:39:41","date_gmt":"2021-06-21T08:39:41","guid":{"rendered":"https:\/\/38ppp.de\/leagoeswest\/?page_id=6"},"modified":"2022-05-19T02:34:05","modified_gmt":"2022-05-19T00:34:05","slug":"about-me","status":"publish","type":"page","link":"https:\/\/38ppp.de\/leagoeswest\/about-me\/","title":{"rendered":"About me"},"content":{"rendered":"<h2>Hi, ich bin die Lea!<\/h2>\n<p>Vielleicht sollte ich ein paar Worte zu mir sagen.<\/p>\n<p>Die USA hat mich schon fasziniert, seit ich in die Grundschule gegangen bin. Damals ist Barack Obama als erster schwarzer Pr\u00e4sident gew\u00e4hlt worden. Seit dem l\u00e4sst mich die USA nicht mehr los.<\/p>\n<p>Im Teenageralter habe ich dann angefangen, mein Zimmer mit amerikanischer Deko vollzupflastern. Alles, das die Freiheitsstatue oder die amerikanische Flagge abbildete, bekam in meiner Teenie-H\u00f6hle ein neues Zuhause. Und die Begeisterung f\u00fcr dieses Land reist einfach nicht ab.<\/p>\n<p>&#8222;Alle guten Dinge sind drei.&#8220;<br \/>Dieses Sprichwort passt auf das 38. PPP f\u00fcr mich wie die Faust aufs Auge. Nachdem ich beim 36. PPP in der letzten Runde ausgeschieden bin, es f\u00fcrs 37. PPP dann nochmal versucht habe und dieses dann abgesagt wurde, hat es nun mit dem 38. PPP geklappt!<\/p>\n<figure>\n\t\t\t\t\t\t\t\t\t\t<img decoding=\"async\" width=\"1024\" height=\"794\" src=\"http:\/\/38ppp.de\/leagoeswest\/wp-content\/uploads\/sites\/37\/2021\/06\/Lea-1024x794.jpg\" alt=\"\" loading=\"lazy\" \/><figcaption>Lea, mittlerweile 21, \u00e4ndert die Haarfarbe wie ein Cham\u00e4leon<\/figcaption><\/figure>\n<figure>\n\t\t\t\t\t\t\t\t\t\t\t<a href=\"https:\/\/de.wikipedia.org\/wiki\/Hausheim_(Berg_bei_Neumarkt_in_der_Oberpfalz)\"><br \/>\n\t\t\t\t\t\t\t<img decoding=\"async\" width=\"1024\" height=\"576\" src=\"http:\/\/38ppp.de\/leagoeswest\/wp-content\/uploads\/sites\/37\/2021\/06\/Hausheim_Berg_bei_Neumarkt_in_der_Oberpfalz_001-1024x576.jpg\" alt=\"\" loading=\"lazy\" \/>\t\t\t\t\t\t\t\t<\/a><figcaption>Hausheim, Gemeinde Berg bei Neumarkt in der Oberpfalz<\/figcaption><\/figure>\n<p>Hier komme ich \u00fcbrigens her.<\/p>\n<p>Aus der Gemeinde Berg bei Neumarkt in der Oberpfalz. Etwas genauer gesagt komme ich aus Hausheim, das liegt genau am Fu\u00dfe des Dillbergs.<\/p>\n<p>Ich habe 2019 meine Ausbildung zur Kauffrau f\u00fcr B\u00fcromanagement absolviert und war anschlie\u00dfend zwei Jahre als Projektkauffrau auf gro\u00dfen Baustellen t\u00e4tig.<\/p>\n<p>Freizeitaktivit\u00e4ten, denen ich gerne nachgehe, kann ich hier auch gerne kurz nennen. Wer mich kennt wei\u00df, dass ein Leben ohne Pferd, ohne Motorrad und ohne Netflix\u00a0 f\u00fcr mich unm\u00f6glich w\u00e4re. Ich engagiere mich au\u00dferdem ehrenamtlich bei der IG Metall Jugend in Regensburg.<\/p>\n<p>&#8222;Also Lea, und wo genau bist du dann in den USA?&#8220;<\/p>\n<p>Ja hier. Im Bundesstaat West Virginia in der Stadt Princeton. Die Stadt wurde laut Wikipedia in j\u00fcngerer Zeit oft als &#8222;Juwel des S\u00fcdens&#8220; oder &#8222;Herz des Mercer County&#8220; bezeichnet. Mit ca. 6.500 Einwohnern ist Princeton dann doch dezent gr\u00f6\u00dfer als Hausheim. Sehenswert ist dort auf jeden fall die Historische Altstadt auf dem Foto hier.<\/p>\n<p>UPDATE APRIL 2022<br \/>Ich wohne jetzt in Bluefield, Virginia. Das ist 20 Minuten von Princeton entfernt, da ich die Gastfamilie gewechselt habe.&nbsp;<\/p>\n<p>In Princeton ist es 9 Uhr Morgens wenn es bei uns bereits 15 Uhr ist.&nbsp;<\/p>\n<figure>\n\t\t\t\t\t\t\t\t\t\t\t<a href=\"https:\/\/en.wikipedia.org\/wiki\/Princeton,_West_Virginia\"><br \/>\n\t\t\t\t\t\t\t<img decoding=\"async\" width=\"1024\" height=\"577\" src=\"http:\/\/38ppp.de\/leagoeswest\/wp-content\/uploads\/sites\/37\/2021\/07\/cropped-Cool-Cruisin-Nights-aerial-5-1024x577.jpg\" alt=\"Princeton im Mercer County\" loading=\"lazy\" \/>\t\t\t\t\t\t\t\t<\/a><figcaption>Princeton im Mercer County<\/figcaption><\/figure>\n<p>Das ist meine Uni.\u00a0Die Concord University in Athens.\u00a0<\/p>\n<p>Auch hier habe ich Wikipedia befragt, und Wikipedia sagt, dass die Universit\u00e4t bekannt ist f\u00fcr den malerischen Campus, der als &#8222;The Campus Beautiful&#8220; <sup id=\"cite_ref-5\"><\/sup>bezeichnet wurde wegen seiner malerischen Lage auf einem H\u00fcgel mit Blick auf die Berge.<\/p>\n<p>Hier werde ich Principles of Management, Human Resources und Criminologie mit Zusatzkurs in Organisiertem Verbrechen studieren<\/p>\n<p>Klickt auf das Bild um einen Trailer der Concord University zu sehen. Ich kann es kaum erwarten!<\/p>\n<figure>\n\t\t\t\t\t\t\t\t\t\t\t<a href=\"https:\/\/www.bing.com\/videos\/search?q=concord+university+west+virginia+&#038;&#038;view=detail&#038;mid=89A5CE8745D06BEE5FBB89A5CE8745D06BEE5FBB&#038;&#038;FORM=VRDGAR&#038;ru=%2Fvideos%2Fsearch%3Fq%3Dconcord%2Buniversity%2Bwest%2Bvirginia%2B%26FORM%3DHDRSC3\"><br \/>\n\t\t\t\t\t\t\t<img decoding=\"async\" width=\"800\" height=\"533\" src=\"http:\/\/38ppp.de\/leagoeswest\/wp-content\/uploads\/sites\/37\/2021\/07\/Bell-tower-at-Concord-University.jpg\" alt=\"Concord University\" loading=\"lazy\" \/>\t\t\t\t\t\t\t\t<\/a><figcaption>Concord University<\/figcaption><\/figure>\n<p>\t\t\t<a href=\"https:\/\/susanne-hierl.de\/\"><br \/>\n\t\t\t\t\t\t<\/a><\/p>\n<p>Wenn ihr hier links auf das Icon klickt, kommt ihr direkt auf die Website meiner neuen Patenabgeordneten Susanne Hierl.\u00a0<br \/>Sie ist die Bundestagsabgeordnete des Wahlkreises 232 Amberg-Sulzbach und dank ihrem Vorg\u00e4nger, Alois Karl, habe ich nun diese tolle M\u00f6glichkeit, ein Jahr in den USA zu leben.\u00a0<\/p>\n<p>Social Media habe ich nat\u00fcrlich auch, wer m\u00f6chte, kann gerne dort weiter stalken. \ud83d\ude42<\/p>\n<p>\t\t\t<a href=\"https:\/\/instagram.com\/leaw.ar\"><br \/>\n\t\t\t\t\t\t<\/a><br \/>\n\t\t\t<a href=\"https:\/\/twitter.com\/LeaW65888162?s=03\"><br \/>\n\t\t\t\t\t\t<\/a><br \/>\n\t\t\t<a href=\"https:\/\/www.facebook.com\/lea.warda.148\"><br \/>\n\t\t\t\t\t\t<\/a><br \/>\n\t\t\t<a href=\"https:\/\/www.snapchat.com\/add\/leawarda\"><br \/>\n\t\t\t\t\t\t<\/a><br \/>\n\t\t\t<a href=\"https:\/\/www.linkedin.com\/in\/lea-warda-993864213%20\"><br \/>\n\t\t\t\t\t\t<\/a><br \/>\n\t\t\t<a href=\"https:\/\/www.xing.com\/profile\/Lea_Warda%20\"><br \/>\n\t\t\t\t\t\t<\/a><\/p>\n","protected":false},"excerpt":{"rendered":"<p>Hi, ich bin die Lea! Vielleicht sollte ich ein paar Worte zu mir sagen. Die USA hat mich schon fasziniert, seit ich in die Grundschule gegangen bin. Damals ist Barack Obama als erster schwarzer Pr\u00e4sident gew\u00e4hlt worden. Seit dem l\u00e4sst mich die USA nicht mehr los. Im Teenageralter habe ich dann angefangen, mein Zimmer mit [&hellip;]<\/p>\n","protected":false},"author":37,"featured_media":0,"parent":0,"menu_order":0,"comment_status":"closed","ping_status":"closed","template":"","meta":{"_themeisle_gutenberg_block_has_review":false,"footnotes":"","_links_to":"","_links_to_target":""},"class_list":["post-6","page","type-page","status-publish","hentry"],"yoast_head":"<!-- This site is optimized with the Yoast SEO plugin v26.8 - https:\/\/yoast.com\/product\/yoast-seo-wordpress\/ -->\n<title>About me - Lea goes West (this time for real)<\/title>\n<meta name=\"robots\" content=\"index, follow, max-snippet:-1, max-image-preview:large, max-video-preview:-1\" \/>\n<link rel=\"canonical\" href=\"https:\/\/38ppp.de\/leagoeswest\/about-me\/\" \/>\n<meta property=\"og:locale\" content=\"de_DE\" \/>\n<meta property=\"og:type\" content=\"article\" \/>\n<meta property=\"og:title\" content=\"About me - Lea goes West (this time for real)\" \/>\n<meta property=\"og:description\" content=\"Hi, ich bin die Lea! Vielleicht sollte ich ein paar Worte zu mir sagen. Die USA hat mich schon fasziniert, seit ich in die Grundschule gegangen bin. Damals ist Barack Obama als erster schwarzer Pr\u00e4sident gew\u00e4hlt worden. Seit dem l\u00e4sst mich die USA nicht mehr los. Im Teenageralter habe ich dann angefangen, mein Zimmer mit [&hellip;]\" \/>\n<meta property=\"og:url\" content=\"https:\/\/38ppp.de\/leagoeswest\/about-me\/\" \/>\n<meta property=\"og:site_name\" content=\"Lea goes West (this time for real)\" \/>\n<meta property=\"article:modified_time\" content=\"2022-05-19T00:34:05+00:00\" \/>\n<meta property=\"og:image\" content=\"http:\/\/38ppp.de\/leagoeswest\/wp-content\/uploads\/sites\/37\/2021\/06\/Lea-1024x794.jpg\" \/>\n<meta name=\"twitter:card\" content=\"summary_large_image\" \/>\n<meta name=\"twitter:label1\" content=\"Gesch\u00e4tzte Lesezeit\" \/>\n\t<meta name=\"twitter:data1\" content=\"4\u00a0Minuten\" \/>\n<script type=\"application\/ld+json\" class=\"yoast-schema-graph\">{\"@context\":\"https:\/\/schema.org\",\"@graph\":[{\"@type\":\"WebPage\",\"@id\":\"https:\/\/38ppp.de\/leagoeswest\/about-me\/\",\"url\":\"https:\/\/38ppp.de\/leagoeswest\/about-me\/\",\"name\":\"About me - Lea goes West (this time for real)\",\"isPartOf\":{\"@id\":\"https:\/\/38ppp.de\/leagoeswest\/#website\"},\"primaryImageOfPage\":{\"@id\":\"https:\/\/38ppp.de\/leagoeswest\/about-me\/#primaryimage\"},\"image\":{\"@id\":\"https:\/\/38ppp.de\/leagoeswest\/about-me\/#primaryimage\"},\"thumbnailUrl\":\"http:\/\/38ppp.de\/leagoeswest\/wp-content\/uploads\/sites\/37\/2021\/06\/Lea-1024x794.jpg\",\"datePublished\":\"2021-06-21T08:39:41+00:00\",\"dateModified\":\"2022-05-19T00:34:05+00:00\",\"breadcrumb\":{\"@id\":\"https:\/\/38ppp.de\/leagoeswest\/about-me\/#breadcrumb\"},\"inLanguage\":\"de\",\"potentialAction\":[{\"@type\":\"ReadAction\",\"target\":[\"https:\/\/38ppp.de\/leagoeswest\/about-me\/\"]}]},{\"@type\":\"ImageObject\",\"inLanguage\":\"de\",\"@id\":\"https:\/\/38ppp.de\/leagoeswest\/about-me\/#primaryimage\",\"url\":\"http:\/\/38ppp.de\/leagoeswest\/wp-content\/uploads\/sites\/37\/2021\/06\/Lea-1024x794.jpg\",\"contentUrl\":\"http:\/\/38ppp.de\/leagoeswest\/wp-content\/uploads\/sites\/37\/2021\/06\/Lea-1024x794.jpg\"},{\"@type\":\"BreadcrumbList\",\"@id\":\"https:\/\/38ppp.de\/leagoeswest\/about-me\/#breadcrumb\",\"itemListElement\":[{\"@type\":\"ListItem\",\"position\":1,\"name\":\"Startseite\",\"item\":\"https:\/\/38ppp.de\/leagoeswest\/\"},{\"@type\":\"ListItem\",\"position\":2,\"name\":\"About me\"}]},{\"@type\":\"WebSite\",\"@id\":\"https:\/\/38ppp.de\/leagoeswest\/#website\",\"url\":\"https:\/\/38ppp.de\/leagoeswest\/\",\"name\":\"Lea goes West (this time for real)\",\"description\":\"Go west, life is peaceful there\",\"publisher\":{\"@id\":\"https:\/\/38ppp.de\/leagoeswest\/#organization\"},\"potentialAction\":[{\"@type\":\"SearchAction\",\"target\":{\"@type\":\"EntryPoint\",\"urlTemplate\":\"https:\/\/38ppp.de\/leagoeswest\/?s={search_term_string}\"},\"query-input\":{\"@type\":\"PropertyValueSpecification\",\"valueRequired\":true,\"valueName\":\"search_term_string\"}}],\"inLanguage\":\"de\"},{\"@type\":\"Organization\",\"@id\":\"https:\/\/38ppp.de\/leagoeswest\/#organization\",\"name\":\"Lea goes West (this time for real)\",\"url\":\"https:\/\/38ppp.de\/leagoeswest\/\",\"logo\":{\"@type\":\"ImageObject\",\"inLanguage\":\"de\",\"@id\":\"https:\/\/38ppp.de\/leagoeswest\/#\/schema\/logo\/image\/\",\"url\":\"https:\/\/38ppp.de\/leagoeswest\/wp-content\/uploads\/sites\/37\/2021\/06\/cropped-AEBB74C9-9B16-4612-BD40-BCB8AE115A30-1.png\",\"contentUrl\":\"https:\/\/38ppp.de\/leagoeswest\/wp-content\/uploads\/sites\/37\/2021\/06\/cropped-AEBB74C9-9B16-4612-BD40-BCB8AE115A30-1.png\",\"width\":305,\"height\":306,\"caption\":\"Lea goes West (this time for real)\"},\"image\":{\"@id\":\"https:\/\/38ppp.de\/leagoeswest\/#\/schema\/logo\/image\/\"}}]}<\/script>\n<!-- \/ Yoast SEO plugin. -->","yoast_head_json":{"title":"About me - Lea goes West (this time for real)","robots":{"index":"index","follow":"follow","max-snippet":"max-snippet:-1","max-image-preview":"max-image-preview:large","max-video-preview":"max-video-preview:-1"},"canonical":"https:\/\/38ppp.de\/leagoeswest\/about-me\/","og_locale":"de_DE","og_type":"article","og_title":"About me - Lea goes West (this time for real)","og_description":"Hi, ich bin die Lea! Vielleicht sollte ich ein paar Worte zu mir sagen. Die USA hat mich schon fasziniert, seit ich in die Grundschule gegangen bin. Damals ist Barack Obama als erster schwarzer Pr\u00e4sident gew\u00e4hlt worden. Seit dem l\u00e4sst mich die USA nicht mehr los. Im Teenageralter habe ich dann angefangen, mein Zimmer mit [&hellip;]","og_url":"https:\/\/38ppp.de\/leagoeswest\/about-me\/","og_site_name":"Lea goes West (this time for real)","article_modified_time":"2022-05-19T00:34:05+00:00","og_image":[{"url":"http:\/\/38ppp.de\/leagoeswest\/wp-content\/uploads\/sites\/37\/2021\/06\/Lea-1024x794.jpg","type":"","width":"","height":""}],"twitter_card":"summary_large_image","twitter_misc":{"Gesch\u00e4tzte Lesezeit":"4\u00a0Minuten"},"schema":{"@context":"https:\/\/schema.org","@graph":[{"@type":"WebPage","@id":"https:\/\/38ppp.de\/leagoeswest\/about-me\/","url":"https:\/\/38ppp.de\/leagoeswest\/about-me\/","name":"About me - Lea goes West (this time for real)","isPartOf":{"@id":"https:\/\/38ppp.de\/leagoeswest\/#website"},"primaryImageOfPage":{"@id":"https:\/\/38ppp.de\/leagoeswest\/about-me\/#primaryimage"},"image":{"@id":"https:\/\/38ppp.de\/leagoeswest\/about-me\/#primaryimage"},"thumbnailUrl":"http:\/\/38ppp.de\/leagoeswest\/wp-content\/uploads\/sites\/37\/2021\/06\/Lea-1024x794.jpg","datePublished":"2021-06-21T08:39:41+00:00","dateModified":"2022-05-19T00:34:05+00:00","breadcrumb":{"@id":"https:\/\/38ppp.de\/leagoeswest\/about-me\/#breadcrumb"},"inLanguage":"de","potentialAction":[{"@type":"ReadAction","target":["https:\/\/38ppp.de\/leagoeswest\/about-me\/"]}]},{"@type":"ImageObject","inLanguage":"de","@id":"https:\/\/38ppp.de\/leagoeswest\/about-me\/#primaryimage","url":"http:\/\/38ppp.de\/leagoeswest\/wp-content\/uploads\/sites\/37\/2021\/06\/Lea-1024x794.jpg","contentUrl":"http:\/\/38ppp.de\/leagoeswest\/wp-content\/uploads\/sites\/37\/2021\/06\/Lea-1024x794.jpg"},{"@type":"BreadcrumbList","@id":"https:\/\/38ppp.de\/leagoeswest\/about-me\/#breadcrumb","itemListElement":[{"@type":"ListItem","position":1,"name":"Startseite","item":"https:\/\/38ppp.de\/leagoeswest\/"},{"@type":"ListItem","position":2,"name":"About me"}]},{"@type":"WebSite","@id":"https:\/\/38ppp.de\/leagoeswest\/#website","url":"https:\/\/38ppp.de\/leagoeswest\/","name":"Lea goes West (this time for real)","description":"Go west, life is peaceful there","publisher":{"@id":"https:\/\/38ppp.de\/leagoeswest\/#organization"},"potentialAction":[{"@type":"SearchAction","target":{"@type":"EntryPoint","urlTemplate":"https:\/\/38ppp.de\/leagoeswest\/?s={search_term_string}"},"query-input":{"@type":"PropertyValueSpecification","valueRequired":true,"valueName":"search_term_string"}}],"inLanguage":"de"},{"@type":"Organization","@id":"https:\/\/38ppp.de\/leagoeswest\/#organization","name":"Lea goes West (this time for real)","url":"https:\/\/38ppp.de\/leagoeswest\/","logo":{"@type":"ImageObject","inLanguage":"de","@id":"https:\/\/38ppp.de\/leagoeswest\/#\/schema\/logo\/image\/","url":"https:\/\/38ppp.de\/leagoeswest\/wp-content\/uploads\/sites\/37\/2021\/06\/cropped-AEBB74C9-9B16-4612-BD40-BCB8AE115A30-1.png","contentUrl":"https:\/\/38ppp.de\/leagoeswest\/wp-content\/uploads\/sites\/37\/2021\/06\/cropped-AEBB74C9-9B16-4612-BD40-BCB8AE115A30-1.png","width":305,"height":306,"caption":"Lea goes West (this time for real)"},"image":{"@id":"https:\/\/38ppp.de\/leagoeswest\/#\/schema\/logo\/image\/"}}]}},"_links":{"self":[{"href":"https:\/\/38ppp.de\/leagoeswest\/wp-json\/wp\/v2\/pages\/6","targetHints":{"allow":["GET"]}}],"collection":[{"href":"https:\/\/38ppp.de\/leagoeswest\/wp-json\/wp\/v2\/pages"}],"about":[{"href":"https:\/\/38ppp.de\/leagoeswest\/wp-json\/wp\/v2\/types\/page"}],"author":[{"embeddable":true,"href":"https:\/\/38ppp.de\/leagoeswest\/wp-json\/wp\/v2\/users\/37"}],"replies":[{"embeddable":true,"href":"https:\/\/38ppp.de\/leagoeswest\/wp-json\/wp\/v2\/comments?post=6"}],"version-history":[{"count":115,"href":"https:\/\/38ppp.de\/leagoeswest\/wp-json\/wp\/v2\/pages\/6\/revisions"}],"predecessor-version":[{"id":564,"href":"https:\/\/38ppp.de\/leagoeswest\/wp-json\/wp\/v2\/pages\/6\/revisions\/564"}],"wp:attachment":[{"href":"https:\/\/38ppp.de\/leagoeswest\/wp-json\/wp\/v2\/media?parent=6"}],"curies":[{"name":"wp","href":"https:\/\/api.w.org\/{rel}","templated":true}]}}