{"id":7,"date":"2021-06-26T11:31:19","date_gmt":"2021-06-26T09:31:19","guid":{"rendered":"https:\/\/38ppp.de\/karlasblog\/?page_id=7"},"modified":"2021-07-22T18:08:03","modified_gmt":"2021-07-22T16:08:03","slug":"ueber-mich","status":"publish","type":"page","link":"https:\/\/38ppp.de\/karlasblog\/ueber-mich\/","title":{"rendered":"\u00dcber mich"},"content":{"rendered":"\n<blockquote class=\"wp-block-quote is-layout-flow wp-block-quote-is-layout-flow\"><p>\u201cDon\u2019t be afraid to give up the good and go for the great.\u201d<\/p><\/blockquote>\n\n\n\n<p>Mein Name ist Karla Lange und ich bin eine der 75 Stipendiat*innen des 38. Parlamentarischen Patenschafts-Programms. Auf diesem Blog nehme ich dich mit in mein Jahr in den USA. <\/p>\n\n\n\n<p>Ich bin 21 Jahre alt und wohne in der sch\u00f6nen Landeshauptstadt Potsdam. Meine Berufsausbildung zur Kauffrau f\u00fcr B\u00fcromanagement habe ich 2019 bei der Industrie- und Handelskammer in Potsdam abgeschlossen. Dort bin ich auch weiterhin t\u00e4tig. <\/p>\n\n\n\n<p>Ich mag Musik und habe viele Jahre lang Geige gespielt. Ich bin ein echter Tierfreund und daher bei der Tierrettung Potsdam aktiv. Mittlerweile ist meine gr\u00f6\u00dfte Leidenschaft jedoch das Reisen &#8211; am liebsten immer an einen neuen Ort!<\/p>\n\n\n\n<p>Meine Abgeordnete aus dem Bundestag ist Dr. Saskia Ludwig von der CDU. Durch sie wurde ich f\u00fcr den Wahlkreis 61 Potsdam \u2013 Potsdam-Mittelmark II \u2013 Teltow-Fl\u00e4ming nominiert.<\/p>\n\n\n\n<div class=\"wp-block-columns are-vertically-aligned-top is-layout-flex wp-container-core-columns-is-layout-1 wp-block-columns-is-layout-flex\">\n<div class=\"wp-block-column is-vertically-aligned-top is-layout-flow wp-block-column-is-layout-flow\" style=\"flex-basis:100%\"><\/div>\n<\/div>\n\n\n\n<div class=\"wp-block-columns is-layout-flex wp-container-core-columns-is-layout-2 wp-block-columns-is-layout-flex\">\n<div class=\"wp-block-column is-layout-flow wp-block-column-is-layout-flow\" style=\"flex-basis:100%\"><\/div>\n<\/div>\n\n\n\n<figure class=\"wp-block-gallery columns-2 is-cropped wp-block-gallery-1 is-layout-flex wp-block-gallery-is-layout-flex\"><ul class=\"blocks-gallery-grid\"><li class=\"blocks-gallery-item\"><figure><img loading=\"lazy\" decoding=\"async\" width=\"746\" height=\"1024\" src=\"https:\/\/38ppp.de\/karlasblog\/wp-content\/uploads\/sites\/15\/2021\/07\/27249C8A-2221-405A-A97F-A900C1C8F0AC-006CC75E-5209-4721-A003-253A211B8646-1-746x1024.jpeg\" alt=\"\" data-id=\"71\" data-full-url=\"https:\/\/38ppp.de\/karlasblog\/wp-content\/uploads\/sites\/15\/2021\/07\/27249C8A-2221-405A-A97F-A900C1C8F0AC-006CC75E-5209-4721-A003-253A211B8646-1-scaled.jpeg\" data-link=\"https:\/\/38ppp.de\/karlasblog\/ueber-mich\/27249c8a-2221-405a-a97f-a900c1c8f0ac-006cc75e-5209-4721-a003-253a211b8646-1\/\" class=\"wp-image-71\" srcset=\"https:\/\/38ppp.de\/karlasblog\/wp-content\/uploads\/sites\/15\/2021\/07\/27249C8A-2221-405A-A97F-A900C1C8F0AC-006CC75E-5209-4721-A003-253A211B8646-1-746x1024.jpeg 746w, https:\/\/38ppp.de\/karlasblog\/wp-content\/uploads\/sites\/15\/2021\/07\/27249C8A-2221-405A-A97F-A900C1C8F0AC-006CC75E-5209-4721-A003-253A211B8646-1-219x300.jpeg 219w, https:\/\/38ppp.de\/karlasblog\/wp-content\/uploads\/sites\/15\/2021\/07\/27249C8A-2221-405A-A97F-A900C1C8F0AC-006CC75E-5209-4721-A003-253A211B8646-1-768x1054.jpeg 768w, https:\/\/38ppp.de\/karlasblog\/wp-content\/uploads\/sites\/15\/2021\/07\/27249C8A-2221-405A-A97F-A900C1C8F0AC-006CC75E-5209-4721-A003-253A211B8646-1-1120x1536.jpeg 1120w, https:\/\/38ppp.de\/karlasblog\/wp-content\/uploads\/sites\/15\/2021\/07\/27249C8A-2221-405A-A97F-A900C1C8F0AC-006CC75E-5209-4721-A003-253A211B8646-1-1493x2048.jpeg 1493w, https:\/\/38ppp.de\/karlasblog\/wp-content\/uploads\/sites\/15\/2021\/07\/27249C8A-2221-405A-A97F-A900C1C8F0AC-006CC75E-5209-4721-A003-253A211B8646-1-197x270.jpeg 197w, https:\/\/38ppp.de\/karlasblog\/wp-content\/uploads\/sites\/15\/2021\/07\/27249C8A-2221-405A-A97F-A900C1C8F0AC-006CC75E-5209-4721-A003-253A211B8646-1-scaled.jpeg 1866w\" sizes=\"auto, (max-width: 746px) 100vw, 746px\" \/><\/figure><\/li><li class=\"blocks-gallery-item\"><figure><img loading=\"lazy\" decoding=\"async\" width=\"854\" height=\"1024\" src=\"https:\/\/38ppp.de\/karlasblog\/wp-content\/uploads\/sites\/15\/2021\/07\/IMG_6262-1-854x1024.jpg\" alt=\"\" data-id=\"72\" data-full-url=\"https:\/\/38ppp.de\/karlasblog\/wp-content\/uploads\/sites\/15\/2021\/07\/IMG_6262-1.jpg\" data-link=\"https:\/\/38ppp.de\/karlasblog\/ueber-mich\/img_6262-1\/\" class=\"wp-image-72\" srcset=\"https:\/\/38ppp.de\/karlasblog\/wp-content\/uploads\/sites\/15\/2021\/07\/IMG_6262-1-854x1024.jpg 854w, https:\/\/38ppp.de\/karlasblog\/wp-content\/uploads\/sites\/15\/2021\/07\/IMG_6262-1-250x300.jpg 250w, https:\/\/38ppp.de\/karlasblog\/wp-content\/uploads\/sites\/15\/2021\/07\/IMG_6262-1-768x921.jpg 768w, https:\/\/38ppp.de\/karlasblog\/wp-content\/uploads\/sites\/15\/2021\/07\/IMG_6262-1-1281x1536.jpg 1281w, https:\/\/38ppp.de\/karlasblog\/wp-content\/uploads\/sites\/15\/2021\/07\/IMG_6262-1-225x270.jpg 225w, https:\/\/38ppp.de\/karlasblog\/wp-content\/uploads\/sites\/15\/2021\/07\/IMG_6262-1.jpg 1355w\" sizes=\"auto, (max-width: 854px) 100vw, 854px\" \/><\/figure><\/li><\/ul><\/figure>\n","protected":false},"excerpt":{"rendered":"<p>\u201cDon\u2019t be afraid to give up the good and go for the great.\u201d Mein Name ist Karla Lange und ich bin eine der 75 Stipendiat*innen des 38. Parlamentarischen Patenschafts-Programms. Auf diesem Blog nehme ich dich mit in mein Jahr in den USA. Ich bin 21 Jahre alt und wohne in der sch\u00f6nen Landeshauptstadt Potsdam. Meine Berufsausbildung zur Kauffrau f\u00fcr B\u00fcromanagement habe ich 2019 bei der Industrie- und Handelskammer in Potsdam abgeschlossen. Dort bin ich auch weiterhin t\u00e4tig. Ich mag Musik&#8230;<\/p>\n<p class=\"read-more\"><a class=\"btn btn-default\" href=\"https:\/\/38ppp.de\/karlasblog\/ueber-mich\/\">Weiterlesen<span class=\"screen-reader-text\"> Weiterlesen<\/span><\/a><\/p>\n","protected":false},"author":16,"featured_media":0,"parent":0,"menu_order":0,"comment_status":"closed","ping_status":"closed","template":"","meta":{"_themeisle_gutenberg_block_has_review":false,"footnotes":"","_links_to":"","_links_to_target":""},"class_list":["post-7","page","type-page","status-publish","hentry"],"yoast_head":"<!-- This site is optimized with the Yoast SEO plugin v26.8 - https:\/\/yoast.com\/product\/yoast-seo-wordpress\/ -->\n<title>\u00dcber mich - Karla in den USA<\/title>\n<meta name=\"robots\" content=\"index, follow, max-snippet:-1, max-image-preview:large, max-video-preview:-1\" \/>\n<link rel=\"canonical\" href=\"https:\/\/38ppp.de\/karlasblog\/ueber-mich\/\" \/>\n<meta property=\"og:locale\" content=\"de_DE\" \/>\n<meta property=\"og:type\" content=\"article\" \/>\n<meta property=\"og:title\" content=\"\u00dcber mich - Karla in den USA\" \/>\n<meta property=\"og:description\" content=\"\u201cDon\u2019t be afraid to give up the good and go for the great.\u201d Mein Name ist Karla Lange und ich bin eine der 75 Stipendiat*innen des 38. Parlamentarischen Patenschafts-Programms. Auf diesem Blog nehme ich dich mit in mein Jahr in den USA. Ich bin 21 Jahre alt und wohne in der sch\u00f6nen Landeshauptstadt Potsdam. Meine Berufsausbildung zur Kauffrau f\u00fcr B\u00fcromanagement habe ich 2019 bei der Industrie- und Handelskammer in Potsdam abgeschlossen. Dort bin ich auch weiterhin t\u00e4tig. Ich mag Musik...Weiterlesen Weiterlesen\" \/>\n<meta property=\"og:url\" content=\"https:\/\/38ppp.de\/karlasblog\/ueber-mich\/\" \/>\n<meta property=\"og:site_name\" content=\"Karla in den USA\" \/>\n<meta property=\"article:modified_time\" content=\"2021-07-22T16:08:03+00:00\" \/>\n<meta property=\"og:image\" content=\"https:\/\/38ppp.de\/karlasblog\/wp-content\/uploads\/sites\/15\/2021\/07\/27249C8A-2221-405A-A97F-A900C1C8F0AC-006CC75E-5209-4721-A003-253A211B8646-1-746x1024.jpeg\" \/>\n<meta name=\"twitter:card\" content=\"summary_large_image\" \/>\n<meta name=\"twitter:label1\" content=\"Gesch\u00e4tzte Lesezeit\" \/>\n\t<meta name=\"twitter:data1\" content=\"2\u00a0Minuten\" \/>\n<script type=\"application\/ld+json\" class=\"yoast-schema-graph\">{\"@context\":\"https:\/\/schema.org\",\"@graph\":[{\"@type\":\"WebPage\",\"@id\":\"https:\/\/38ppp.de\/karlasblog\/ueber-mich\/\",\"url\":\"https:\/\/38ppp.de\/karlasblog\/ueber-mich\/\",\"name\":\"\u00dcber mich - Karla in den USA\",\"isPartOf\":{\"@id\":\"https:\/\/38ppp.de\/karlasblog\/#website\"},\"primaryImageOfPage\":{\"@id\":\"https:\/\/38ppp.de\/karlasblog\/ueber-mich\/#primaryimage\"},\"image\":{\"@id\":\"https:\/\/38ppp.de\/karlasblog\/ueber-mich\/#primaryimage\"},\"thumbnailUrl\":\"https:\/\/38ppp.de\/karlasblog\/wp-content\/uploads\/sites\/15\/2021\/07\/27249C8A-2221-405A-A97F-A900C1C8F0AC-006CC75E-5209-4721-A003-253A211B8646-1-746x1024.jpeg\",\"datePublished\":\"2021-06-26T09:31:19+00:00\",\"dateModified\":\"2021-07-22T16:08:03+00:00\",\"breadcrumb\":{\"@id\":\"https:\/\/38ppp.de\/karlasblog\/ueber-mich\/#breadcrumb\"},\"inLanguage\":\"de\",\"potentialAction\":[{\"@type\":\"ReadAction\",\"target\":[\"https:\/\/38ppp.de\/karlasblog\/ueber-mich\/\"]}]},{\"@type\":\"ImageObject\",\"inLanguage\":\"de\",\"@id\":\"https:\/\/38ppp.de\/karlasblog\/ueber-mich\/#primaryimage\",\"url\":\"https:\/\/38ppp.de\/karlasblog\/wp-content\/uploads\/sites\/15\/2021\/07\/27249C8A-2221-405A-A97F-A900C1C8F0AC-006CC75E-5209-4721-A003-253A211B8646-1-scaled.jpeg\",\"contentUrl\":\"https:\/\/38ppp.de\/karlasblog\/wp-content\/uploads\/sites\/15\/2021\/07\/27249C8A-2221-405A-A97F-A900C1C8F0AC-006CC75E-5209-4721-A003-253A211B8646-1-scaled.jpeg\",\"width\":1866,\"height\":2560},{\"@type\":\"BreadcrumbList\",\"@id\":\"https:\/\/38ppp.de\/karlasblog\/ueber-mich\/#breadcrumb\",\"itemListElement\":[{\"@type\":\"ListItem\",\"position\":1,\"name\":\"Startseite\",\"item\":\"https:\/\/38ppp.de\/karlasblog\/\"},{\"@type\":\"ListItem\",\"position\":2,\"name\":\"\u00dcber mich\"}]},{\"@type\":\"WebSite\",\"@id\":\"https:\/\/38ppp.de\/karlasblog\/#website\",\"url\":\"https:\/\/38ppp.de\/karlasblog\/\",\"name\":\"Karla in den USA\",\"description\":\"\",\"potentialAction\":[{\"@type\":\"SearchAction\",\"target\":{\"@type\":\"EntryPoint\",\"urlTemplate\":\"https:\/\/38ppp.de\/karlasblog\/?s={search_term_string}\"},\"query-input\":{\"@type\":\"PropertyValueSpecification\",\"valueRequired\":true,\"valueName\":\"search_term_string\"}}],\"inLanguage\":\"de\"}]}<\/script>\n<!-- \/ Yoast SEO plugin. -->","yoast_head_json":{"title":"\u00dcber mich - Karla in den USA","robots":{"index":"index","follow":"follow","max-snippet":"max-snippet:-1","max-image-preview":"max-image-preview:large","max-video-preview":"max-video-preview:-1"},"canonical":"https:\/\/38ppp.de\/karlasblog\/ueber-mich\/","og_locale":"de_DE","og_type":"article","og_title":"\u00dcber mich - Karla in den USA","og_description":"\u201cDon\u2019t be afraid to give up the good and go for the great.\u201d Mein Name ist Karla Lange und ich bin eine der 75 Stipendiat*innen des 38. Parlamentarischen Patenschafts-Programms. Auf diesem Blog nehme ich dich mit in mein Jahr in den USA. Ich bin 21 Jahre alt und wohne in der sch\u00f6nen Landeshauptstadt Potsdam. Meine Berufsausbildung zur Kauffrau f\u00fcr B\u00fcromanagement habe ich 2019 bei der Industrie- und Handelskammer in Potsdam abgeschlossen. Dort bin ich auch weiterhin t\u00e4tig. Ich mag Musik...Weiterlesen Weiterlesen","og_url":"https:\/\/38ppp.de\/karlasblog\/ueber-mich\/","og_site_name":"Karla in den USA","article_modified_time":"2021-07-22T16:08:03+00:00","og_image":[{"url":"https:\/\/38ppp.de\/karlasblog\/wp-content\/uploads\/sites\/15\/2021\/07\/27249C8A-2221-405A-A97F-A900C1C8F0AC-006CC75E-5209-4721-A003-253A211B8646-1-746x1024.jpeg","type":"","width":"","height":""}],"twitter_card":"summary_large_image","twitter_misc":{"Gesch\u00e4tzte Lesezeit":"2\u00a0Minuten"},"schema":{"@context":"https:\/\/schema.org","@graph":[{"@type":"WebPage","@id":"https:\/\/38ppp.de\/karlasblog\/ueber-mich\/","url":"https:\/\/38ppp.de\/karlasblog\/ueber-mich\/","name":"\u00dcber mich - Karla in den USA","isPartOf":{"@id":"https:\/\/38ppp.de\/karlasblog\/#website"},"primaryImageOfPage":{"@id":"https:\/\/38ppp.de\/karlasblog\/ueber-mich\/#primaryimage"},"image":{"@id":"https:\/\/38ppp.de\/karlasblog\/ueber-mich\/#primaryimage"},"thumbnailUrl":"https:\/\/38ppp.de\/karlasblog\/wp-content\/uploads\/sites\/15\/2021\/07\/27249C8A-2221-405A-A97F-A900C1C8F0AC-006CC75E-5209-4721-A003-253A211B8646-1-746x1024.jpeg","datePublished":"2021-06-26T09:31:19+00:00","dateModified":"2021-07-22T16:08:03+00:00","breadcrumb":{"@id":"https:\/\/38ppp.de\/karlasblog\/ueber-mich\/#breadcrumb"},"inLanguage":"de","potentialAction":[{"@type":"ReadAction","target":["https:\/\/38ppp.de\/karlasblog\/ueber-mich\/"]}]},{"@type":"ImageObject","inLanguage":"de","@id":"https:\/\/38ppp.de\/karlasblog\/ueber-mich\/#primaryimage","url":"https:\/\/38ppp.de\/karlasblog\/wp-content\/uploads\/sites\/15\/2021\/07\/27249C8A-2221-405A-A97F-A900C1C8F0AC-006CC75E-5209-4721-A003-253A211B8646-1-scaled.jpeg","contentUrl":"https:\/\/38ppp.de\/karlasblog\/wp-content\/uploads\/sites\/15\/2021\/07\/27249C8A-2221-405A-A97F-A900C1C8F0AC-006CC75E-5209-4721-A003-253A211B8646-1-scaled.jpeg","width":1866,"height":2560},{"@type":"BreadcrumbList","@id":"https:\/\/38ppp.de\/karlasblog\/ueber-mich\/#breadcrumb","itemListElement":[{"@type":"ListItem","position":1,"name":"Startseite","item":"https:\/\/38ppp.de\/karlasblog\/"},{"@type":"ListItem","position":2,"name":"\u00dcber mich"}]},{"@type":"WebSite","@id":"https:\/\/38ppp.de\/karlasblog\/#website","url":"https:\/\/38ppp.de\/karlasblog\/","name":"Karla in den USA","description":"","potentialAction":[{"@type":"SearchAction","target":{"@type":"EntryPoint","urlTemplate":"https:\/\/38ppp.de\/karlasblog\/?s={search_term_string}"},"query-input":{"@type":"PropertyValueSpecification","valueRequired":true,"valueName":"search_term_string"}}],"inLanguage":"de"}]}},"_links":{"self":[{"href":"https:\/\/38ppp.de\/karlasblog\/wp-json\/wp\/v2\/pages\/7","targetHints":{"allow":["GET"]}}],"collection":[{"href":"https:\/\/38ppp.de\/karlasblog\/wp-json\/wp\/v2\/pages"}],"about":[{"href":"https:\/\/38ppp.de\/karlasblog\/wp-json\/wp\/v2\/types\/page"}],"author":[{"embeddable":true,"href":"https:\/\/38ppp.de\/karlasblog\/wp-json\/wp\/v2\/users\/16"}],"replies":[{"embeddable":true,"href":"https:\/\/38ppp.de\/karlasblog\/wp-json\/wp\/v2\/comments?post=7"}],"version-history":[{"count":8,"href":"https:\/\/38ppp.de\/karlasblog\/wp-json\/wp\/v2\/pages\/7\/revisions"}],"predecessor-version":[{"id":80,"href":"https:\/\/38ppp.de\/karlasblog\/wp-json\/wp\/v2\/pages\/7\/revisions\/80"}],"wp:attachment":[{"href":"https:\/\/38ppp.de\/karlasblog\/wp-json\/wp\/v2\/media?parent=7"}],"curies":[{"name":"wp","href":"https:\/\/api.w.org\/{rel}","templated":true}]}}