{"id":79,"date":"2021-06-19T11:01:36","date_gmt":"2021-06-19T09:01:36","guid":{"rendered":"https:\/\/38ppp.de\/insa\/?page_id=79"},"modified":"2021-07-13T06:59:50","modified_gmt":"2021-07-13T04:59:50","slug":"aboutme","status":"publish","type":"page","link":"https:\/\/38ppp.de\/insa\/aboutme\/","title":{"rendered":"Bitte wer?"},"content":{"rendered":"<div data-colibri-id=\"79-c1\" class=\"style-345 style-local-79-c1 position-relative\">\n  \n  <div data-colibri-component=\"section\" data-colibri-id=\"79-c2\" id=\"custom\" class=\"h-section h-section-global-spacing d-flex align-items-lg-center align-items-md-center align-items-center style-428 style-local-79-c2 position-relative\">\n    \n    \n    <div class=\"h-section-grid-container h-section-boxed-container\">\n      \n      <div data-colibri-id=\"79-c3\" class=\"h-row-container gutters-row-lg-2 gutters-row-md-2 gutters-row-0 gutters-row-v-lg-2 gutters-row-v-md-2 gutters-row-v-2 style-429 style-local-79-c3 position-relative\">\n        \n        <div class=\"h-row justify-content-lg-center justify-content-md-center justify-content-center align-items-lg-stretch align-items-md-stretch align-items-stretch gutters-col-lg-2 gutters-col-md-2 gutters-col-0 gutters-col-v-lg-2 gutters-col-v-md-2 gutters-col-v-2\">\n          \n          <div class=\"h-column h-column-container d-flex h-col-lg-auto h-col-md-auto h-col-auto style-430-outer style-local-79-c4-outer\">\n            <div data-colibri-id=\"79-c4\" class=\"d-flex h-flex-basis h-column__inner h-px-lg-2 h-px-md-2 h-px-2 v-inner-lg-2 v-inner-md-2 v-inner-2 style-430 style-local-79-c4 position-relative\">\n              \n              \n              <div class=\"w-100 h-y-container h-column__content h-column__v-align flex-basis-100 align-self-lg-start align-self-md-start align-self-start\">\n                \n                <div data-colibri-id=\"79-c5\" class=\"h-text h-text-component style-431 style-local-79-c5 position-relative h-element\">\n                  \n                  \n                  <div class=\"\">\n                    <p>Moin Leute,<\/p>\n                    <p>Ich bin Insa, 21 Jahre und komme aus Nienburg an der Weser.<\/p>\n                    <p>Gerade erst habe ich meine Lehre zur K\u00f6chin abgeschlossen und geh\u00f6re nun zu den 75 gl\u00fccklichen jungen Erwachsenen, die an dem 38. PPP 2021 teilnehmen d\u00fcrfen.<\/p>\n                    <p>Meine Freizeit sieht eigentlich immer anders aus\u2026mal probiere ich mich am Programmieren einer Djukebox, baue mir Hochbeete oder fahre spontan mit meinem umgebauten Caddy nach Prag um f\u00fcr einen Tag wandern zu gehen. Die Hauptsache ist,\n                      ich probiere was Neues und es kommt keine Langeweile auf \u2013 bin ja schlie\u00dflich nicht mehr lange jung \ud83d\ude00&nbsp;<\/p>\n                    <p>Faktisch kann man auch sagen ich hab vielleicht 3 B\u00fccher in meinem Leben gelesen- versuche aber trotzdem euch hier ein wenig zu unterhalten!<\/p>\n                    <p>Sonnige Gr\u00fc\u00dfe an grauen Tagen w\u00fcnsch ich euch \ud83d\ude09<\/p>\n                    <p><span style=\"font-size: 16px;font-family: arial, sans-serif;font-weight: 400\">&nbsp;<\/span><\/p>\n                  <\/div>\n                <\/div>\n              <\/div>\n            <\/div>\n          <\/div>\n          <div class=\"h-column h-column-container d-flex h-col-lg-auto h-col-md-auto h-col-auto style-460-outer style-local-79-c6-outer\">\n            <div data-colibri-id=\"79-c6\" class=\"d-flex h-flex-basis h-column__inner h-px-lg-2 h-px-md-2 h-px-2 v-inner-lg-2 v-inner-md-2 v-inner-2 style-460 style-local-79-c6 position-relative\">\n              \n              \n              <div class=\"w-100 h-y-container h-column__content h-column__v-align flex-basis-100 align-self-lg-start align-self-md-start align-self-start\">\n                \n                <div data-colibri-id=\"79-c7\" class=\"d-block style-461 style-local-79-c7 position-relative h-element\">\n                  \n                  <div class=\"h-image__frame-container-outer\">\n                    <div class=\"h-image__frame-container\">\n                      \n                      \n                      <img loading=\"lazy\" decoding=\"async\" width=\"923\" height=\"1024\" src=\"http:\/\/38ppp.de\/insa\/wp-content\/uploads\/sites\/34\/2021\/06\/cropped-WhatsApp-Image-2021-06-20-at-09.05.07.jpeg\" class=\"wp-image-247 style-461-image style-local-79-c7-image\" alt=\"\" srcset=\"https:\/\/38ppp.de\/insa\/wp-content\/uploads\/sites\/34\/2021\/06\/cropped-WhatsApp-Image-2021-06-20-at-09.05.07.jpeg 923w, https:\/\/38ppp.de\/insa\/wp-content\/uploads\/sites\/34\/2021\/06\/cropped-WhatsApp-Image-2021-06-20-at-09.05.07-270x300.jpeg 270w, https:\/\/38ppp.de\/insa\/wp-content\/uploads\/sites\/34\/2021\/06\/cropped-WhatsApp-Image-2021-06-20-at-09.05.07-768x852.jpeg 768w\" sizes=\"auto, (max-width: 923px) 100vw, 923px\" \/>\n                      <div class=\"h-image__frame h-hide-lg h-hide-md h-hide-sm style-461-frameImage style-local-79-c7-frameImage\"><\/div>\n                    <\/div>\n                  <\/div>\n                <\/div>\n              <\/div>\n            <\/div>\n          <\/div>\n        <\/div>\n      <\/div>\n      <div data-colibri-id=\"79-c8\" class=\"h-row-container gutters-row-lg-2 gutters-row-md-2 gutters-row-0 gutters-row-v-lg-2 gutters-row-v-md-2 gutters-row-v-2 style-494 style-local-79-c8 position-relative\">\n        \n        <div class=\"h-row justify-content-lg-center justify-content-md-center justify-content-center align-items-lg-stretch align-items-md-stretch align-items-stretch gutters-col-lg-2 gutters-col-md-2 gutters-col-0 gutters-col-v-lg-2 gutters-col-v-md-2 gutters-col-v-2\">\n          \n          <div class=\"h-column h-column-container d-flex h-col-lg-auto h-col-md-auto h-col-auto style-495-outer style-local-79-c9-outer\">\n            <div data-colibri-id=\"79-c9\" class=\"d-flex h-flex-basis h-column__inner h-px-lg-2 h-px-md-2 h-px-2 v-inner-lg-2 v-inner-md-2 v-inner-2 style-495 style-local-79-c9 position-relative\">\n              \n              \n              <div class=\"w-100 h-y-container h-column__content h-column__v-align flex-basis-100 align-self-lg-start align-self-md-start align-self-start\">\n                \n                <div data-colibri-id=\"79-c10\" class=\"h-text h-text-component style-497 style-local-79-c10 position-relative h-element\">\n                  \n                  \n                  <div class=\"\">\n                    <p>PS: Wenn ihr mich nicht nur sehen, sondern auch mal h\u00f6ren wollt, schaut bei dem oben verlinkten Podcast nach! Dort gibt es eine Folge, in der ich interviewt werde \ud83d\ude42<\/p>\n                  <\/div>\n                <\/div>\n              <\/div>\n            <\/div>\n          <\/div>\n        <\/div>\n      <\/div>\n    <\/div>\n  <\/div>\n<\/div>","protected":false},"excerpt":{"rendered":"<p>Moin Leute, Ich bin Insa, 21 Jahre und komme aus Nienburg an der Weser. Gerade erst habe ich meine Lehre zur K\u00f6chin abgeschlossen und geh\u00f6re nun zu den 75 gl\u00fccklichen jungen Erwachsenen, die an dem 38. PPP 2021 teilnehmen d\u00fcrfen. Meine Freizeit sieht eigentlich immer anders aus\u2026mal probiere ich mich am Programmieren einer Djukebox, baue [&hellip;]<\/p>\n","protected":false},"author":34,"featured_media":80,"parent":0,"menu_order":0,"comment_status":"closed","ping_status":"closed","template":"page-templates\/full-width-page.php","meta":{"_themeisle_gutenberg_block_has_review":false,"footnotes":"","_links_to":"","_links_to_target":""},"class_list":["post-79","page","type-page","status-publish","has-post-thumbnail","hentry"],"yoast_head":"<!-- This site is optimized with the Yoast SEO plugin v26.8 - https:\/\/yoast.com\/product\/yoast-seo-wordpress\/ -->\n<title>- Bitte wer?<\/title>\n<meta name=\"robots\" content=\"index, follow, max-snippet:-1, max-image-preview:large, max-video-preview:-1\" \/>\n<link rel=\"canonical\" href=\"https:\/\/38ppp.de\/insa\/aboutme\/\" \/>\n<meta property=\"og:locale\" content=\"de_DE\" \/>\n<meta property=\"og:type\" content=\"article\" \/>\n<meta property=\"og:title\" content=\"- Bitte wer?\" \/>\n<meta property=\"og:description\" content=\"Moin Leute, Ich bin Insa, 21 Jahre und komme aus Nienburg an der Weser. Gerade erst habe ich meine Lehre zur K\u00f6chin abgeschlossen und geh\u00f6re nun zu den 75 gl\u00fccklichen jungen Erwachsenen, die an dem 38. PPP 2021 teilnehmen d\u00fcrfen. Meine Freizeit sieht eigentlich immer anders aus\u2026mal probiere ich mich am Programmieren einer Djukebox, baue [&hellip;]\" \/>\n<meta property=\"og:url\" content=\"https:\/\/38ppp.de\/insa\/aboutme\/\" \/>\n<meta property=\"og:site_name\" content=\"Wer nicht genie\u00dft, wird ungenie\u00dfbar!\" \/>\n<meta property=\"article:modified_time\" content=\"2021-07-13T04:59:50+00:00\" \/>\n<meta property=\"og:image\" content=\"https:\/\/38ppp.de\/insa\/wp-content\/uploads\/sites\/34\/2021\/06\/DSC05498-scaled.jpg\" \/>\n\t<meta property=\"og:image:width\" content=\"1704\" \/>\n\t<meta property=\"og:image:height\" content=\"2560\" \/>\n\t<meta property=\"og:image:type\" content=\"image\/jpeg\" \/>\n<meta name=\"twitter:card\" content=\"summary_large_image\" \/>\n<meta name=\"twitter:label1\" content=\"Gesch\u00e4tzte Lesezeit\" \/>\n\t<meta name=\"twitter:data1\" content=\"1\u00a0Minute\" \/>\n<script type=\"application\/ld+json\" class=\"yoast-schema-graph\">{\"@context\":\"https:\/\/schema.org\",\"@graph\":[{\"@type\":\"WebPage\",\"@id\":\"https:\/\/38ppp.de\/insa\/aboutme\/\",\"url\":\"https:\/\/38ppp.de\/insa\/aboutme\/\",\"name\":\"- Bitte wer?\",\"isPartOf\":{\"@id\":\"https:\/\/38ppp.de\/insa\/#website\"},\"primaryImageOfPage\":{\"@id\":\"https:\/\/38ppp.de\/insa\/aboutme\/#primaryimage\"},\"image\":{\"@id\":\"https:\/\/38ppp.de\/insa\/aboutme\/#primaryimage\"},\"thumbnailUrl\":\"https:\/\/38ppp.de\/insa\/wp-content\/uploads\/sites\/34\/2021\/06\/DSC05498-scaled.jpg\",\"datePublished\":\"2021-06-19T09:01:36+00:00\",\"dateModified\":\"2021-07-13T04:59:50+00:00\",\"breadcrumb\":{\"@id\":\"https:\/\/38ppp.de\/insa\/aboutme\/#breadcrumb\"},\"inLanguage\":\"de\",\"potentialAction\":[{\"@type\":\"ReadAction\",\"target\":[\"https:\/\/38ppp.de\/insa\/aboutme\/\"]}]},{\"@type\":\"ImageObject\",\"inLanguage\":\"de\",\"@id\":\"https:\/\/38ppp.de\/insa\/aboutme\/#primaryimage\",\"url\":\"https:\/\/38ppp.de\/insa\/wp-content\/uploads\/sites\/34\/2021\/06\/DSC05498-scaled.jpg\",\"contentUrl\":\"https:\/\/38ppp.de\/insa\/wp-content\/uploads\/sites\/34\/2021\/06\/DSC05498-scaled.jpg\",\"width\":1704,\"height\":2560},{\"@type\":\"BreadcrumbList\",\"@id\":\"https:\/\/38ppp.de\/insa\/aboutme\/#breadcrumb\",\"itemListElement\":[{\"@type\":\"ListItem\",\"position\":1,\"name\":\"Startseite\",\"item\":\"https:\/\/38ppp.de\/insa\/\"},{\"@type\":\"ListItem\",\"position\":2,\"name\":\"Bitte wer?\"}]},{\"@type\":\"WebSite\",\"@id\":\"https:\/\/38ppp.de\/insa\/#website\",\"url\":\"https:\/\/38ppp.de\/insa\/\",\"name\":\"Wer nicht genie\u00dft, wird ungenie\u00dfbar!\",\"description\":\"Eine weitere 38. Parlamentarisches Patenschafts-Programm Websites Website\",\"publisher\":{\"@id\":\"https:\/\/38ppp.de\/insa\/#organization\"},\"potentialAction\":[{\"@type\":\"SearchAction\",\"target\":{\"@type\":\"EntryPoint\",\"urlTemplate\":\"https:\/\/38ppp.de\/insa\/?s={search_term_string}\"},\"query-input\":{\"@type\":\"PropertyValueSpecification\",\"valueRequired\":true,\"valueName\":\"search_term_string\"}}],\"inLanguage\":\"de\"},{\"@type\":\"Organization\",\"@id\":\"https:\/\/38ppp.de\/insa\/#organization\",\"name\":\"Wer nicht genie\u00dft, wird ungenie\u00dfbar!\",\"url\":\"https:\/\/38ppp.de\/insa\/\",\"logo\":{\"@type\":\"ImageObject\",\"inLanguage\":\"de\",\"@id\":\"https:\/\/38ppp.de\/insa\/#\/schema\/logo\/image\/\",\"url\":\"https:\/\/38ppp.de\/insa\/wp-content\/uploads\/sites\/34\/2021\/06\/cropped-rund.png\",\"contentUrl\":\"https:\/\/38ppp.de\/insa\/wp-content\/uploads\/sites\/34\/2021\/06\/cropped-rund.png\",\"width\":1363,\"height\":1363,\"caption\":\"Wer nicht genie\u00dft, wird ungenie\u00dfbar!\"},\"image\":{\"@id\":\"https:\/\/38ppp.de\/insa\/#\/schema\/logo\/image\/\"}}]}<\/script>\n<!-- \/ Yoast SEO plugin. -->","yoast_head_json":{"title":"- Bitte wer?","robots":{"index":"index","follow":"follow","max-snippet":"max-snippet:-1","max-image-preview":"max-image-preview:large","max-video-preview":"max-video-preview:-1"},"canonical":"https:\/\/38ppp.de\/insa\/aboutme\/","og_locale":"de_DE","og_type":"article","og_title":"- Bitte wer?","og_description":"Moin Leute, Ich bin Insa, 21 Jahre und komme aus Nienburg an der Weser. Gerade erst habe ich meine Lehre zur K\u00f6chin abgeschlossen und geh\u00f6re nun zu den 75 gl\u00fccklichen jungen Erwachsenen, die an dem 38. PPP 2021 teilnehmen d\u00fcrfen. Meine Freizeit sieht eigentlich immer anders aus\u2026mal probiere ich mich am Programmieren einer Djukebox, baue [&hellip;]","og_url":"https:\/\/38ppp.de\/insa\/aboutme\/","og_site_name":"Wer nicht genie\u00dft, wird ungenie\u00dfbar!","article_modified_time":"2021-07-13T04:59:50+00:00","og_image":[{"width":1704,"height":2560,"url":"https:\/\/38ppp.de\/insa\/wp-content\/uploads\/sites\/34\/2021\/06\/DSC05498-scaled.jpg","type":"image\/jpeg"}],"twitter_card":"summary_large_image","twitter_misc":{"Gesch\u00e4tzte Lesezeit":"1\u00a0Minute"},"schema":{"@context":"https:\/\/schema.org","@graph":[{"@type":"WebPage","@id":"https:\/\/38ppp.de\/insa\/aboutme\/","url":"https:\/\/38ppp.de\/insa\/aboutme\/","name":"- Bitte wer?","isPartOf":{"@id":"https:\/\/38ppp.de\/insa\/#website"},"primaryImageOfPage":{"@id":"https:\/\/38ppp.de\/insa\/aboutme\/#primaryimage"},"image":{"@id":"https:\/\/38ppp.de\/insa\/aboutme\/#primaryimage"},"thumbnailUrl":"https:\/\/38ppp.de\/insa\/wp-content\/uploads\/sites\/34\/2021\/06\/DSC05498-scaled.jpg","datePublished":"2021-06-19T09:01:36+00:00","dateModified":"2021-07-13T04:59:50+00:00","breadcrumb":{"@id":"https:\/\/38ppp.de\/insa\/aboutme\/#breadcrumb"},"inLanguage":"de","potentialAction":[{"@type":"ReadAction","target":["https:\/\/38ppp.de\/insa\/aboutme\/"]}]},{"@type":"ImageObject","inLanguage":"de","@id":"https:\/\/38ppp.de\/insa\/aboutme\/#primaryimage","url":"https:\/\/38ppp.de\/insa\/wp-content\/uploads\/sites\/34\/2021\/06\/DSC05498-scaled.jpg","contentUrl":"https:\/\/38ppp.de\/insa\/wp-content\/uploads\/sites\/34\/2021\/06\/DSC05498-scaled.jpg","width":1704,"height":2560},{"@type":"BreadcrumbList","@id":"https:\/\/38ppp.de\/insa\/aboutme\/#breadcrumb","itemListElement":[{"@type":"ListItem","position":1,"name":"Startseite","item":"https:\/\/38ppp.de\/insa\/"},{"@type":"ListItem","position":2,"name":"Bitte wer?"}]},{"@type":"WebSite","@id":"https:\/\/38ppp.de\/insa\/#website","url":"https:\/\/38ppp.de\/insa\/","name":"Wer nicht genie\u00dft, wird ungenie\u00dfbar!","description":"Eine weitere 38. Parlamentarisches Patenschafts-Programm Websites Website","publisher":{"@id":"https:\/\/38ppp.de\/insa\/#organization"},"potentialAction":[{"@type":"SearchAction","target":{"@type":"EntryPoint","urlTemplate":"https:\/\/38ppp.de\/insa\/?s={search_term_string}"},"query-input":{"@type":"PropertyValueSpecification","valueRequired":true,"valueName":"search_term_string"}}],"inLanguage":"de"},{"@type":"Organization","@id":"https:\/\/38ppp.de\/insa\/#organization","name":"Wer nicht genie\u00dft, wird ungenie\u00dfbar!","url":"https:\/\/38ppp.de\/insa\/","logo":{"@type":"ImageObject","inLanguage":"de","@id":"https:\/\/38ppp.de\/insa\/#\/schema\/logo\/image\/","url":"https:\/\/38ppp.de\/insa\/wp-content\/uploads\/sites\/34\/2021\/06\/cropped-rund.png","contentUrl":"https:\/\/38ppp.de\/insa\/wp-content\/uploads\/sites\/34\/2021\/06\/cropped-rund.png","width":1363,"height":1363,"caption":"Wer nicht genie\u00dft, wird ungenie\u00dfbar!"},"image":{"@id":"https:\/\/38ppp.de\/insa\/#\/schema\/logo\/image\/"}}]}},"_links":{"self":[{"href":"https:\/\/38ppp.de\/insa\/wp-json\/wp\/v2\/pages\/79","targetHints":{"allow":["GET"]}}],"collection":[{"href":"https:\/\/38ppp.de\/insa\/wp-json\/wp\/v2\/pages"}],"about":[{"href":"https:\/\/38ppp.de\/insa\/wp-json\/wp\/v2\/types\/page"}],"author":[{"embeddable":true,"href":"https:\/\/38ppp.de\/insa\/wp-json\/wp\/v2\/users\/34"}],"replies":[{"embeddable":true,"href":"https:\/\/38ppp.de\/insa\/wp-json\/wp\/v2\/comments?post=79"}],"version-history":[{"count":11,"href":"https:\/\/38ppp.de\/insa\/wp-json\/wp\/v2\/pages\/79\/revisions"}],"predecessor-version":[{"id":385,"href":"https:\/\/38ppp.de\/insa\/wp-json\/wp\/v2\/pages\/79\/revisions\/385"}],"wp:featuredmedia":[{"embeddable":true,"href":"https:\/\/38ppp.de\/insa\/wp-json\/wp\/v2\/media\/80"}],"wp:attachment":[{"href":"https:\/\/38ppp.de\/insa\/wp-json\/wp\/v2\/media?parent=79"}],"curies":[{"name":"wp","href":"https:\/\/api.w.org\/{rel}","templated":true}]}}