{"id":280,"date":"2021-10-03T07:47:13","date_gmt":"2021-10-03T05:47:13","guid":{"rendered":"https:\/\/38ppp.de\/hannahflock\/?page_id=280"},"modified":"2022-01-16T22:03:50","modified_gmt":"2022-01-16T21:03:50","slug":"meine-reise","status":"publish","type":"page","link":"https:\/\/38ppp.de\/hannahflock\/meine-reise\/","title":{"rendered":"Meine Reise"},"content":{"rendered":"\n<p>Hier k\u00f6nnt ihr sehen, wo ich das Ganze Jahr \u00fcber unterwegs war. <\/p>\n\n\n\n<div class=\"wp-block-interactive-geo-maps-display-map\"><div class=\"map_wrapper\" id=\"map_wrapper_279\">\n<div class=\"map_box\" style=\"max-width:2000px\">\n<div class=\"map_aspect_ratio\" style=\"padding-top:56%\" data-padding-top=\"56%\" data-padding-top-mobile=\"\">\n<div class=\"map_container\">\n<div class=\"map_render map_loading\" id=\"map_279\"><\/div>\n<\/div>\n<\/div>\n<\/div>\n<\/div><\/div>\n\n\n\n<p class=\"has-text-align-center has-white-color has-vivid-red-background-color has-text-color has-background\">Mal schauen wohin es als n\u00e4chstes geht!<\/p>\n","protected":false},"excerpt":{"rendered":"<p>Hier k\u00f6nnt ihr sehen, wo ich das Ganze Jahr \u00fcber unterwegs war. Mal schauen wohin es als n\u00e4chstes geht!<\/p>\n","protected":false},"author":11,"featured_media":0,"parent":0,"menu_order":0,"comment_status":"closed","ping_status":"closed","template":"","meta":{"_themeisle_gutenberg_block_has_review":false,"footnotes":"","_links_to":"","_links_to_target":""},"class_list":["post-280","page","type-page","status-publish","hentry"],"yoast_head":"<!-- This site is optimized with the Yoast SEO plugin v26.8 - https:\/\/yoast.com\/product\/yoast-seo-wordpress\/ -->\n<title>Meine Reise - Hannah\u00b4s Vlog (Flock:))<\/title>\n<meta name=\"robots\" content=\"index, follow, max-snippet:-1, max-image-preview:large, max-video-preview:-1\" \/>\n<link rel=\"canonical\" href=\"https:\/\/38ppp.de\/hannahflock\/meine-reise\/\" \/>\n<meta property=\"og:locale\" content=\"de_DE\" \/>\n<meta property=\"og:type\" content=\"article\" \/>\n<meta property=\"og:title\" content=\"Meine Reise - Hannah\u00b4s Vlog (Flock:))\" \/>\n<meta property=\"og:description\" content=\"Hier k\u00f6nnt ihr sehen, wo ich das Ganze Jahr \u00fcber unterwegs war. Mal schauen wohin es als n\u00e4chstes geht!\" \/>\n<meta property=\"og:url\" content=\"https:\/\/38ppp.de\/hannahflock\/meine-reise\/\" \/>\n<meta property=\"og:site_name\" content=\"Hannah\u00b4s Vlog (Flock:))\" \/>\n<meta property=\"article:modified_time\" content=\"2022-01-16T21:03:50+00:00\" \/>\n<meta name=\"twitter:card\" content=\"summary_large_image\" \/>\n<meta name=\"twitter:label1\" content=\"Gesch\u00e4tzte Lesezeit\" \/>\n\t<meta name=\"twitter:data1\" content=\"1\u00a0Minute\" \/>\n<script type=\"application\/ld+json\" class=\"yoast-schema-graph\">{\"@context\":\"https:\/\/schema.org\",\"@graph\":[{\"@type\":\"WebPage\",\"@id\":\"https:\/\/38ppp.de\/hannahflock\/meine-reise\/\",\"url\":\"https:\/\/38ppp.de\/hannahflock\/meine-reise\/\",\"name\":\"Meine Reise - Hannah\u00b4s Vlog (Flock:))\",\"isPartOf\":{\"@id\":\"https:\/\/38ppp.de\/hannahflock\/#website\"},\"datePublished\":\"2021-10-03T05:47:13+00:00\",\"dateModified\":\"2022-01-16T21:03:50+00:00\",\"breadcrumb\":{\"@id\":\"https:\/\/38ppp.de\/hannahflock\/meine-reise\/#breadcrumb\"},\"inLanguage\":\"de\",\"potentialAction\":[{\"@type\":\"ReadAction\",\"target\":[\"https:\/\/38ppp.de\/hannahflock\/meine-reise\/\"]}]},{\"@type\":\"BreadcrumbList\",\"@id\":\"https:\/\/38ppp.de\/hannahflock\/meine-reise\/#breadcrumb\",\"itemListElement\":[{\"@type\":\"ListItem\",\"position\":1,\"name\":\"Startseite\",\"item\":\"https:\/\/38ppp.de\/hannahflock\/\"},{\"@type\":\"ListItem\",\"position\":2,\"name\":\"Meine Reise\"}]},{\"@type\":\"WebSite\",\"@id\":\"https:\/\/38ppp.de\/hannahflock\/#website\",\"url\":\"https:\/\/38ppp.de\/hannahflock\/\",\"name\":\"Hannah\u00b4s Vlog (Flock:))\",\"description\":\"\",\"potentialAction\":[{\"@type\":\"SearchAction\",\"target\":{\"@type\":\"EntryPoint\",\"urlTemplate\":\"https:\/\/38ppp.de\/hannahflock\/?s={search_term_string}\"},\"query-input\":{\"@type\":\"PropertyValueSpecification\",\"valueRequired\":true,\"valueName\":\"search_term_string\"}}],\"inLanguage\":\"de\"}]}<\/script>\n<!-- \/ Yoast SEO plugin. -->","yoast_head_json":{"title":"Meine Reise - Hannah\u00b4s Vlog (Flock:))","robots":{"index":"index","follow":"follow","max-snippet":"max-snippet:-1","max-image-preview":"max-image-preview:large","max-video-preview":"max-video-preview:-1"},"canonical":"https:\/\/38ppp.de\/hannahflock\/meine-reise\/","og_locale":"de_DE","og_type":"article","og_title":"Meine Reise - Hannah\u00b4s Vlog (Flock:))","og_description":"Hier k\u00f6nnt ihr sehen, wo ich das Ganze Jahr \u00fcber unterwegs war. Mal schauen wohin es als n\u00e4chstes geht!","og_url":"https:\/\/38ppp.de\/hannahflock\/meine-reise\/","og_site_name":"Hannah\u00b4s Vlog (Flock:))","article_modified_time":"2022-01-16T21:03:50+00:00","twitter_card":"summary_large_image","twitter_misc":{"Gesch\u00e4tzte Lesezeit":"1\u00a0Minute"},"schema":{"@context":"https:\/\/schema.org","@graph":[{"@type":"WebPage","@id":"https:\/\/38ppp.de\/hannahflock\/meine-reise\/","url":"https:\/\/38ppp.de\/hannahflock\/meine-reise\/","name":"Meine Reise - Hannah\u00b4s Vlog (Flock:))","isPartOf":{"@id":"https:\/\/38ppp.de\/hannahflock\/#website"},"datePublished":"2021-10-03T05:47:13+00:00","dateModified":"2022-01-16T21:03:50+00:00","breadcrumb":{"@id":"https:\/\/38ppp.de\/hannahflock\/meine-reise\/#breadcrumb"},"inLanguage":"de","potentialAction":[{"@type":"ReadAction","target":["https:\/\/38ppp.de\/hannahflock\/meine-reise\/"]}]},{"@type":"BreadcrumbList","@id":"https:\/\/38ppp.de\/hannahflock\/meine-reise\/#breadcrumb","itemListElement":[{"@type":"ListItem","position":1,"name":"Startseite","item":"https:\/\/38ppp.de\/hannahflock\/"},{"@type":"ListItem","position":2,"name":"Meine Reise"}]},{"@type":"WebSite","@id":"https:\/\/38ppp.de\/hannahflock\/#website","url":"https:\/\/38ppp.de\/hannahflock\/","name":"Hannah\u00b4s Vlog (Flock:))","description":"","potentialAction":[{"@type":"SearchAction","target":{"@type":"EntryPoint","urlTemplate":"https:\/\/38ppp.de\/hannahflock\/?s={search_term_string}"},"query-input":{"@type":"PropertyValueSpecification","valueRequired":true,"valueName":"search_term_string"}}],"inLanguage":"de"}]}},"_links":{"self":[{"href":"https:\/\/38ppp.de\/hannahflock\/wp-json\/wp\/v2\/pages\/280","targetHints":{"allow":["GET"]}}],"collection":[{"href":"https:\/\/38ppp.de\/hannahflock\/wp-json\/wp\/v2\/pages"}],"about":[{"href":"https:\/\/38ppp.de\/hannahflock\/wp-json\/wp\/v2\/types\/page"}],"author":[{"embeddable":true,"href":"https:\/\/38ppp.de\/hannahflock\/wp-json\/wp\/v2\/users\/11"}],"replies":[{"embeddable":true,"href":"https:\/\/38ppp.de\/hannahflock\/wp-json\/wp\/v2\/comments?post=280"}],"version-history":[{"count":19,"href":"https:\/\/38ppp.de\/hannahflock\/wp-json\/wp\/v2\/pages\/280\/revisions"}],"predecessor-version":[{"id":570,"href":"https:\/\/38ppp.de\/hannahflock\/wp-json\/wp\/v2\/pages\/280\/revisions\/570"}],"wp:attachment":[{"href":"https:\/\/38ppp.de\/hannahflock\/wp-json\/wp\/v2\/media?parent=280"}],"curies":[{"name":"wp","href":"https:\/\/api.w.org\/{rel}","templated":true}]}}