{"id":63,"date":"2021-08-12T05:55:05","date_gmt":"2021-08-12T03:55:05","guid":{"rendered":"https:\/\/38ppp.de\/felix\/?page_id=63"},"modified":"2021-08-15T05:09:27","modified_gmt":"2021-08-15T03:09:27","slug":"das-ppp","status":"publish","type":"page","link":"https:\/\/38ppp.de\/felix\/das-ppp\/","title":{"rendered":"das PPP"},"content":{"rendered":"\n<div class=\"wp-block-themeisle-blocks-advanced-columns has-1-columns has-desktop-equal-layout has-tablet-equal-layout has-mobile-equal-layout has-default-gap has-vertical-unset\" id=\"wp-block-themeisle-blocks-advanced-columns-ee053ec8\"><div class=\"wp-block-themeisle-blocks-advanced-columns-overlay\"><\/div><div class=\"innerblocks-wrap\">\n<div class=\"wp-block-themeisle-blocks-advanced-column\" id=\"wp-block-themeisle-blocks-advanced-column-1b49151b\">\n<p>Was ist das PPP eigentlich?<\/p>\n\n\n\n<p>Da ich bis zu meiner Bewerbung 2019 selbst noch nie von diesem Programm geh\u00f6rt habe, stelle ich es hier kurz vor.<\/p>\n\n\n\n<div class=\"wp-block-image\"><figure class=\"aligncenter size-large is-resized\"><img loading=\"lazy\" decoding=\"async\" src=\"https:\/\/38ppp.de\/felix\/wp-content\/uploads\/sites\/28\/2021\/08\/logo-data-1024x576.jpg\" alt=\"\" class=\"wp-image-64\" width=\"398\" height=\"223\" srcset=\"https:\/\/38ppp.de\/felix\/wp-content\/uploads\/sites\/28\/2021\/08\/logo-data-1024x576.jpg 1024w, https:\/\/38ppp.de\/felix\/wp-content\/uploads\/sites\/28\/2021\/08\/logo-data-300x169.jpg 300w, https:\/\/38ppp.de\/felix\/wp-content\/uploads\/sites\/28\/2021\/08\/logo-data-768x432.jpg 768w, https:\/\/38ppp.de\/felix\/wp-content\/uploads\/sites\/28\/2021\/08\/logo-data-1536x864.jpg 1536w, https:\/\/38ppp.de\/felix\/wp-content\/uploads\/sites\/28\/2021\/08\/logo-data-2048x1152.jpg 2048w, https:\/\/38ppp.de\/felix\/wp-content\/uploads\/sites\/28\/2021\/08\/logo-data-1200x675.jpg 1200w\" sizes=\"auto, (max-width: 398px) 100vw, 398px\" \/><\/figure><\/div>\n\n\n\n<p>Das Parlamentarische Patenschaftsprogramm oder Congress-Bundestag Youth Exchange wurde 1983 anl\u00e4sslich des 300. Jahrestages der ersten deutschen Auswanderungen nach Nordamerika eingef\u00fchrt und findet seitdem j\u00e4hrlich statt.\u00a0<\/p>\n\n\n\n<p>Es wird zum einen f\u00fcr Sch\u00fcler*innen angeboten, die ein Jahr lang eine Highschool in den USA besuchen und zum anderen f\u00fcr junge Berufst\u00e4tige, deren Auslandsjahr zweigeteilt ist in eine College- und eine Arbeitsphase. Aktuell gibt es auf deutscher Seite im Sch\u00fclerprogramm j\u00e4hrlich 299 und bei uns Berufst\u00e4tigen 75 Pl\u00e4tze.&nbsp;<\/p>\n\n\n\n<p>Da es sich um ein Austauschprogramm handelt gibt es nat\u00fcrlich genauso amerikanische Teilnehmer*innen, die ein Jahr in Deutschland verbringen.<\/p>\n\n\n\n<p>Weiter einlesen kann man sich gerne auf der offiziellen Website, die ich hier verlinkt habe: <a href=\"https:\/\/usa-ppp.de\">https:\/\/usa-ppp.de<\/a><\/p>\n<\/div>\n<\/div><\/div>\n","protected":false},"excerpt":{"rendered":"","protected":false},"author":28,"featured_media":0,"parent":0,"menu_order":0,"comment_status":"closed","ping_status":"closed","template":"","meta":{"_themeisle_gutenberg_block_has_review":false,"footnotes":"","_links_to":"","_links_to_target":""},"class_list":["post-63","page","type-page","status-publish","hentry","post","no-featured-image"],"yoast_head":"<!-- This site is optimized with the Yoast SEO plugin v26.8 - https:\/\/yoast.com\/product\/yoast-seo-wordpress\/ -->\n<title>das PPP - Auf zu neuen Suden!<\/title>\n<meta name=\"robots\" content=\"index, follow, max-snippet:-1, max-image-preview:large, max-video-preview:-1\" \/>\n<link rel=\"canonical\" href=\"https:\/\/38ppp.de\/felix\/das-ppp\/\" \/>\n<meta property=\"og:locale\" content=\"de_DE\" \/>\n<meta property=\"og:type\" content=\"article\" \/>\n<meta property=\"og:title\" content=\"das PPP - Auf zu neuen Suden!\" \/>\n<meta property=\"og:url\" content=\"https:\/\/38ppp.de\/felix\/das-ppp\/\" \/>\n<meta property=\"og:site_name\" content=\"Auf zu neuen Suden!\" \/>\n<meta property=\"article:modified_time\" content=\"2021-08-15T03:09:27+00:00\" \/>\n<meta property=\"og:image\" content=\"https:\/\/38ppp.de\/felix\/wp-content\/uploads\/sites\/28\/2021\/08\/logo-data-1024x576.jpg\" \/>\n<meta name=\"twitter:card\" content=\"summary_large_image\" \/>\n<meta name=\"twitter:label1\" content=\"Gesch\u00e4tzte Lesezeit\" \/>\n\t<meta name=\"twitter:data1\" content=\"1\u00a0Minute\" \/>\n<script type=\"application\/ld+json\" class=\"yoast-schema-graph\">{\"@context\":\"https:\/\/schema.org\",\"@graph\":[{\"@type\":\"WebPage\",\"@id\":\"https:\/\/38ppp.de\/felix\/das-ppp\/\",\"url\":\"https:\/\/38ppp.de\/felix\/das-ppp\/\",\"name\":\"das PPP - Auf zu neuen Suden!\",\"isPartOf\":{\"@id\":\"https:\/\/38ppp.de\/felix\/#website\"},\"primaryImageOfPage\":{\"@id\":\"https:\/\/38ppp.de\/felix\/das-ppp\/#primaryimage\"},\"image\":{\"@id\":\"https:\/\/38ppp.de\/felix\/das-ppp\/#primaryimage\"},\"thumbnailUrl\":\"https:\/\/38ppp.de\/felix\/wp-content\/uploads\/sites\/28\/2021\/08\/logo-data-1024x576.jpg\",\"datePublished\":\"2021-08-12T03:55:05+00:00\",\"dateModified\":\"2021-08-15T03:09:27+00:00\",\"breadcrumb\":{\"@id\":\"https:\/\/38ppp.de\/felix\/das-ppp\/#breadcrumb\"},\"inLanguage\":\"de\",\"potentialAction\":[{\"@type\":\"ReadAction\",\"target\":[\"https:\/\/38ppp.de\/felix\/das-ppp\/\"]}]},{\"@type\":\"ImageObject\",\"inLanguage\":\"de\",\"@id\":\"https:\/\/38ppp.de\/felix\/das-ppp\/#primaryimage\",\"url\":\"https:\/\/38ppp.de\/felix\/wp-content\/uploads\/sites\/28\/2021\/08\/logo-data-1024x576.jpg\",\"contentUrl\":\"https:\/\/38ppp.de\/felix\/wp-content\/uploads\/sites\/28\/2021\/08\/logo-data-1024x576.jpg\"},{\"@type\":\"BreadcrumbList\",\"@id\":\"https:\/\/38ppp.de\/felix\/das-ppp\/#breadcrumb\",\"itemListElement\":[{\"@type\":\"ListItem\",\"position\":1,\"name\":\"Startseite\",\"item\":\"https:\/\/38ppp.de\/felix\/\"},{\"@type\":\"ListItem\",\"position\":2,\"name\":\"das PPP\"}]},{\"@type\":\"WebSite\",\"@id\":\"https:\/\/38ppp.de\/felix\/#website\",\"url\":\"https:\/\/38ppp.de\/felix\/\",\"name\":\"Auf zu neuen Suden!\",\"description\":\"Als Brauer mit dem Parlamentarischen Patenschafts-Programm ein Jahr in den USA\",\"potentialAction\":[{\"@type\":\"SearchAction\",\"target\":{\"@type\":\"EntryPoint\",\"urlTemplate\":\"https:\/\/38ppp.de\/felix\/?s={search_term_string}\"},\"query-input\":{\"@type\":\"PropertyValueSpecification\",\"valueRequired\":true,\"valueName\":\"search_term_string\"}}],\"inLanguage\":\"de\"}]}<\/script>\n<!-- \/ Yoast SEO plugin. -->","yoast_head_json":{"title":"das PPP - Auf zu neuen Suden!","robots":{"index":"index","follow":"follow","max-snippet":"max-snippet:-1","max-image-preview":"max-image-preview:large","max-video-preview":"max-video-preview:-1"},"canonical":"https:\/\/38ppp.de\/felix\/das-ppp\/","og_locale":"de_DE","og_type":"article","og_title":"das PPP - Auf zu neuen Suden!","og_url":"https:\/\/38ppp.de\/felix\/das-ppp\/","og_site_name":"Auf zu neuen Suden!","article_modified_time":"2021-08-15T03:09:27+00:00","og_image":[{"url":"https:\/\/38ppp.de\/felix\/wp-content\/uploads\/sites\/28\/2021\/08\/logo-data-1024x576.jpg","type":"","width":"","height":""}],"twitter_card":"summary_large_image","twitter_misc":{"Gesch\u00e4tzte Lesezeit":"1\u00a0Minute"},"schema":{"@context":"https:\/\/schema.org","@graph":[{"@type":"WebPage","@id":"https:\/\/38ppp.de\/felix\/das-ppp\/","url":"https:\/\/38ppp.de\/felix\/das-ppp\/","name":"das PPP - Auf zu neuen Suden!","isPartOf":{"@id":"https:\/\/38ppp.de\/felix\/#website"},"primaryImageOfPage":{"@id":"https:\/\/38ppp.de\/felix\/das-ppp\/#primaryimage"},"image":{"@id":"https:\/\/38ppp.de\/felix\/das-ppp\/#primaryimage"},"thumbnailUrl":"https:\/\/38ppp.de\/felix\/wp-content\/uploads\/sites\/28\/2021\/08\/logo-data-1024x576.jpg","datePublished":"2021-08-12T03:55:05+00:00","dateModified":"2021-08-15T03:09:27+00:00","breadcrumb":{"@id":"https:\/\/38ppp.de\/felix\/das-ppp\/#breadcrumb"},"inLanguage":"de","potentialAction":[{"@type":"ReadAction","target":["https:\/\/38ppp.de\/felix\/das-ppp\/"]}]},{"@type":"ImageObject","inLanguage":"de","@id":"https:\/\/38ppp.de\/felix\/das-ppp\/#primaryimage","url":"https:\/\/38ppp.de\/felix\/wp-content\/uploads\/sites\/28\/2021\/08\/logo-data-1024x576.jpg","contentUrl":"https:\/\/38ppp.de\/felix\/wp-content\/uploads\/sites\/28\/2021\/08\/logo-data-1024x576.jpg"},{"@type":"BreadcrumbList","@id":"https:\/\/38ppp.de\/felix\/das-ppp\/#breadcrumb","itemListElement":[{"@type":"ListItem","position":1,"name":"Startseite","item":"https:\/\/38ppp.de\/felix\/"},{"@type":"ListItem","position":2,"name":"das PPP"}]},{"@type":"WebSite","@id":"https:\/\/38ppp.de\/felix\/#website","url":"https:\/\/38ppp.de\/felix\/","name":"Auf zu neuen Suden!","description":"Als Brauer mit dem Parlamentarischen Patenschafts-Programm ein Jahr in den USA","potentialAction":[{"@type":"SearchAction","target":{"@type":"EntryPoint","urlTemplate":"https:\/\/38ppp.de\/felix\/?s={search_term_string}"},"query-input":{"@type":"PropertyValueSpecification","valueRequired":true,"valueName":"search_term_string"}}],"inLanguage":"de"}]}},"_links":{"self":[{"href":"https:\/\/38ppp.de\/felix\/wp-json\/wp\/v2\/pages\/63","targetHints":{"allow":["GET"]}}],"collection":[{"href":"https:\/\/38ppp.de\/felix\/wp-json\/wp\/v2\/pages"}],"about":[{"href":"https:\/\/38ppp.de\/felix\/wp-json\/wp\/v2\/types\/page"}],"author":[{"embeddable":true,"href":"https:\/\/38ppp.de\/felix\/wp-json\/wp\/v2\/users\/28"}],"replies":[{"embeddable":true,"href":"https:\/\/38ppp.de\/felix\/wp-json\/wp\/v2\/comments?post=63"}],"version-history":[{"count":2,"href":"https:\/\/38ppp.de\/felix\/wp-json\/wp\/v2\/pages\/63\/revisions"}],"predecessor-version":[{"id":84,"href":"https:\/\/38ppp.de\/felix\/wp-json\/wp\/v2\/pages\/63\/revisions\/84"}],"wp:attachment":[{"href":"https:\/\/38ppp.de\/felix\/wp-json\/wp\/v2\/media?parent=63"}],"curies":[{"name":"wp","href":"https:\/\/api.w.org\/{rel}","templated":true}]}}