{"id":2,"date":"2021-05-23T19:25:17","date_gmt":"2021-05-23T17:25:17","guid":{"rendered":"https:\/\/38ppp.de\/felix\/?page_id=2"},"modified":"2021-08-15T05:12:43","modified_gmt":"2021-08-15T03:12:43","slug":"beispiel-seite","status":"publish","type":"page","link":"https:\/\/38ppp.de\/felix\/beispiel-seite\/","title":{"rendered":"\u00fcber mich"},"content":{"rendered":"\n<p>F\u00fcr alle, die mich nicht pers\u00f6nlich kennen, stelle ich mich hier kurz vor.<\/p>\n\n\n\n<div class=\"wp-block-image\"><figure class=\"aligncenter is-resized\"><img loading=\"lazy\" decoding=\"async\" src=\"https:\/\/38ppp.de\/felix\/wp-content\/uploads\/sites\/28\/2021\/05\/IMG_4882-768x1024.jpg\" alt=\"\" class=\"wp-image-32\" width=\"378\" height=\"504\" srcset=\"https:\/\/38ppp.de\/felix\/wp-content\/uploads\/sites\/28\/2021\/05\/IMG_4882-768x1024.jpg 768w, https:\/\/38ppp.de\/felix\/wp-content\/uploads\/sites\/28\/2021\/05\/IMG_4882-225x300.jpg 225w, https:\/\/38ppp.de\/felix\/wp-content\/uploads\/sites\/28\/2021\/05\/IMG_4882-1152x1536.jpg 1152w, https:\/\/38ppp.de\/felix\/wp-content\/uploads\/sites\/28\/2021\/05\/IMG_4882-1536x2048.jpg 1536w, https:\/\/38ppp.de\/felix\/wp-content\/uploads\/sites\/28\/2021\/05\/IMG_4882-1200x1600.jpg 1200w, https:\/\/38ppp.de\/felix\/wp-content\/uploads\/sites\/28\/2021\/05\/IMG_4882-scaled.jpg 1920w\" sizes=\"auto, (max-width: 378px) 100vw, 378px\" \/><\/figure><\/div>\n\n\n\n<p>Ich bin Felix, 22, und im sch\u00f6nen Neubeuern im Inntal dahoam. Ich habe Brauer und M\u00e4lzer gelernt und kann mich gl\u00fccklich sch\u00e4tzen hiermit meinen Traumberuf gefunden zu haben.<\/p>\n\n\n\n<p>Nachdem aus meinem letztj\u00e4hrigem Stipendium f\u00fcr das 37. PPP durch die Pandemie leider nichts geworden ist, bin ich jetzt umso gl\u00fccklicher, dass es  mit dem 38. PPP klappt. Vielen herzlichen Dank an meine Patenabgeordnete Daniela Ludwig f\u00fcr die erneute Auswahl! Ich freue mich auf ein lehrreiches Jahr voller Herausforderungen und sch\u00f6ner Erfahrungen!<\/p>\n\n\n\n<p>Genauso freue ich mich \u00fcber alle, die diesen Blog verfolgen und lesen. Viel Spa\u00df dabei! Bei Fragen oder \u00e4hnlichem kann man mich nat\u00fcrlich immer gerne kontaktieren!<\/p>\n","protected":false},"excerpt":{"rendered":"<p>F\u00fcr alle, die mich nicht pers\u00f6nlich kennen, stelle ich mich hier kurz vor. Ich bin Felix, 22, und im sch\u00f6nen Neubeuern im Inntal dahoam. Ich habe Brauer und M\u00e4lzer gelernt und kann mich gl\u00fccklich sch\u00e4tzen hiermit meinen Traumberuf gefunden zu haben. Nachdem aus meinem letztj\u00e4hrigem Stipendium f\u00fcr das 37. PPP durch die Pandemie leider nichts [&hellip;]<\/p>\n","protected":false},"author":28,"featured_media":0,"parent":0,"menu_order":0,"comment_status":"closed","ping_status":"open","template":"","meta":{"_themeisle_gutenberg_block_has_review":false,"footnotes":"","_links_to":"","_links_to_target":""},"class_list":["post-2","page","type-page","status-publish","hentry","post","no-featured-image"],"yoast_head":"<!-- This site is optimized with the Yoast SEO plugin v26.8 - https:\/\/yoast.com\/product\/yoast-seo-wordpress\/ -->\n<title>\u00fcber mich - Auf zu neuen Suden!<\/title>\n<meta name=\"robots\" content=\"index, follow, max-snippet:-1, max-image-preview:large, max-video-preview:-1\" \/>\n<link rel=\"canonical\" href=\"https:\/\/38ppp.de\/felix\/beispiel-seite\/\" \/>\n<meta property=\"og:locale\" content=\"de_DE\" \/>\n<meta property=\"og:type\" content=\"article\" \/>\n<meta property=\"og:title\" content=\"\u00fcber mich - Auf zu neuen Suden!\" \/>\n<meta property=\"og:description\" content=\"F\u00fcr alle, die mich nicht pers\u00f6nlich kennen, stelle ich mich hier kurz vor. Ich bin Felix, 22, und im sch\u00f6nen Neubeuern im Inntal dahoam. Ich habe Brauer und M\u00e4lzer gelernt und kann mich gl\u00fccklich sch\u00e4tzen hiermit meinen Traumberuf gefunden zu haben. Nachdem aus meinem letztj\u00e4hrigem Stipendium f\u00fcr das 37. PPP durch die Pandemie leider nichts [&hellip;]\" \/>\n<meta property=\"og:url\" content=\"https:\/\/38ppp.de\/felix\/beispiel-seite\/\" \/>\n<meta property=\"og:site_name\" content=\"Auf zu neuen Suden!\" \/>\n<meta property=\"article:modified_time\" content=\"2021-08-15T03:12:43+00:00\" \/>\n<meta property=\"og:image\" content=\"https:\/\/38ppp.de\/felix\/wp-content\/uploads\/sites\/28\/2021\/05\/IMG_4882-768x1024.jpg\" \/>\n<meta name=\"twitter:card\" content=\"summary_large_image\" \/>\n<meta name=\"twitter:label1\" content=\"Gesch\u00e4tzte Lesezeit\" \/>\n\t<meta name=\"twitter:data1\" content=\"1\u00a0Minute\" \/>\n<script type=\"application\/ld+json\" class=\"yoast-schema-graph\">{\"@context\":\"https:\/\/schema.org\",\"@graph\":[{\"@type\":\"WebPage\",\"@id\":\"https:\/\/38ppp.de\/felix\/beispiel-seite\/\",\"url\":\"https:\/\/38ppp.de\/felix\/beispiel-seite\/\",\"name\":\"\u00fcber mich - Auf zu neuen Suden!\",\"isPartOf\":{\"@id\":\"https:\/\/38ppp.de\/felix\/#website\"},\"primaryImageOfPage\":{\"@id\":\"https:\/\/38ppp.de\/felix\/beispiel-seite\/#primaryimage\"},\"image\":{\"@id\":\"https:\/\/38ppp.de\/felix\/beispiel-seite\/#primaryimage\"},\"thumbnailUrl\":\"https:\/\/38ppp.de\/felix\/wp-content\/uploads\/sites\/28\/2021\/05\/IMG_4882-768x1024.jpg\",\"datePublished\":\"2021-05-23T17:25:17+00:00\",\"dateModified\":\"2021-08-15T03:12:43+00:00\",\"breadcrumb\":{\"@id\":\"https:\/\/38ppp.de\/felix\/beispiel-seite\/#breadcrumb\"},\"inLanguage\":\"de\",\"potentialAction\":[{\"@type\":\"ReadAction\",\"target\":[\"https:\/\/38ppp.de\/felix\/beispiel-seite\/\"]}]},{\"@type\":\"ImageObject\",\"inLanguage\":\"de\",\"@id\":\"https:\/\/38ppp.de\/felix\/beispiel-seite\/#primaryimage\",\"url\":\"https:\/\/38ppp.de\/felix\/wp-content\/uploads\/sites\/28\/2021\/05\/IMG_4882-scaled.jpg\",\"contentUrl\":\"https:\/\/38ppp.de\/felix\/wp-content\/uploads\/sites\/28\/2021\/05\/IMG_4882-scaled.jpg\",\"width\":1920,\"height\":2560},{\"@type\":\"BreadcrumbList\",\"@id\":\"https:\/\/38ppp.de\/felix\/beispiel-seite\/#breadcrumb\",\"itemListElement\":[{\"@type\":\"ListItem\",\"position\":1,\"name\":\"Startseite\",\"item\":\"https:\/\/38ppp.de\/felix\/\"},{\"@type\":\"ListItem\",\"position\":2,\"name\":\"\u00fcber mich\"}]},{\"@type\":\"WebSite\",\"@id\":\"https:\/\/38ppp.de\/felix\/#website\",\"url\":\"https:\/\/38ppp.de\/felix\/\",\"name\":\"Auf zu neuen Suden!\",\"description\":\"Als Brauer mit dem Parlamentarischen Patenschafts-Programm ein Jahr in den USA\",\"potentialAction\":[{\"@type\":\"SearchAction\",\"target\":{\"@type\":\"EntryPoint\",\"urlTemplate\":\"https:\/\/38ppp.de\/felix\/?s={search_term_string}\"},\"query-input\":{\"@type\":\"PropertyValueSpecification\",\"valueRequired\":true,\"valueName\":\"search_term_string\"}}],\"inLanguage\":\"de\"}]}<\/script>\n<!-- \/ Yoast SEO plugin. -->","yoast_head_json":{"title":"\u00fcber mich - Auf zu neuen Suden!","robots":{"index":"index","follow":"follow","max-snippet":"max-snippet:-1","max-image-preview":"max-image-preview:large","max-video-preview":"max-video-preview:-1"},"canonical":"https:\/\/38ppp.de\/felix\/beispiel-seite\/","og_locale":"de_DE","og_type":"article","og_title":"\u00fcber mich - Auf zu neuen Suden!","og_description":"F\u00fcr alle, die mich nicht pers\u00f6nlich kennen, stelle ich mich hier kurz vor. Ich bin Felix, 22, und im sch\u00f6nen Neubeuern im Inntal dahoam. Ich habe Brauer und M\u00e4lzer gelernt und kann mich gl\u00fccklich sch\u00e4tzen hiermit meinen Traumberuf gefunden zu haben. Nachdem aus meinem letztj\u00e4hrigem Stipendium f\u00fcr das 37. PPP durch die Pandemie leider nichts [&hellip;]","og_url":"https:\/\/38ppp.de\/felix\/beispiel-seite\/","og_site_name":"Auf zu neuen Suden!","article_modified_time":"2021-08-15T03:12:43+00:00","og_image":[{"url":"https:\/\/38ppp.de\/felix\/wp-content\/uploads\/sites\/28\/2021\/05\/IMG_4882-768x1024.jpg","type":"","width":"","height":""}],"twitter_card":"summary_large_image","twitter_misc":{"Gesch\u00e4tzte Lesezeit":"1\u00a0Minute"},"schema":{"@context":"https:\/\/schema.org","@graph":[{"@type":"WebPage","@id":"https:\/\/38ppp.de\/felix\/beispiel-seite\/","url":"https:\/\/38ppp.de\/felix\/beispiel-seite\/","name":"\u00fcber mich - Auf zu neuen Suden!","isPartOf":{"@id":"https:\/\/38ppp.de\/felix\/#website"},"primaryImageOfPage":{"@id":"https:\/\/38ppp.de\/felix\/beispiel-seite\/#primaryimage"},"image":{"@id":"https:\/\/38ppp.de\/felix\/beispiel-seite\/#primaryimage"},"thumbnailUrl":"https:\/\/38ppp.de\/felix\/wp-content\/uploads\/sites\/28\/2021\/05\/IMG_4882-768x1024.jpg","datePublished":"2021-05-23T17:25:17+00:00","dateModified":"2021-08-15T03:12:43+00:00","breadcrumb":{"@id":"https:\/\/38ppp.de\/felix\/beispiel-seite\/#breadcrumb"},"inLanguage":"de","potentialAction":[{"@type":"ReadAction","target":["https:\/\/38ppp.de\/felix\/beispiel-seite\/"]}]},{"@type":"ImageObject","inLanguage":"de","@id":"https:\/\/38ppp.de\/felix\/beispiel-seite\/#primaryimage","url":"https:\/\/38ppp.de\/felix\/wp-content\/uploads\/sites\/28\/2021\/05\/IMG_4882-scaled.jpg","contentUrl":"https:\/\/38ppp.de\/felix\/wp-content\/uploads\/sites\/28\/2021\/05\/IMG_4882-scaled.jpg","width":1920,"height":2560},{"@type":"BreadcrumbList","@id":"https:\/\/38ppp.de\/felix\/beispiel-seite\/#breadcrumb","itemListElement":[{"@type":"ListItem","position":1,"name":"Startseite","item":"https:\/\/38ppp.de\/felix\/"},{"@type":"ListItem","position":2,"name":"\u00fcber mich"}]},{"@type":"WebSite","@id":"https:\/\/38ppp.de\/felix\/#website","url":"https:\/\/38ppp.de\/felix\/","name":"Auf zu neuen Suden!","description":"Als Brauer mit dem Parlamentarischen Patenschafts-Programm ein Jahr in den USA","potentialAction":[{"@type":"SearchAction","target":{"@type":"EntryPoint","urlTemplate":"https:\/\/38ppp.de\/felix\/?s={search_term_string}"},"query-input":{"@type":"PropertyValueSpecification","valueRequired":true,"valueName":"search_term_string"}}],"inLanguage":"de"}]}},"_links":{"self":[{"href":"https:\/\/38ppp.de\/felix\/wp-json\/wp\/v2\/pages\/2","targetHints":{"allow":["GET"]}}],"collection":[{"href":"https:\/\/38ppp.de\/felix\/wp-json\/wp\/v2\/pages"}],"about":[{"href":"https:\/\/38ppp.de\/felix\/wp-json\/wp\/v2\/types\/page"}],"author":[{"embeddable":true,"href":"https:\/\/38ppp.de\/felix\/wp-json\/wp\/v2\/users\/28"}],"replies":[{"embeddable":true,"href":"https:\/\/38ppp.de\/felix\/wp-json\/wp\/v2\/comments?post=2"}],"version-history":[{"count":3,"href":"https:\/\/38ppp.de\/felix\/wp-json\/wp\/v2\/pages\/2\/revisions"}],"predecessor-version":[{"id":86,"href":"https:\/\/38ppp.de\/felix\/wp-json\/wp\/v2\/pages\/2\/revisions\/86"}],"wp:attachment":[{"href":"https:\/\/38ppp.de\/felix\/wp-json\/wp\/v2\/media?parent=2"}],"curies":[{"name":"wp","href":"https:\/\/api.w.org\/{rel}","templated":true}]}}