{"id":83,"date":"2021-08-03T22:56:20","date_gmt":"2021-08-03T20:56:20","guid":{"rendered":"https:\/\/38ppp.de\/celina\/?page_id=83"},"modified":"2021-11-11T23:05:57","modified_gmt":"2021-11-11T22:05:57","slug":"home","status":"publish","type":"page","link":"https:\/\/38ppp.de\/celina\/","title":{"rendered":"Home"},"content":{"rendered":"<h1>HOME<\/h1>\n<h2>Countdown zur Ausreise<\/h2>\n<p>\t\t\t Days Hours Minutes Seconds\t\t<\/p>\n<p style=\"font-weight: 400\"><em><strong>Servus and a warm welcome<\/strong><\/em>,<\/p>\n<p style=\"font-weight: 400\">auf meiner ganz pers\u00f6nlichen Reise mit dem Parlamentarischen Patenschafts-Programm in den USA.\u00a0<\/p>\n<p>Sch\u00f6n, dass Du mit dabei sein m\u00f6chtest!<\/p>\n<p style=\"font-weight: 400\">Ich freue mich \u00fcber jegliche Reaktionen\/ Kommentare Eurerseits \u2026 so feel free to write comments!<\/p>\n<p>In dem Sinne &#8230; <strong>have fun<\/strong>!!!<\/p>\n","protected":false},"excerpt":{"rendered":"<p>HOME Countdown zur Ausreise Days Hours Minutes Seconds Servus and a warm welcome, auf meiner ganz pers\u00f6nlichen Reise mit dem Parlamentarischen Patenschafts-Programm in den USA.\u00a0 Sch\u00f6n, dass Du mit dabei sein m\u00f6chtest! Ich freue mich \u00fcber jegliche Reaktionen\/ Kommentare Eurerseits \u2026 so feel free to write comments! In dem Sinne &#8230; have fun!!!<\/p>\n","protected":false},"author":33,"featured_media":0,"parent":0,"menu_order":0,"comment_status":"closed","ping_status":"closed","template":"elementor_header_footer","meta":{"_themeisle_gutenberg_block_has_review":false,"footnotes":"","_links_to":"","_links_to_target":""},"class_list":["post-83","page","type-page","status-publish","hentry"],"yoast_head":"<!-- This site is optimized with the Yoast SEO plugin v26.8 - https:\/\/yoast.com\/product\/yoast-seo-wordpress\/ -->\n<title>Home - Celly SurfIn&#039; USA<\/title>\n<meta name=\"robots\" content=\"index, follow, max-snippet:-1, max-image-preview:large, max-video-preview:-1\" \/>\n<link rel=\"canonical\" href=\"https:\/\/38ppp.de\/celina\/\" \/>\n<meta property=\"og:locale\" content=\"de_DE\" \/>\n<meta property=\"og:type\" content=\"article\" \/>\n<meta property=\"og:title\" content=\"Home - Celly SurfIn&#039; USA\" \/>\n<meta property=\"og:description\" content=\"HOME Countdown zur Ausreise Days Hours Minutes Seconds Servus and a warm welcome, auf meiner ganz pers\u00f6nlichen Reise mit dem Parlamentarischen Patenschafts-Programm in den USA.\u00a0 Sch\u00f6n, dass Du mit dabei sein m\u00f6chtest! Ich freue mich \u00fcber jegliche Reaktionen\/ Kommentare Eurerseits \u2026 so feel free to write comments! In dem Sinne &#8230; have fun!!!\" \/>\n<meta property=\"og:url\" content=\"https:\/\/38ppp.de\/celina\/\" \/>\n<meta property=\"og:site_name\" content=\"Celly SurfIn&#039; USA\" \/>\n<meta property=\"article:modified_time\" content=\"2021-11-11T22:05:57+00:00\" \/>\n<meta name=\"twitter:card\" content=\"summary_large_image\" \/>\n<meta name=\"twitter:label1\" content=\"Gesch\u00e4tzte Lesezeit\" \/>\n\t<meta name=\"twitter:data1\" content=\"2\u00a0Minuten\" \/>\n<script type=\"application\/ld+json\" class=\"yoast-schema-graph\">{\"@context\":\"https:\/\/schema.org\",\"@graph\":[{\"@type\":\"WebPage\",\"@id\":\"https:\/\/38ppp.de\/celina\/\",\"url\":\"https:\/\/38ppp.de\/celina\/\",\"name\":\"Home - Celly SurfIn&#039; USA\",\"isPartOf\":{\"@id\":\"https:\/\/38ppp.de\/celina\/#website\"},\"datePublished\":\"2021-08-03T20:56:20+00:00\",\"dateModified\":\"2021-11-11T22:05:57+00:00\",\"breadcrumb\":{\"@id\":\"https:\/\/38ppp.de\/celina\/#breadcrumb\"},\"inLanguage\":\"de\",\"potentialAction\":[{\"@type\":\"ReadAction\",\"target\":[\"https:\/\/38ppp.de\/celina\/\"]}]},{\"@type\":\"BreadcrumbList\",\"@id\":\"https:\/\/38ppp.de\/celina\/#breadcrumb\",\"itemListElement\":[{\"@type\":\"ListItem\",\"position\":1,\"name\":\"Startseite\",\"item\":\"https:\/\/38ppp.de\/celina\/\"},{\"@type\":\"ListItem\",\"position\":2,\"name\":\"Home\"}]},{\"@type\":\"WebSite\",\"@id\":\"https:\/\/38ppp.de\/celina\/#website\",\"url\":\"https:\/\/38ppp.de\/celina\/\",\"name\":\"Celly SurfIn&#039; USA\",\"description\":\"Teilnehmerin aus dem Wahlkreis 246 Roth\",\"publisher\":{\"@id\":\"https:\/\/38ppp.de\/celina\/#organization\"},\"potentialAction\":[{\"@type\":\"SearchAction\",\"target\":{\"@type\":\"EntryPoint\",\"urlTemplate\":\"https:\/\/38ppp.de\/celina\/?s={search_term_string}\"},\"query-input\":{\"@type\":\"PropertyValueSpecification\",\"valueRequired\":true,\"valueName\":\"search_term_string\"}}],\"inLanguage\":\"de\"},{\"@type\":\"Organization\",\"@id\":\"https:\/\/38ppp.de\/celina\/#organization\",\"name\":\"Celly SurfIn&#039; USA\",\"url\":\"https:\/\/38ppp.de\/celina\/\",\"logo\":{\"@type\":\"ImageObject\",\"inLanguage\":\"de\",\"@id\":\"https:\/\/38ppp.de\/celina\/#\/schema\/logo\/image\/\",\"url\":\"https:\/\/38ppp.de\/celina\/wp-content\/uploads\/sites\/33\/2021\/08\/Logo.png\",\"contentUrl\":\"https:\/\/38ppp.de\/celina\/wp-content\/uploads\/sites\/33\/2021\/08\/Logo.png\",\"width\":1000,\"height\":115,\"caption\":\"Celly SurfIn&#039; USA\"},\"image\":{\"@id\":\"https:\/\/38ppp.de\/celina\/#\/schema\/logo\/image\/\"}}]}<\/script>\n<!-- \/ Yoast SEO plugin. -->","yoast_head_json":{"title":"Home - Celly SurfIn&#039; USA","robots":{"index":"index","follow":"follow","max-snippet":"max-snippet:-1","max-image-preview":"max-image-preview:large","max-video-preview":"max-video-preview:-1"},"canonical":"https:\/\/38ppp.de\/celina\/","og_locale":"de_DE","og_type":"article","og_title":"Home - Celly SurfIn&#039; USA","og_description":"HOME Countdown zur Ausreise Days Hours Minutes Seconds Servus and a warm welcome, auf meiner ganz pers\u00f6nlichen Reise mit dem Parlamentarischen Patenschafts-Programm in den USA.\u00a0 Sch\u00f6n, dass Du mit dabei sein m\u00f6chtest! Ich freue mich \u00fcber jegliche Reaktionen\/ Kommentare Eurerseits \u2026 so feel free to write comments! In dem Sinne &#8230; have fun!!!","og_url":"https:\/\/38ppp.de\/celina\/","og_site_name":"Celly SurfIn&#039; USA","article_modified_time":"2021-11-11T22:05:57+00:00","twitter_card":"summary_large_image","twitter_misc":{"Gesch\u00e4tzte Lesezeit":"2\u00a0Minuten"},"schema":{"@context":"https:\/\/schema.org","@graph":[{"@type":"WebPage","@id":"https:\/\/38ppp.de\/celina\/","url":"https:\/\/38ppp.de\/celina\/","name":"Home - Celly SurfIn&#039; USA","isPartOf":{"@id":"https:\/\/38ppp.de\/celina\/#website"},"datePublished":"2021-08-03T20:56:20+00:00","dateModified":"2021-11-11T22:05:57+00:00","breadcrumb":{"@id":"https:\/\/38ppp.de\/celina\/#breadcrumb"},"inLanguage":"de","potentialAction":[{"@type":"ReadAction","target":["https:\/\/38ppp.de\/celina\/"]}]},{"@type":"BreadcrumbList","@id":"https:\/\/38ppp.de\/celina\/#breadcrumb","itemListElement":[{"@type":"ListItem","position":1,"name":"Startseite","item":"https:\/\/38ppp.de\/celina\/"},{"@type":"ListItem","position":2,"name":"Home"}]},{"@type":"WebSite","@id":"https:\/\/38ppp.de\/celina\/#website","url":"https:\/\/38ppp.de\/celina\/","name":"Celly SurfIn&#039; USA","description":"Teilnehmerin aus dem Wahlkreis 246 Roth","publisher":{"@id":"https:\/\/38ppp.de\/celina\/#organization"},"potentialAction":[{"@type":"SearchAction","target":{"@type":"EntryPoint","urlTemplate":"https:\/\/38ppp.de\/celina\/?s={search_term_string}"},"query-input":{"@type":"PropertyValueSpecification","valueRequired":true,"valueName":"search_term_string"}}],"inLanguage":"de"},{"@type":"Organization","@id":"https:\/\/38ppp.de\/celina\/#organization","name":"Celly SurfIn&#039; USA","url":"https:\/\/38ppp.de\/celina\/","logo":{"@type":"ImageObject","inLanguage":"de","@id":"https:\/\/38ppp.de\/celina\/#\/schema\/logo\/image\/","url":"https:\/\/38ppp.de\/celina\/wp-content\/uploads\/sites\/33\/2021\/08\/Logo.png","contentUrl":"https:\/\/38ppp.de\/celina\/wp-content\/uploads\/sites\/33\/2021\/08\/Logo.png","width":1000,"height":115,"caption":"Celly SurfIn&#039; USA"},"image":{"@id":"https:\/\/38ppp.de\/celina\/#\/schema\/logo\/image\/"}}]}},"_links":{"self":[{"href":"https:\/\/38ppp.de\/celina\/wp-json\/wp\/v2\/pages\/83","targetHints":{"allow":["GET"]}}],"collection":[{"href":"https:\/\/38ppp.de\/celina\/wp-json\/wp\/v2\/pages"}],"about":[{"href":"https:\/\/38ppp.de\/celina\/wp-json\/wp\/v2\/types\/page"}],"author":[{"embeddable":true,"href":"https:\/\/38ppp.de\/celina\/wp-json\/wp\/v2\/users\/33"}],"replies":[{"embeddable":true,"href":"https:\/\/38ppp.de\/celina\/wp-json\/wp\/v2\/comments?post=83"}],"version-history":[{"count":88,"href":"https:\/\/38ppp.de\/celina\/wp-json\/wp\/v2\/pages\/83\/revisions"}],"predecessor-version":[{"id":473,"href":"https:\/\/38ppp.de\/celina\/wp-json\/wp\/v2\/pages\/83\/revisions\/473"}],"wp:attachment":[{"href":"https:\/\/38ppp.de\/celina\/wp-json\/wp\/v2\/media?parent=83"}],"curies":[{"name":"wp","href":"https:\/\/api.w.org\/{rel}","templated":true}]}}