{"id":24,"date":"2021-06-17T14:09:25","date_gmt":"2021-06-17T12:09:25","guid":{"rendered":"https:\/\/38ppp.de\/benjamin\/?page_id=24"},"modified":"2022-03-08T01:38:33","modified_gmt":"2022-03-08T00:38:33","slug":"ueber-mich","status":"publish","type":"page","link":"https:\/\/38ppp.de\/benjamin\/?page_id=24","title":{"rendered":"\u00dcber mich"},"content":{"rendered":"\n<p>Hi! Ich bin Benni und einer der 75 Gl\u00fccklichen, die ein Jahr in den USA verbringen d\u00fcrfen. Urspr\u00fcnglich komme ich aus der N\u00e4he von Landshut in Niederbayern.  Mit 19 Jahren bin ich einer der j\u00fcngsten Berufst\u00e4tigen im Programm und habe auch erst dieses Jahr meine Ausbildung zum Bauzeichner abgeschlossen. <\/p>\n\n\n\n<p>Ich habe in meinem Austauschjahr schon so viel erlebt, wie man am Foto unten vielleicht erahnen kann und freue mich auf alles was noch kommt. <\/p>\n\n\n\n<p>Hier auf meinem Blog m\u00f6chten ich allen die es interessiert ein paar Einblicke in meine gro\u00dfen und kleinen Erlebnisse vom 10. August 2021 bis zum 10. Juli 2022 geben.<\/p>\n\n\n\n<p><\/p>\n\n\n\n<figure class=\"wp-block-gallery columns-1 is-cropped wp-block-gallery-1 is-layout-flex wp-block-gallery-is-layout-flex\"><ul class=\"blocks-gallery-grid\"><li class=\"blocks-gallery-item\"><figure><img loading=\"lazy\" decoding=\"async\" width=\"1024\" height=\"768\" src=\"https:\/\/38ppp.de\/benjamin\/wp-content\/uploads\/sites\/27\/2022\/03\/G0034719-1-1024x768.jpg\" alt=\"\" data-id=\"1093\" data-full-url=\"https:\/\/38ppp.de\/benjamin\/wp-content\/uploads\/sites\/27\/2022\/03\/G0034719-1-scaled.jpg\" data-link=\"https:\/\/38ppp.de\/benjamin\/?attachment_id=1093\" class=\"wp-image-1093\" srcset=\"https:\/\/38ppp.de\/benjamin\/wp-content\/uploads\/sites\/27\/2022\/03\/G0034719-1-1024x768.jpg 1024w, https:\/\/38ppp.de\/benjamin\/wp-content\/uploads\/sites\/27\/2022\/03\/G0034719-1-300x225.jpg 300w, https:\/\/38ppp.de\/benjamin\/wp-content\/uploads\/sites\/27\/2022\/03\/G0034719-1-768x576.jpg 768w, https:\/\/38ppp.de\/benjamin\/wp-content\/uploads\/sites\/27\/2022\/03\/G0034719-1-1536x1152.jpg 1536w, https:\/\/38ppp.de\/benjamin\/wp-content\/uploads\/sites\/27\/2022\/03\/G0034719-1-2048x1536.jpg 2048w, https:\/\/38ppp.de\/benjamin\/wp-content\/uploads\/sites\/27\/2022\/03\/G0034719-1-120x90.jpg 120w\" sizes=\"auto, (max-width: 1024px) 100vw, 1024px\" \/><\/figure><\/li><\/ul><\/figure>\n\n\n\n<p><\/p>\n","protected":false},"excerpt":{"rendered":"<p>Hi! Ich bin Benni und einer der 75 Gl\u00fccklichen, die ein Jahr in den USA verbringen d\u00fcrfen. Urspr\u00fcnglich komme ich aus der N\u00e4he von Landshut in Niederbayern. Mit 19 Jahren bin ich einer der j\u00fcngsten Berufst\u00e4tigen im Programm und habe auch erst dieses Jahr meine Ausbildung zum Bauzeichner abgeschlossen. Ich habe in meinem Austauschjahr schon&hellip;<\/p>\n","protected":false},"author":27,"featured_media":0,"parent":0,"menu_order":0,"comment_status":"closed","ping_status":"closed","template":"elementor_theme","meta":{"_themeisle_gutenberg_block_has_review":false,"footnotes":"","_links_to":"","_links_to_target":""},"class_list":["post-24","page","type-page","status-publish","hentry"],"yoast_head":"<!-- This site is optimized with the Yoast SEO plugin v26.8 - https:\/\/yoast.com\/product\/yoast-seo-wordpress\/ -->\n<title>\u00dcber mich - Benjamerika<\/title>\n<meta name=\"robots\" content=\"index, follow, max-snippet:-1, max-image-preview:large, max-video-preview:-1\" \/>\n<link rel=\"canonical\" href=\"https:\/\/38ppp.de\/benjamin\/?page_id=24\" \/>\n<meta property=\"og:locale\" content=\"de_DE\" \/>\n<meta property=\"og:type\" content=\"article\" \/>\n<meta property=\"og:title\" content=\"\u00dcber mich - Benjamerika\" \/>\n<meta property=\"og:description\" content=\"Hi! Ich bin Benni und einer der 75 Gl\u00fccklichen, die ein Jahr in den USA verbringen d\u00fcrfen. Urspr\u00fcnglich komme ich aus der N\u00e4he von Landshut in Niederbayern. Mit 19 Jahren bin ich einer der j\u00fcngsten Berufst\u00e4tigen im Programm und habe auch erst dieses Jahr meine Ausbildung zum Bauzeichner abgeschlossen. Ich habe in meinem Austauschjahr schon&hellip;\" \/>\n<meta property=\"og:url\" content=\"https:\/\/38ppp.de\/benjamin\/?page_id=24\" \/>\n<meta property=\"og:site_name\" content=\"Benjamerika\" \/>\n<meta property=\"article:modified_time\" content=\"2022-03-08T00:38:33+00:00\" \/>\n<meta property=\"og:image\" content=\"https:\/\/38ppp.de\/benjamin\/wp-content\/uploads\/sites\/27\/2022\/03\/G0034719-1-1024x768.jpg\" \/>\n<meta name=\"twitter:card\" content=\"summary_large_image\" \/>\n<meta name=\"twitter:label1\" content=\"Gesch\u00e4tzte Lesezeit\" \/>\n\t<meta name=\"twitter:data1\" content=\"1\u00a0Minute\" \/>\n<script type=\"application\/ld+json\" class=\"yoast-schema-graph\">{\"@context\":\"https:\/\/schema.org\",\"@graph\":[{\"@type\":\"WebPage\",\"@id\":\"https:\/\/38ppp.de\/benjamin\/?page_id=24\",\"url\":\"https:\/\/38ppp.de\/benjamin\/?page_id=24\",\"name\":\"\u00dcber mich - Benjamerika\",\"isPartOf\":{\"@id\":\"https:\/\/38ppp.de\/benjamin\/#website\"},\"primaryImageOfPage\":{\"@id\":\"https:\/\/38ppp.de\/benjamin\/?page_id=24#primaryimage\"},\"image\":{\"@id\":\"https:\/\/38ppp.de\/benjamin\/?page_id=24#primaryimage\"},\"thumbnailUrl\":\"https:\/\/38ppp.de\/benjamin\/wp-content\/uploads\/sites\/27\/2022\/03\/G0034719-1-1024x768.jpg\",\"datePublished\":\"2021-06-17T12:09:25+00:00\",\"dateModified\":\"2022-03-08T00:38:33+00:00\",\"breadcrumb\":{\"@id\":\"https:\/\/38ppp.de\/benjamin\/?page_id=24#breadcrumb\"},\"inLanguage\":\"de\",\"potentialAction\":[{\"@type\":\"ReadAction\",\"target\":[\"https:\/\/38ppp.de\/benjamin\/?page_id=24\"]}]},{\"@type\":\"ImageObject\",\"inLanguage\":\"de\",\"@id\":\"https:\/\/38ppp.de\/benjamin\/?page_id=24#primaryimage\",\"url\":\"https:\/\/38ppp.de\/benjamin\/wp-content\/uploads\/sites\/27\/2022\/03\/G0034719-1-scaled.jpg\",\"contentUrl\":\"https:\/\/38ppp.de\/benjamin\/wp-content\/uploads\/sites\/27\/2022\/03\/G0034719-1-scaled.jpg\",\"width\":2560,\"height\":1920,\"caption\":\"DCIM\\\\100GOPRO\\\\G0034719.JPG\"},{\"@type\":\"BreadcrumbList\",\"@id\":\"https:\/\/38ppp.de\/benjamin\/?page_id=24#breadcrumb\",\"itemListElement\":[{\"@type\":\"ListItem\",\"position\":1,\"name\":\"Startseite\",\"item\":\"https:\/\/38ppp.de\/benjamin\"},{\"@type\":\"ListItem\",\"position\":2,\"name\":\"\u00dcber mich\"}]},{\"@type\":\"WebSite\",\"@id\":\"https:\/\/38ppp.de\/benjamin\/#website\",\"url\":\"https:\/\/38ppp.de\/benjamin\/\",\"name\":\"Benjamerika\",\"description\":\"Geschichten aus den USA\",\"potentialAction\":[{\"@type\":\"SearchAction\",\"target\":{\"@type\":\"EntryPoint\",\"urlTemplate\":\"https:\/\/38ppp.de\/benjamin\/?s={search_term_string}\"},\"query-input\":{\"@type\":\"PropertyValueSpecification\",\"valueRequired\":true,\"valueName\":\"search_term_string\"}}],\"inLanguage\":\"de\"}]}<\/script>\n<!-- \/ Yoast SEO plugin. -->","yoast_head_json":{"title":"\u00dcber mich - Benjamerika","robots":{"index":"index","follow":"follow","max-snippet":"max-snippet:-1","max-image-preview":"max-image-preview:large","max-video-preview":"max-video-preview:-1"},"canonical":"https:\/\/38ppp.de\/benjamin\/?page_id=24","og_locale":"de_DE","og_type":"article","og_title":"\u00dcber mich - Benjamerika","og_description":"Hi! Ich bin Benni und einer der 75 Gl\u00fccklichen, die ein Jahr in den USA verbringen d\u00fcrfen. Urspr\u00fcnglich komme ich aus der N\u00e4he von Landshut in Niederbayern. Mit 19 Jahren bin ich einer der j\u00fcngsten Berufst\u00e4tigen im Programm und habe auch erst dieses Jahr meine Ausbildung zum Bauzeichner abgeschlossen. Ich habe in meinem Austauschjahr schon&hellip;","og_url":"https:\/\/38ppp.de\/benjamin\/?page_id=24","og_site_name":"Benjamerika","article_modified_time":"2022-03-08T00:38:33+00:00","og_image":[{"url":"https:\/\/38ppp.de\/benjamin\/wp-content\/uploads\/sites\/27\/2022\/03\/G0034719-1-1024x768.jpg","type":"","width":"","height":""}],"twitter_card":"summary_large_image","twitter_misc":{"Gesch\u00e4tzte Lesezeit":"1\u00a0Minute"},"schema":{"@context":"https:\/\/schema.org","@graph":[{"@type":"WebPage","@id":"https:\/\/38ppp.de\/benjamin\/?page_id=24","url":"https:\/\/38ppp.de\/benjamin\/?page_id=24","name":"\u00dcber mich - Benjamerika","isPartOf":{"@id":"https:\/\/38ppp.de\/benjamin\/#website"},"primaryImageOfPage":{"@id":"https:\/\/38ppp.de\/benjamin\/?page_id=24#primaryimage"},"image":{"@id":"https:\/\/38ppp.de\/benjamin\/?page_id=24#primaryimage"},"thumbnailUrl":"https:\/\/38ppp.de\/benjamin\/wp-content\/uploads\/sites\/27\/2022\/03\/G0034719-1-1024x768.jpg","datePublished":"2021-06-17T12:09:25+00:00","dateModified":"2022-03-08T00:38:33+00:00","breadcrumb":{"@id":"https:\/\/38ppp.de\/benjamin\/?page_id=24#breadcrumb"},"inLanguage":"de","potentialAction":[{"@type":"ReadAction","target":["https:\/\/38ppp.de\/benjamin\/?page_id=24"]}]},{"@type":"ImageObject","inLanguage":"de","@id":"https:\/\/38ppp.de\/benjamin\/?page_id=24#primaryimage","url":"https:\/\/38ppp.de\/benjamin\/wp-content\/uploads\/sites\/27\/2022\/03\/G0034719-1-scaled.jpg","contentUrl":"https:\/\/38ppp.de\/benjamin\/wp-content\/uploads\/sites\/27\/2022\/03\/G0034719-1-scaled.jpg","width":2560,"height":1920,"caption":"DCIM\\100GOPRO\\G0034719.JPG"},{"@type":"BreadcrumbList","@id":"https:\/\/38ppp.de\/benjamin\/?page_id=24#breadcrumb","itemListElement":[{"@type":"ListItem","position":1,"name":"Startseite","item":"https:\/\/38ppp.de\/benjamin"},{"@type":"ListItem","position":2,"name":"\u00dcber mich"}]},{"@type":"WebSite","@id":"https:\/\/38ppp.de\/benjamin\/#website","url":"https:\/\/38ppp.de\/benjamin\/","name":"Benjamerika","description":"Geschichten aus den USA","potentialAction":[{"@type":"SearchAction","target":{"@type":"EntryPoint","urlTemplate":"https:\/\/38ppp.de\/benjamin\/?s={search_term_string}"},"query-input":{"@type":"PropertyValueSpecification","valueRequired":true,"valueName":"search_term_string"}}],"inLanguage":"de"}]}},"_links":{"self":[{"href":"https:\/\/38ppp.de\/benjamin\/index.php?rest_route=\/wp\/v2\/pages\/24","targetHints":{"allow":["GET"]}}],"collection":[{"href":"https:\/\/38ppp.de\/benjamin\/index.php?rest_route=\/wp\/v2\/pages"}],"about":[{"href":"https:\/\/38ppp.de\/benjamin\/index.php?rest_route=\/wp\/v2\/types\/page"}],"author":[{"embeddable":true,"href":"https:\/\/38ppp.de\/benjamin\/index.php?rest_route=\/wp\/v2\/users\/27"}],"replies":[{"embeddable":true,"href":"https:\/\/38ppp.de\/benjamin\/index.php?rest_route=%2Fwp%2Fv2%2Fcomments&post=24"}],"version-history":[{"count":45,"href":"https:\/\/38ppp.de\/benjamin\/index.php?rest_route=\/wp\/v2\/pages\/24\/revisions"}],"predecessor-version":[{"id":1195,"href":"https:\/\/38ppp.de\/benjamin\/index.php?rest_route=\/wp\/v2\/pages\/24\/revisions\/1195"}],"wp:attachment":[{"href":"https:\/\/38ppp.de\/benjamin\/index.php?rest_route=%2Fwp%2Fv2%2Fmedia&parent=24"}],"curies":[{"name":"wp","href":"https:\/\/api.w.org\/{rel}","templated":true}]}}