{"id":82,"date":"2021-06-20T15:55:36","date_gmt":"2021-06-20T13:55:36","guid":{"rendered":"https:\/\/38ppp.de\/auslandsjuliahr\/?page_id=82"},"modified":"2021-08-03T14:25:07","modified_gmt":"2021-08-03T12:25:07","slug":"about-me","status":"publish","type":"page","link":"https:\/\/38ppp.de\/auslandsjuliahr\/about-me\/","title":{"rendered":"About Me"},"content":{"rendered":"<div data-colibri-id=\"82-c1\" class=\"style-269 style-local-82-c1 position-relative\">\n  \n  <div data-colibri-component=\"section\" data-colibri-id=\"82-c2\" id=\"custom\" class=\"h-section h-section-global-spacing d-flex align-items-lg-center align-items-md-center align-items-center style-275 style-local-82-c2 position-relative\">\n    \n    \n    <div class=\"h-section-grid-container h-section-boxed-container\">\n      \n      <div data-colibri-id=\"82-c3\" class=\"h-row-container gutters-row-lg-2 gutters-row-md-2 gutters-row-0 gutters-row-v-lg-2 gutters-row-v-md-2 gutters-row-v-2 style-278 style-local-82-c3 position-relative\">\n        \n        <div class=\"h-row justify-content-lg-center justify-content-md-center justify-content-center align-items-lg-stretch align-items-md-stretch align-items-stretch gutters-col-lg-2 gutters-col-md-2 gutters-col-0 gutters-col-v-lg-2 gutters-col-v-md-2 gutters-col-v-2\">\n          \n          <div class=\"h-column h-column-container d-flex h-col-lg-auto h-col-md-auto h-col-auto style-279-outer style-local-82-c4-outer\">\n            <div data-colibri-id=\"82-c4\" class=\"d-flex h-flex-basis h-column__inner h-px-lg-2 h-px-md-2 h-px-2 v-inner-lg-2 v-inner-md-2 v-inner-2 style-279 style-local-82-c4 position-relative\">\n              \n              \n              <div class=\"w-100 h-y-container h-column__content h-column__v-align flex-basis-100 align-self-lg-start align-self-md-start align-self-start\">\n                \n                <div data-colibri-id=\"82-c5\" class=\"h-global-transition-all h-heading style-282 style-local-82-c5 position-relative h-element\">\n                  \n                  <div class=\"h-heading__outer style-282 style-local-82-c5\">\n                    \n                    \n                    <h1 class=\"\">Hallihallo<\/h1>\n                  <\/div>\n                <\/div>\n              <\/div>\n            <\/div>\n          <\/div>\n        <\/div>\n      <\/div>\n      <div data-colibri-id=\"82-c6\" class=\"h-row-container gutters-row-lg-2 gutters-row-md-2 gutters-row-0 gutters-row-v-lg-2 gutters-row-v-md-2 gutters-row-v-2 style-283 style-local-82-c6 position-relative\">\n        \n        <div class=\"h-row justify-content-lg-center justify-content-md-center justify-content-center align-items-lg-stretch align-items-md-stretch align-items-stretch gutters-col-lg-2 gutters-col-md-2 gutters-col-0 gutters-col-v-lg-2 gutters-col-v-md-2 gutters-col-v-2\">\n          \n          <div class=\"h-column h-column-container d-flex h-col-lg-auto h-col-md-auto h-col-auto style-284-outer style-local-82-c7-outer\">\n            <div data-colibri-id=\"82-c7\" class=\"d-flex h-flex-basis h-column__inner h-px-lg-2 h-px-md-2 h-px-2 v-inner-lg-2 v-inner-md-2 v-inner-2 style-284 style-local-82-c7 position-relative\">\n              \n              \n              <div class=\"w-100 h-y-container h-column__content h-column__v-align flex-basis-100 align-self-lg-start align-self-md-start align-self-start\">\n                \n                <div data-colibri-id=\"82-c8\" class=\"d-block style-280 style-local-82-c8 position-relative h-element\">\n                  \n                  <div class=\"h-image__frame-container-outer\">\n                    <div class=\"h-image__frame-container\">\n                      \n                      \n                      <img loading=\"lazy\" decoding=\"async\" width=\"1919\" height=\"2468\" src=\"http:\/\/38ppp.de\/auslandsjuliahr\/wp-content\/uploads\/sites\/17\/2021\/06\/cropped-8D94E3D3-BA45-473F-8423-E5E6D3BEDBE1-scaled-1.jpg\" class=\"wp-image-110 style-280-image style-local-82-c8-image\" alt=\"\" srcset=\"https:\/\/38ppp.de\/auslandsjuliahr\/wp-content\/uploads\/sites\/17\/2021\/06\/cropped-8D94E3D3-BA45-473F-8423-E5E6D3BEDBE1-scaled-1.jpg 1919w, https:\/\/38ppp.de\/auslandsjuliahr\/wp-content\/uploads\/sites\/17\/2021\/06\/cropped-8D94E3D3-BA45-473F-8423-E5E6D3BEDBE1-scaled-1-233x300.jpg 233w, https:\/\/38ppp.de\/auslandsjuliahr\/wp-content\/uploads\/sites\/17\/2021\/06\/cropped-8D94E3D3-BA45-473F-8423-E5E6D3BEDBE1-scaled-1-796x1024.jpg 796w, https:\/\/38ppp.de\/auslandsjuliahr\/wp-content\/uploads\/sites\/17\/2021\/06\/cropped-8D94E3D3-BA45-473F-8423-E5E6D3BEDBE1-scaled-1-768x988.jpg 768w, https:\/\/38ppp.de\/auslandsjuliahr\/wp-content\/uploads\/sites\/17\/2021\/06\/cropped-8D94E3D3-BA45-473F-8423-E5E6D3BEDBE1-scaled-1-1194x1536.jpg 1194w, https:\/\/38ppp.de\/auslandsjuliahr\/wp-content\/uploads\/sites\/17\/2021\/06\/cropped-8D94E3D3-BA45-473F-8423-E5E6D3BEDBE1-scaled-1-1592x2048.jpg 1592w\" sizes=\"auto, (max-width: 1919px) 100vw, 1919px\" \/>\n                      <div class=\"h-image__frame h-hide-lg h-hide-md h-hide-sm style-280-frameImage style-local-82-c8-frameImage\"><\/div>\n                    <\/div>\n                  <\/div>\n                <\/div>\n              <\/div>\n            <\/div>\n          <\/div>\n        <\/div>\n      <\/div>\n      <div data-colibri-id=\"82-c9\" class=\"h-row-container gutters-row-lg-2 gutters-row-md-2 gutters-row-0 gutters-row-v-lg-2 gutters-row-v-md-2 gutters-row-v-2 style-276 style-local-82-c9 position-relative\">\n        \n        <div class=\"h-row justify-content-lg-center justify-content-md-center justify-content-center align-items-lg-stretch align-items-md-stretch align-items-stretch gutters-col-lg-2 gutters-col-md-2 gutters-col-0 gutters-col-v-lg-2 gutters-col-v-md-2 gutters-col-v-2\">\n          \n          <div class=\"h-column h-column-container d-flex h-col-lg-auto h-col-md-auto h-col-auto style-277-outer style-local-82-c10-outer\">\n            <div data-colibri-id=\"82-c10\" class=\"d-flex h-flex-basis h-column__inner h-px-lg-2 h-px-md-2 h-px-2 v-inner-lg-2 v-inner-md-2 v-inner-2 style-277 style-local-82-c10 position-relative\">\n              \n              \n              <div class=\"w-100 h-y-container h-column__content h-column__v-align flex-basis-100 align-self-lg-start align-self-md-start align-self-start\">\n                \n                <div data-colibri-id=\"82-c11\" class=\"h-text h-text-component style-281 style-local-82-c11 position-relative h-element\">\n                  \n                  \n                  <div class=\"\">\n                    <p>Mein Name ist Julia, ich bin 21 Jahre alt und habe im Juli letzten Jahres meine Ausbildung zur Fremdsprachenkorrespondentin abgeschlossen. Nach der verfr\u00fchten Absage des 37. PPPs bin ich dann recht spontan (genauer gesagt innerhalb\n                      einer Woche) aus dem bescheidenen S\u00fcdth\u00fcringen nach England gezogen, um dort meinen BA (Hons) International Business Communication zu machen. Nichtsdestotrotz habe ich mich erneut f\u00fcr das Parlamentarische Patenschafts-Programm beworben\n                      und wurde noch einmal nominiert. <\/p>\n                    <p>Bisher war ich noch nicht in den USA und erhoffe mir deshalb durch das Programm Einblicke in die dortige Kultur, Gesellschaft und allgemein den ber\u00fchmten &#8222;American way of life&#8220; (oder eben auch anders) zu erhalten.&nbsp;<\/p>\n                    <p>In den kommenden Monaten werde ich hier in diesem Blog meine Erfahrungen teilen, sowie das Programm etwas n\u00e4her vorstellen.&nbsp;<\/p>\n                    <p>Wenn ihr also miterleben wollt, wann sich mein &#8222;wotah&#8220; in &#8222;water&#8220; verwandelt, dann bleibt dabei! \ud83d\ude42&nbsp;<\/p>\n                    <p>\n                      <br>\n                    <\/p>\n                    <p>Stay safe and take care xx<\/p>\n                    <p>\n                      <br>\n                    <\/p>\n                    <p>\n                      <br>\n                    <\/p>\n                    <p>\n                      <br>\n                    <\/p>\n                    <p>\n                      <br>\n                    <\/p>\n                  <\/div>\n                <\/div>\n              <\/div>\n            <\/div>\n          <\/div>\n        <\/div>\n      <\/div>\n    <\/div>\n  <\/div>\n<\/div>","protected":false},"excerpt":{"rendered":"<p>Hallihallo Mein Name ist Julia, ich bin 21 Jahre alt und habe im Juli letzten Jahres meine Ausbildung zur Fremdsprachenkorrespondentin abgeschlossen. Nach der verfr\u00fchten Absage des 37. PPPs bin ich dann recht spontan (genauer gesagt innerhalb einer Woche) aus dem bescheidenen S\u00fcdth\u00fcringen nach England gezogen, um dort meinen BA (Hons) International Business Communication zu machen. [&hellip;]<\/p>\n","protected":false},"author":17,"featured_media":0,"parent":0,"menu_order":0,"comment_status":"closed","ping_status":"closed","template":"page-templates\/full-width-page.php","meta":{"_themeisle_gutenberg_block_has_review":false,"footnotes":"","_links_to":"","_links_to_target":""},"class_list":["post-82","page","type-page","status-publish","hentry"],"yoast_head":"<!-- This site is optimized with the Yoast SEO plugin v26.8 - https:\/\/yoast.com\/product\/yoast-seo-wordpress\/ -->\n<title>About Me - AuslandsJuliahr - ein PPP in den USA<\/title>\n<meta name=\"robots\" content=\"index, follow, max-snippet:-1, max-image-preview:large, max-video-preview:-1\" \/>\n<link rel=\"canonical\" href=\"https:\/\/38ppp.de\/auslandsjuliahr\/about-me\/\" \/>\n<meta property=\"og:locale\" content=\"de_DE\" \/>\n<meta property=\"og:type\" content=\"article\" \/>\n<meta property=\"og:title\" content=\"About Me - AuslandsJuliahr - ein PPP in den USA\" \/>\n<meta property=\"og:description\" content=\"Hallihallo Mein Name ist Julia, ich bin 21 Jahre alt und habe im Juli letzten Jahres meine Ausbildung zur Fremdsprachenkorrespondentin abgeschlossen. Nach der verfr\u00fchten Absage des 37. PPPs bin ich dann recht spontan (genauer gesagt innerhalb einer Woche) aus dem bescheidenen S\u00fcdth\u00fcringen nach England gezogen, um dort meinen BA (Hons) International Business Communication zu machen. [&hellip;]\" \/>\n<meta property=\"og:url\" content=\"https:\/\/38ppp.de\/auslandsjuliahr\/about-me\/\" \/>\n<meta property=\"og:site_name\" content=\"AuslandsJuliahr - ein PPP in den USA\" \/>\n<meta property=\"article:modified_time\" content=\"2021-08-03T12:25:07+00:00\" \/>\n<meta property=\"og:image\" content=\"http:\/\/38ppp.de\/auslandsjuliahr\/wp-content\/uploads\/sites\/17\/2021\/06\/cropped-8D94E3D3-BA45-473F-8423-E5E6D3BEDBE1-scaled-1.jpg\" \/>\n<meta name=\"twitter:card\" content=\"summary_large_image\" \/>\n<meta name=\"twitter:label1\" content=\"Gesch\u00e4tzte Lesezeit\" \/>\n\t<meta name=\"twitter:data1\" content=\"1\u00a0Minute\" \/>\n<script type=\"application\/ld+json\" class=\"yoast-schema-graph\">{\"@context\":\"https:\/\/schema.org\",\"@graph\":[{\"@type\":\"WebPage\",\"@id\":\"https:\/\/38ppp.de\/auslandsjuliahr\/about-me\/\",\"url\":\"https:\/\/38ppp.de\/auslandsjuliahr\/about-me\/\",\"name\":\"About Me - AuslandsJuliahr - ein PPP in den USA\",\"isPartOf\":{\"@id\":\"https:\/\/38ppp.de\/auslandsjuliahr\/#website\"},\"primaryImageOfPage\":{\"@id\":\"https:\/\/38ppp.de\/auslandsjuliahr\/about-me\/#primaryimage\"},\"image\":{\"@id\":\"https:\/\/38ppp.de\/auslandsjuliahr\/about-me\/#primaryimage\"},\"thumbnailUrl\":\"http:\/\/38ppp.de\/auslandsjuliahr\/wp-content\/uploads\/sites\/17\/2021\/06\/cropped-8D94E3D3-BA45-473F-8423-E5E6D3BEDBE1-scaled-1.jpg\",\"datePublished\":\"2021-06-20T13:55:36+00:00\",\"dateModified\":\"2021-08-03T12:25:07+00:00\",\"breadcrumb\":{\"@id\":\"https:\/\/38ppp.de\/auslandsjuliahr\/about-me\/#breadcrumb\"},\"inLanguage\":\"de\",\"potentialAction\":[{\"@type\":\"ReadAction\",\"target\":[\"https:\/\/38ppp.de\/auslandsjuliahr\/about-me\/\"]}]},{\"@type\":\"ImageObject\",\"inLanguage\":\"de\",\"@id\":\"https:\/\/38ppp.de\/auslandsjuliahr\/about-me\/#primaryimage\",\"url\":\"http:\/\/38ppp.de\/auslandsjuliahr\/wp-content\/uploads\/sites\/17\/2021\/06\/cropped-8D94E3D3-BA45-473F-8423-E5E6D3BEDBE1-scaled-1.jpg\",\"contentUrl\":\"http:\/\/38ppp.de\/auslandsjuliahr\/wp-content\/uploads\/sites\/17\/2021\/06\/cropped-8D94E3D3-BA45-473F-8423-E5E6D3BEDBE1-scaled-1.jpg\"},{\"@type\":\"BreadcrumbList\",\"@id\":\"https:\/\/38ppp.de\/auslandsjuliahr\/about-me\/#breadcrumb\",\"itemListElement\":[{\"@type\":\"ListItem\",\"position\":1,\"name\":\"Startseite\",\"item\":\"https:\/\/38ppp.de\/auslandsjuliahr\/\"},{\"@type\":\"ListItem\",\"position\":2,\"name\":\"About Me\"}]},{\"@type\":\"WebSite\",\"@id\":\"https:\/\/38ppp.de\/auslandsjuliahr\/#website\",\"url\":\"https:\/\/38ppp.de\/auslandsjuliahr\/\",\"name\":\"AuslandsJuliahr - ein PPP in den USA\",\"description\":\"Eine weitere 38. Parlamentarisches Patenschafts-Programm Websites Website\",\"publisher\":{\"@id\":\"https:\/\/38ppp.de\/auslandsjuliahr\/#organization\"},\"potentialAction\":[{\"@type\":\"SearchAction\",\"target\":{\"@type\":\"EntryPoint\",\"urlTemplate\":\"https:\/\/38ppp.de\/auslandsjuliahr\/?s={search_term_string}\"},\"query-input\":{\"@type\":\"PropertyValueSpecification\",\"valueRequired\":true,\"valueName\":\"search_term_string\"}}],\"inLanguage\":\"de\"},{\"@type\":\"Organization\",\"@id\":\"https:\/\/38ppp.de\/auslandsjuliahr\/#organization\",\"name\":\"AuslandsJuliahr - ein PPP in den USA\",\"url\":\"https:\/\/38ppp.de\/auslandsjuliahr\/\",\"logo\":{\"@type\":\"ImageObject\",\"inLanguage\":\"de\",\"@id\":\"https:\/\/38ppp.de\/auslandsjuliahr\/#\/schema\/logo\/image\/\",\"url\":\"https:\/\/38ppp.de\/auslandsjuliahr\/wp-content\/uploads\/sites\/17\/2021\/06\/cropped-Screenshot-2021-06-20-at-15.26.07.png\",\"contentUrl\":\"https:\/\/38ppp.de\/auslandsjuliahr\/wp-content\/uploads\/sites\/17\/2021\/06\/cropped-Screenshot-2021-06-20-at-15.26.07.png\",\"width\":831,\"height\":831,\"caption\":\"AuslandsJuliahr - ein PPP in den USA\"},\"image\":{\"@id\":\"https:\/\/38ppp.de\/auslandsjuliahr\/#\/schema\/logo\/image\/\"}}]}<\/script>\n<!-- \/ Yoast SEO plugin. -->","yoast_head_json":{"title":"About Me - AuslandsJuliahr - ein PPP in den USA","robots":{"index":"index","follow":"follow","max-snippet":"max-snippet:-1","max-image-preview":"max-image-preview:large","max-video-preview":"max-video-preview:-1"},"canonical":"https:\/\/38ppp.de\/auslandsjuliahr\/about-me\/","og_locale":"de_DE","og_type":"article","og_title":"About Me - AuslandsJuliahr - ein PPP in den USA","og_description":"Hallihallo Mein Name ist Julia, ich bin 21 Jahre alt und habe im Juli letzten Jahres meine Ausbildung zur Fremdsprachenkorrespondentin abgeschlossen. Nach der verfr\u00fchten Absage des 37. PPPs bin ich dann recht spontan (genauer gesagt innerhalb einer Woche) aus dem bescheidenen S\u00fcdth\u00fcringen nach England gezogen, um dort meinen BA (Hons) International Business Communication zu machen. [&hellip;]","og_url":"https:\/\/38ppp.de\/auslandsjuliahr\/about-me\/","og_site_name":"AuslandsJuliahr - ein PPP in den USA","article_modified_time":"2021-08-03T12:25:07+00:00","og_image":[{"url":"http:\/\/38ppp.de\/auslandsjuliahr\/wp-content\/uploads\/sites\/17\/2021\/06\/cropped-8D94E3D3-BA45-473F-8423-E5E6D3BEDBE1-scaled-1.jpg","type":"","width":"","height":""}],"twitter_card":"summary_large_image","twitter_misc":{"Gesch\u00e4tzte Lesezeit":"1\u00a0Minute"},"schema":{"@context":"https:\/\/schema.org","@graph":[{"@type":"WebPage","@id":"https:\/\/38ppp.de\/auslandsjuliahr\/about-me\/","url":"https:\/\/38ppp.de\/auslandsjuliahr\/about-me\/","name":"About Me - AuslandsJuliahr - ein PPP in den USA","isPartOf":{"@id":"https:\/\/38ppp.de\/auslandsjuliahr\/#website"},"primaryImageOfPage":{"@id":"https:\/\/38ppp.de\/auslandsjuliahr\/about-me\/#primaryimage"},"image":{"@id":"https:\/\/38ppp.de\/auslandsjuliahr\/about-me\/#primaryimage"},"thumbnailUrl":"http:\/\/38ppp.de\/auslandsjuliahr\/wp-content\/uploads\/sites\/17\/2021\/06\/cropped-8D94E3D3-BA45-473F-8423-E5E6D3BEDBE1-scaled-1.jpg","datePublished":"2021-06-20T13:55:36+00:00","dateModified":"2021-08-03T12:25:07+00:00","breadcrumb":{"@id":"https:\/\/38ppp.de\/auslandsjuliahr\/about-me\/#breadcrumb"},"inLanguage":"de","potentialAction":[{"@type":"ReadAction","target":["https:\/\/38ppp.de\/auslandsjuliahr\/about-me\/"]}]},{"@type":"ImageObject","inLanguage":"de","@id":"https:\/\/38ppp.de\/auslandsjuliahr\/about-me\/#primaryimage","url":"http:\/\/38ppp.de\/auslandsjuliahr\/wp-content\/uploads\/sites\/17\/2021\/06\/cropped-8D94E3D3-BA45-473F-8423-E5E6D3BEDBE1-scaled-1.jpg","contentUrl":"http:\/\/38ppp.de\/auslandsjuliahr\/wp-content\/uploads\/sites\/17\/2021\/06\/cropped-8D94E3D3-BA45-473F-8423-E5E6D3BEDBE1-scaled-1.jpg"},{"@type":"BreadcrumbList","@id":"https:\/\/38ppp.de\/auslandsjuliahr\/about-me\/#breadcrumb","itemListElement":[{"@type":"ListItem","position":1,"name":"Startseite","item":"https:\/\/38ppp.de\/auslandsjuliahr\/"},{"@type":"ListItem","position":2,"name":"About Me"}]},{"@type":"WebSite","@id":"https:\/\/38ppp.de\/auslandsjuliahr\/#website","url":"https:\/\/38ppp.de\/auslandsjuliahr\/","name":"AuslandsJuliahr - ein PPP in den USA","description":"Eine weitere 38. Parlamentarisches Patenschafts-Programm Websites Website","publisher":{"@id":"https:\/\/38ppp.de\/auslandsjuliahr\/#organization"},"potentialAction":[{"@type":"SearchAction","target":{"@type":"EntryPoint","urlTemplate":"https:\/\/38ppp.de\/auslandsjuliahr\/?s={search_term_string}"},"query-input":{"@type":"PropertyValueSpecification","valueRequired":true,"valueName":"search_term_string"}}],"inLanguage":"de"},{"@type":"Organization","@id":"https:\/\/38ppp.de\/auslandsjuliahr\/#organization","name":"AuslandsJuliahr - ein PPP in den USA","url":"https:\/\/38ppp.de\/auslandsjuliahr\/","logo":{"@type":"ImageObject","inLanguage":"de","@id":"https:\/\/38ppp.de\/auslandsjuliahr\/#\/schema\/logo\/image\/","url":"https:\/\/38ppp.de\/auslandsjuliahr\/wp-content\/uploads\/sites\/17\/2021\/06\/cropped-Screenshot-2021-06-20-at-15.26.07.png","contentUrl":"https:\/\/38ppp.de\/auslandsjuliahr\/wp-content\/uploads\/sites\/17\/2021\/06\/cropped-Screenshot-2021-06-20-at-15.26.07.png","width":831,"height":831,"caption":"AuslandsJuliahr - ein PPP in den USA"},"image":{"@id":"https:\/\/38ppp.de\/auslandsjuliahr\/#\/schema\/logo\/image\/"}}]}},"_links":{"self":[{"href":"https:\/\/38ppp.de\/auslandsjuliahr\/wp-json\/wp\/v2\/pages\/82","targetHints":{"allow":["GET"]}}],"collection":[{"href":"https:\/\/38ppp.de\/auslandsjuliahr\/wp-json\/wp\/v2\/pages"}],"about":[{"href":"https:\/\/38ppp.de\/auslandsjuliahr\/wp-json\/wp\/v2\/types\/page"}],"author":[{"embeddable":true,"href":"https:\/\/38ppp.de\/auslandsjuliahr\/wp-json\/wp\/v2\/users\/17"}],"replies":[{"embeddable":true,"href":"https:\/\/38ppp.de\/auslandsjuliahr\/wp-json\/wp\/v2\/comments?post=82"}],"version-history":[{"count":6,"href":"https:\/\/38ppp.de\/auslandsjuliahr\/wp-json\/wp\/v2\/pages\/82\/revisions"}],"predecessor-version":[{"id":182,"href":"https:\/\/38ppp.de\/auslandsjuliahr\/wp-json\/wp\/v2\/pages\/82\/revisions\/182"}],"wp:attachment":[{"href":"https:\/\/38ppp.de\/auslandsjuliahr\/wp-json\/wp\/v2\/media?parent=82"}],"curies":[{"name":"wp","href":"https:\/\/api.w.org\/{rel}","templated":true}]}}