{"id":7,"date":"2021-06-20T18:00:00","date_gmt":"2021-06-20T16:00:00","guid":{"rendered":"https:\/\/38ppp.de\/alexintheusa\/?page_id=7"},"modified":"2021-06-20T21:48:54","modified_gmt":"2021-06-20T19:48:54","slug":"alex-thats-me","status":"publish","type":"page","link":"https:\/\/38ppp.de\/alexintheusa\/alex-thats-me\/","title":{"rendered":"Alex? &#8211; That\u00b4s me!"},"content":{"rendered":"\n<p>Ich bin Alex (einige wenige sagen auch Alexander \ud83d\ude09 ) und bin 21 Jahre alt. Ich komme aus dem &#8222;Land der tausend Berge&#8220; &#8211; dem Sauerland! Um genau zu sein komme ich aus Neheim. Nach meinem Abitur habe ich eine Ausbildung zum Industriekaufmann gemacht und diese im Januar auch erfolgreich abgeschlossen. In meiner Freizeit bin ich vor allem politisch innerhalb der FDP aktiv, unterst\u00fctze die Jugendkompanie des J\u00e4gervereins und reise gerne. Au\u00dferdem bin ich ein gro\u00dfer Fu\u00dfballfan (die Farbe Gelb ist anscheinend durchgehend vorhanden :D) und American-Football-Begeisterter! Am 10. August geht es f\u00fcr mich und meine 74 Mitstipendiaten von Frankfurt aus nach Washington<\/p>\n\n\n\n<div class=\"wp-block-image\"><figure class=\"aligncenter size-large is-resized\"><img loading=\"lazy\" decoding=\"async\" src=\"http:\/\/38ppp.de\/alexintheusa\/wp-content\/uploads\/sites\/21\/2021\/06\/7188CA12-ECBF-4CC7-A36E-FDA40505EE93-819x1024.jpeg\" alt=\"\" class=\"wp-image-17\" width=\"376\" height=\"469\" srcset=\"https:\/\/38ppp.de\/alexintheusa\/wp-content\/uploads\/sites\/21\/2021\/06\/7188CA12-ECBF-4CC7-A36E-FDA40505EE93-819x1024.jpeg 819w, https:\/\/38ppp.de\/alexintheusa\/wp-content\/uploads\/sites\/21\/2021\/06\/7188CA12-ECBF-4CC7-A36E-FDA40505EE93-240x300.jpeg 240w, https:\/\/38ppp.de\/alexintheusa\/wp-content\/uploads\/sites\/21\/2021\/06\/7188CA12-ECBF-4CC7-A36E-FDA40505EE93-768x960.jpeg 768w, https:\/\/38ppp.de\/alexintheusa\/wp-content\/uploads\/sites\/21\/2021\/06\/7188CA12-ECBF-4CC7-A36E-FDA40505EE93-1229x1536.jpeg 1229w, https:\/\/38ppp.de\/alexintheusa\/wp-content\/uploads\/sites\/21\/2021\/06\/7188CA12-ECBF-4CC7-A36E-FDA40505EE93.jpeg 1280w\" sizes=\"auto, (max-width: 376px) 100vw, 376px\" \/><\/figure><\/div>\n\n\n\n<p>Vorab m\u00f6chte ich mich herzlich bei meinem Patenabgeordneten <a href=\"https:\/\/dirkwiese.de\">Herrn MdB Dirk Wiese<\/a> bedanken, welcher mir die M\u00f6glichkeit gab die USA besser kennenzulernen.<\/p>\n\n\n\n<p style=\"line-height:1.5\">Aber eins nach dem anderen!<\/p>\n\n\n\n<p>Eigentlich habe ich nach einer M\u00f6glichkeit gesucht w\u00e4hrend meiner Ausbildung ein Praktikum im Ausland machen zu k\u00f6nnen. Irgendwie bin ich dann nach stundenlanger Suche auf die Bundestagsseite des PPP gekommen (Danke Google-Algorithmus!). Auch wenn ich w\u00e4hrend meiner Ausbildung aus verschiedenen Gr\u00fcnden nicht eine Zeit ins Ausland konnte, hat sich die Sucherei und die Arbeit doch gelohnt! So war ich schon im Sommer 2019 vom PPP angefixt.<\/p>\n","protected":false},"excerpt":{"rendered":"<p>Ich bin Alex (einige wenige sagen auch Alexander \ud83d\ude09 ) und bin 21 Jahre alt. Ich komme aus dem &#8222;Land der tausend Berge&#8220; &#8211; dem Sauerland! Um genau zu sein komme ich aus Neheim. Nach meinem Abitur habe ich eine Ausbildung zum Industriekaufmann gemacht und diese im Januar auch erfolgreich abgeschlossen. In meiner Freizeit bin [&hellip;]<\/p>\n","protected":false},"author":21,"featured_media":0,"parent":0,"menu_order":0,"comment_status":"closed","ping_status":"closed","template":"","meta":{"_themeisle_gutenberg_block_has_review":false,"footnotes":"","_links_to":"","_links_to_target":""},"class_list":["post-7","page","type-page","status-publish","hentry"],"yoast_head":"<!-- This site is optimized with the Yoast SEO plugin v26.8 - https:\/\/yoast.com\/product\/yoast-seo-wordpress\/ -->\n<title>Alex? - That\u00b4s me! Alex in the USA % - Alex in the USA<\/title>\n<meta name=\"robots\" content=\"index, follow, max-snippet:-1, max-image-preview:large, max-video-preview:-1\" \/>\n<link rel=\"canonical\" href=\"https:\/\/38ppp.de\/alexintheusa\/alex-thats-me\/\" \/>\n<meta property=\"og:locale\" content=\"de_DE\" \/>\n<meta property=\"og:type\" content=\"article\" \/>\n<meta property=\"og:title\" content=\"Alex? - That\u00b4s me! Alex in the USA % - Alex in the USA\" \/>\n<meta property=\"og:description\" content=\"Ich bin Alex (einige wenige sagen auch Alexander \ud83d\ude09 ) und bin 21 Jahre alt. Ich komme aus dem &#8222;Land der tausend Berge&#8220; &#8211; dem Sauerland! Um genau zu sein komme ich aus Neheim. Nach meinem Abitur habe ich eine Ausbildung zum Industriekaufmann gemacht und diese im Januar auch erfolgreich abgeschlossen. In meiner Freizeit bin [&hellip;]\" \/>\n<meta property=\"og:url\" content=\"https:\/\/38ppp.de\/alexintheusa\/alex-thats-me\/\" \/>\n<meta property=\"og:site_name\" content=\"Alex in the USA\" \/>\n<meta property=\"article:modified_time\" content=\"2021-06-20T19:48:54+00:00\" \/>\n<meta property=\"og:image\" content=\"http:\/\/38ppp.de\/alexintheusa\/wp-content\/uploads\/sites\/21\/2021\/06\/7188CA12-ECBF-4CC7-A36E-FDA40505EE93-819x1024.jpeg\" \/>\n<meta name=\"twitter:card\" content=\"summary_large_image\" \/>\n<meta name=\"twitter:label1\" content=\"Gesch\u00e4tzte Lesezeit\" \/>\n\t<meta name=\"twitter:data1\" content=\"2\u00a0Minuten\" \/>\n<script type=\"application\/ld+json\" class=\"yoast-schema-graph\">{\"@context\":\"https:\/\/schema.org\",\"@graph\":[{\"@type\":\"WebPage\",\"@id\":\"https:\/\/38ppp.de\/alexintheusa\/alex-thats-me\/\",\"url\":\"https:\/\/38ppp.de\/alexintheusa\/alex-thats-me\/\",\"name\":\"Alex? - That\u00b4s me! Alex in the USA % - Alex in the USA\",\"isPartOf\":{\"@id\":\"https:\/\/38ppp.de\/alexintheusa\/#website\"},\"primaryImageOfPage\":{\"@id\":\"https:\/\/38ppp.de\/alexintheusa\/alex-thats-me\/#primaryimage\"},\"image\":{\"@id\":\"https:\/\/38ppp.de\/alexintheusa\/alex-thats-me\/#primaryimage\"},\"thumbnailUrl\":\"http:\/\/38ppp.de\/alexintheusa\/wp-content\/uploads\/sites\/21\/2021\/06\/7188CA12-ECBF-4CC7-A36E-FDA40505EE93-819x1024.jpeg\",\"datePublished\":\"2021-06-20T16:00:00+00:00\",\"dateModified\":\"2021-06-20T19:48:54+00:00\",\"breadcrumb\":{\"@id\":\"https:\/\/38ppp.de\/alexintheusa\/alex-thats-me\/#breadcrumb\"},\"inLanguage\":\"de\",\"potentialAction\":[{\"@type\":\"ReadAction\",\"target\":[\"https:\/\/38ppp.de\/alexintheusa\/alex-thats-me\/\"]}]},{\"@type\":\"ImageObject\",\"inLanguage\":\"de\",\"@id\":\"https:\/\/38ppp.de\/alexintheusa\/alex-thats-me\/#primaryimage\",\"url\":\"http:\/\/38ppp.de\/alexintheusa\/wp-content\/uploads\/sites\/21\/2021\/06\/7188CA12-ECBF-4CC7-A36E-FDA40505EE93-819x1024.jpeg\",\"contentUrl\":\"http:\/\/38ppp.de\/alexintheusa\/wp-content\/uploads\/sites\/21\/2021\/06\/7188CA12-ECBF-4CC7-A36E-FDA40505EE93-819x1024.jpeg\"},{\"@type\":\"BreadcrumbList\",\"@id\":\"https:\/\/38ppp.de\/alexintheusa\/alex-thats-me\/#breadcrumb\",\"itemListElement\":[{\"@type\":\"ListItem\",\"position\":1,\"name\":\"Startseite\",\"item\":\"https:\/\/38ppp.de\/alexintheusa\/\"},{\"@type\":\"ListItem\",\"position\":2,\"name\":\"Alex? &#8211; That\u00b4s me!\"}]},{\"@type\":\"WebSite\",\"@id\":\"https:\/\/38ppp.de\/alexintheusa\/#website\",\"url\":\"https:\/\/38ppp.de\/alexintheusa\/\",\"name\":\"Alex in the USA\",\"description\":\"Ein Sauerl\u00e4nder in den USA\",\"potentialAction\":[{\"@type\":\"SearchAction\",\"target\":{\"@type\":\"EntryPoint\",\"urlTemplate\":\"https:\/\/38ppp.de\/alexintheusa\/?s={search_term_string}\"},\"query-input\":{\"@type\":\"PropertyValueSpecification\",\"valueRequired\":true,\"valueName\":\"search_term_string\"}}],\"inLanguage\":\"de\"}]}<\/script>\n<!-- \/ Yoast SEO plugin. -->","yoast_head_json":{"title":"Alex? - That\u00b4s me! Alex in the USA % - Alex in the USA","robots":{"index":"index","follow":"follow","max-snippet":"max-snippet:-1","max-image-preview":"max-image-preview:large","max-video-preview":"max-video-preview:-1"},"canonical":"https:\/\/38ppp.de\/alexintheusa\/alex-thats-me\/","og_locale":"de_DE","og_type":"article","og_title":"Alex? - That\u00b4s me! Alex in the USA % - Alex in the USA","og_description":"Ich bin Alex (einige wenige sagen auch Alexander \ud83d\ude09 ) und bin 21 Jahre alt. Ich komme aus dem &#8222;Land der tausend Berge&#8220; &#8211; dem Sauerland! Um genau zu sein komme ich aus Neheim. Nach meinem Abitur habe ich eine Ausbildung zum Industriekaufmann gemacht und diese im Januar auch erfolgreich abgeschlossen. In meiner Freizeit bin [&hellip;]","og_url":"https:\/\/38ppp.de\/alexintheusa\/alex-thats-me\/","og_site_name":"Alex in the USA","article_modified_time":"2021-06-20T19:48:54+00:00","og_image":[{"url":"http:\/\/38ppp.de\/alexintheusa\/wp-content\/uploads\/sites\/21\/2021\/06\/7188CA12-ECBF-4CC7-A36E-FDA40505EE93-819x1024.jpeg","type":"","width":"","height":""}],"twitter_card":"summary_large_image","twitter_misc":{"Gesch\u00e4tzte Lesezeit":"2\u00a0Minuten"},"schema":{"@context":"https:\/\/schema.org","@graph":[{"@type":"WebPage","@id":"https:\/\/38ppp.de\/alexintheusa\/alex-thats-me\/","url":"https:\/\/38ppp.de\/alexintheusa\/alex-thats-me\/","name":"Alex? - That\u00b4s me! Alex in the USA % - Alex in the USA","isPartOf":{"@id":"https:\/\/38ppp.de\/alexintheusa\/#website"},"primaryImageOfPage":{"@id":"https:\/\/38ppp.de\/alexintheusa\/alex-thats-me\/#primaryimage"},"image":{"@id":"https:\/\/38ppp.de\/alexintheusa\/alex-thats-me\/#primaryimage"},"thumbnailUrl":"http:\/\/38ppp.de\/alexintheusa\/wp-content\/uploads\/sites\/21\/2021\/06\/7188CA12-ECBF-4CC7-A36E-FDA40505EE93-819x1024.jpeg","datePublished":"2021-06-20T16:00:00+00:00","dateModified":"2021-06-20T19:48:54+00:00","breadcrumb":{"@id":"https:\/\/38ppp.de\/alexintheusa\/alex-thats-me\/#breadcrumb"},"inLanguage":"de","potentialAction":[{"@type":"ReadAction","target":["https:\/\/38ppp.de\/alexintheusa\/alex-thats-me\/"]}]},{"@type":"ImageObject","inLanguage":"de","@id":"https:\/\/38ppp.de\/alexintheusa\/alex-thats-me\/#primaryimage","url":"http:\/\/38ppp.de\/alexintheusa\/wp-content\/uploads\/sites\/21\/2021\/06\/7188CA12-ECBF-4CC7-A36E-FDA40505EE93-819x1024.jpeg","contentUrl":"http:\/\/38ppp.de\/alexintheusa\/wp-content\/uploads\/sites\/21\/2021\/06\/7188CA12-ECBF-4CC7-A36E-FDA40505EE93-819x1024.jpeg"},{"@type":"BreadcrumbList","@id":"https:\/\/38ppp.de\/alexintheusa\/alex-thats-me\/#breadcrumb","itemListElement":[{"@type":"ListItem","position":1,"name":"Startseite","item":"https:\/\/38ppp.de\/alexintheusa\/"},{"@type":"ListItem","position":2,"name":"Alex? &#8211; That\u00b4s me!"}]},{"@type":"WebSite","@id":"https:\/\/38ppp.de\/alexintheusa\/#website","url":"https:\/\/38ppp.de\/alexintheusa\/","name":"Alex in the USA","description":"Ein Sauerl\u00e4nder in den USA","potentialAction":[{"@type":"SearchAction","target":{"@type":"EntryPoint","urlTemplate":"https:\/\/38ppp.de\/alexintheusa\/?s={search_term_string}"},"query-input":{"@type":"PropertyValueSpecification","valueRequired":true,"valueName":"search_term_string"}}],"inLanguage":"de"}]}},"_links":{"self":[{"href":"https:\/\/38ppp.de\/alexintheusa\/wp-json\/wp\/v2\/pages\/7","targetHints":{"allow":["GET"]}}],"collection":[{"href":"https:\/\/38ppp.de\/alexintheusa\/wp-json\/wp\/v2\/pages"}],"about":[{"href":"https:\/\/38ppp.de\/alexintheusa\/wp-json\/wp\/v2\/types\/page"}],"author":[{"embeddable":true,"href":"https:\/\/38ppp.de\/alexintheusa\/wp-json\/wp\/v2\/users\/21"}],"replies":[{"embeddable":true,"href":"https:\/\/38ppp.de\/alexintheusa\/wp-json\/wp\/v2\/comments?post=7"}],"version-history":[{"count":8,"href":"https:\/\/38ppp.de\/alexintheusa\/wp-json\/wp\/v2\/pages\/7\/revisions"}],"predecessor-version":[{"id":29,"href":"https:\/\/38ppp.de\/alexintheusa\/wp-json\/wp\/v2\/pages\/7\/revisions\/29"}],"wp:attachment":[{"href":"https:\/\/38ppp.de\/alexintheusa\/wp-json\/wp\/v2\/media?parent=7"}],"curies":[{"name":"wp","href":"https:\/\/api.w.org\/{rel}","templated":true}]}}